{"id":25358,"date":"2022-12-09T17:50:35","date_gmt":"2022-12-09T14:50:35","guid":{"rendered":"https:\/\/hisaronuziraat.com\/site\/?post_type=product&amp;p=25358"},"modified":"2025-06-09T15:48:22","modified_gmt":"2025-06-09T12:48:22","slug":"cigdem-mor-1-adet","status":"publish","type":"product","link":"https:\/\/hisaronuziraat.com\/index.php\/urun\/cigdem-mor-1-adet\/","title":{"rendered":"\u00c7i\u011fdem Mor 1 adet"},"content":{"rendered":"<p>Mor Renkli, \u00c7ok Y\u0131ll\u0131k<\/p>\n<p>Evlerinize, bah\u00e7elerinize renk katacak resitaller sunmak i\u00e7in sizlerde ailenizle birlikte balkonunuzu ve evinizin bah\u00e7esini rengarenk s\u00fcsleyebilirsiniz. \u00c7i\u011fdem so\u011fanlar\u0131n\u0131n dikimi ve yeti\u015ftiricili\u011fi olduk\u00e7a kolayd\u0131r. Sonbahar ay\u0131 ile birlikte ekmi\u015f oldu\u011funuz so\u011fanlar birbirinden g\u00fczel \u00e7i\u00e7ekler a\u00e7ar. \u00c7i\u011fdem so\u011fanlar\u0131 gelecek y\u0131l \u00e7i\u00e7ek a\u00e7mas\u0131 i\u00e7in \u00e7i\u00e7ekleri kurumaya ba\u015flad\u0131\u011f\u0131nda keserek gelecek y\u0131l tekrar a\u00e7mas\u0131na yard\u0131mc\u0131 olabilirsiniz.<\/p>\n<p>Renk: Mor<\/p>\n<p>Kalibre: 5-7<\/p>\n<p>\u00dcr\u00fcn Latince Ad\u0131: Crocus<\/p>\n<p>Ekim Zaman\u0131: Ekim-Mart<\/p>\n<p>Dikim Mesafesi: 12-15 cm<\/p>\n<p>Dikim Yerleri: Bah\u00e7e ve Saks\u0131<\/p>\n<p>So\u011fanlar sizlere geldi\u011finde k\u0131sa s\u00fcrede ekimini yapmayacaksan\u0131z serin bir ortamda muhafaza ediniz.<\/p>\n<p>\u00c7i\u00e7ek so\u011fanlar\u0131n\u0131n dikimi kolay olmas\u0131 ile birlikte baz\u0131 dikkat edilmesi hususlar \u015funlard\u0131r;<\/p>\n<p>\u00c7i\u011fdem so\u011fanlar\u0131n\u0131n dikim derinli\u011fini belirlerken so\u011fan\u0131n iki kat\u0131 derinli\u011fe dikilmelidir.<br \/>\n\u00c7i\u011fdem so\u011fanlar\u0131n u\u00e7 k\u0131sm\u0131 yukar\u0131 bakacak \u015fekilde dikilmelidir.<br \/>\n\u00c7i\u00e7ek So\u011fan\u0131 Dikimi yap\u0131ld\u0131ktan sonra \u00fczeri kapat\u0131larak can suyunu hemen veriniz.<br \/>\n\u00c7i\u00e7ek So\u011fan\u0131 dikimi yapt\u0131\u011f\u0131n\u0131z yer k\u0131\u015f ay\u0131nda so\u011fuklama ihtiyac\u0131n\u0131 kar\u015f\u0131layabilece\u011fi bir yer olmas\u0131na dikkat ediniz.<br \/>\nSaks\u0131da ekim yapt\u0131ysan\u0131z so\u011fuk r\u00fczgarlar\u0131 alan bir yere koyun.<\/p>\n<p>\u00c7i\u011fdem so\u011fanlar\u0131n\u0131 ektikten hemen sonra sulama yapmal\u0131s\u0131n\u0131z.<br \/>\nToprakta ya da saks\u0131da ekimlerde toprakta bir kuruma g\u00f6rd\u00fc\u011f\u00fcn\u00fczde sulama yapman\u0131z gerekmektedir.<br \/>\n\u00c7i\u011fdemleriniz \u00e7i\u00e7ek a\u00e7maya ba\u015flad\u0131\u011f\u0131nda saks\u0131da ise \u00e7i\u00e7ek besini veya g\u00fcbre \u015ferbeti ile beslemelisiniz.<br \/>\nG\u00fcbreleme yapacaksan\u0131z \u00e7i\u00e7ek a\u00e7madan birka\u00e7 hafta \u00f6nce g\u00fcbre vermelisiniz.<\/p>\n","protected":false},"excerpt":{"rendered":"<p>Mor Renkli, \u00c7ok Y\u0131ll\u0131k Evlerinize, bah\u00e7elerinize renk katacak resitaller sunmak i\u00e7in sizlerde ailenizle birlikte balkonunuzu ve evinizin bah\u00e7esini rengarenk s\u00fcsleyebilirsiniz. \u00c7i\u011fdem so\u011fanlar\u0131n\u0131n dikimi ve yeti\u015ftiricili\u011fi olduk\u00e7a kolayd\u0131r. Sonbahar ay\u0131 ile birlikte ekmi\u015f oldu\u011funuz so\u011fanlar birbirinden g\u00fczel \u00e7i\u00e7ekler a\u00e7ar. \u00c7i\u011fdem so\u011fanlar\u0131 gelecek y\u0131l \u00e7i\u00e7ek a\u00e7mas\u0131 i\u00e7in \u00e7i\u00e7ekleri kurumaya ba\u015flad\u0131\u011f\u0131nda keserek gelecek y\u0131l tekrar a\u00e7mas\u0131na yard\u0131mc\u0131 olabilirsiniz. [&hellip;]<\/p>\n","protected":false},"featured_media":25535,"comment_status":"open","ping_status":"closed","template":"","meta":[],"product_cat":[85],"product_tag":[],"class_list":{"0":"post-25358","1":"product","2":"type-product","3":"status-publish","4":"has-post-thumbnail","6":"product_cat-cicek","7":"product_brand-atlas-lale","9":"first","10":"outofstock","11":"shipping-taxable","12":"product-type-simple"},"_links":{"self":[{"href":"https:\/\/hisaronuziraat.com\/index.php\/wp-json\/wp\/v2\/product\/25358","targetHints":{"allow":["GET"]}}],"collection":[{"href":"https:\/\/hisaronuziraat.com\/index.php\/wp-json\/wp\/v2\/product"}],"about":[{"href":"https:\/\/hisaronuziraat.com\/index.php\/wp-json\/wp\/v2\/types\/product"}],"replies":[{"embeddable":true,"href":"https:\/\/hisaronuziraat.com\/index.php\/wp-json\/wp\/v2\/comments?post=25358"}],"wp:featuredmedia":[{"embeddable":true,"href":"https:\/\/hisaronuziraat.com\/index.php\/wp-json\/wp\/v2\/media\/25535"}],"wp:attachment":[{"href":"https:\/\/hisaronuziraat.com\/index.php\/wp-json\/wp\/v2\/media?parent=25358"}],"wp:term":[{"taxonomy":"product_cat","embeddable":true,"href":"https:\/\/hisaronuziraat.com\/index.php\/wp-json\/wp\/v2\/product_cat?post=25358"},{"taxonomy":"product_tag","embeddable":true,"href":"https:\/\/hisaronuziraat.com\/index.php\/wp-json\/wp\/v2\/product_tag?post=25358"}],"curies":[{"name":"wp","href":"https:\/\/api.w.org\/{rel}","templated":true}]}}