{"id":25345,"date":"2022-12-09T17:35:05","date_gmt":"2022-12-09T14:35:05","guid":{"rendered":"https:\/\/hisaronuziraat.com\/site\/?post_type=product&#038;p=25345"},"modified":"2025-08-01T12:07:58","modified_gmt":"2025-08-01T09:07:58","slug":"sirt-pompasi-5lt","status":"publish","type":"product","link":"https:\/\/hisaronuziraat.com\/index.php\/urun\/sirt-pompasi-5lt\/","title":{"rendered":"S\u0131rt Pompas\u0131 5lt"},"content":{"rendered":"<p>Uzman 5 litrelik p\u00fclverizat\u00f6r ile ila\u00e7lama dezenfektan i\u015flemlerinizi etkin ve ba\u015far\u0131l\u0131 bir \u015fekilde ger\u00e7ekle\u015ftirebilirsiniz.<\/p>\n","protected":false},"excerpt":{"rendered":"<p>Uzman 5 litrelik p\u00fclverizat\u00f6r ile ila\u00e7lama dezenfektan i\u015flemlerinizi etkin ve ba\u015far\u0131l\u0131 bir \u015fekilde ger\u00e7ekle\u015ftirebilirsiniz.<\/p>\n","protected":false},"featured_media":25346,"comment_status":"open","ping_status":"closed","template":"","meta":[],"product_cat":[88],"product_tag":[],"class_list":{"0":"post-25345","1":"product","2":"type-product","3":"status-publish","4":"has-post-thumbnail","6":"product_cat-alet-makina","7":"product_brand-uzman","9":"first","10":"instock","11":"shipping-taxable","12":"purchasable","13":"product-type-simple"},"_links":{"self":[{"href":"https:\/\/hisaronuziraat.com\/index.php\/wp-json\/wp\/v2\/product\/25345","targetHints":{"allow":["GET"]}}],"collection":[{"href":"https:\/\/hisaronuziraat.com\/index.php\/wp-json\/wp\/v2\/product"}],"about":[{"href":"https:\/\/hisaronuziraat.com\/index.php\/wp-json\/wp\/v2\/types\/product"}],"replies":[{"embeddable":true,"href":"https:\/\/hisaronuziraat.com\/index.php\/wp-json\/wp\/v2\/comments?post=25345"}],"wp:featuredmedia":[{"embeddable":true,"href":"https:\/\/hisaronuziraat.com\/index.php\/wp-json\/wp\/v2\/media\/25346"}],"wp:attachment":[{"href":"https:\/\/hisaronuziraat.com\/index.php\/wp-json\/wp\/v2\/media?parent=25345"}],"wp:term":[{"taxonomy":"product_cat","embeddable":true,"href":"https:\/\/hisaronuziraat.com\/index.php\/wp-json\/wp\/v2\/product_cat?post=25345"},{"taxonomy":"product_tag","embeddable":true,"href":"https:\/\/hisaronuziraat.com\/index.php\/wp-json\/wp\/v2\/product_tag?post=25345"}],"curies":[{"name":"wp","href":"https:\/\/api.w.org\/{rel}","templated":true}]}}