{"id":25342,"date":"2022-12-09T17:33:22","date_gmt":"2022-12-09T14:33:22","guid":{"rendered":"https:\/\/hisaronuziraat.com\/site\/?post_type=product&#038;p=25342"},"modified":"2026-04-21T01:20:12","modified_gmt":"2026-04-20T22:20:12","slug":"sirt-pompasi-10lt","status":"publish","type":"product","link":"https:\/\/hisaronuziraat.com\/index.php\/urun\/sirt-pompasi-10lt\/","title":{"rendered":"S\u0131rt Pompas\u0131 10lt"},"content":{"rendered":"<p>Uzman 10\u00a0litrelik p\u00fclverizat\u00f6r ile ila\u00e7lama dezenfektan\u00a0i\u015flemlerinizi etkin ve ba\u015far\u0131l\u0131 bir \u015fekilde ger\u00e7ekle\u015ftirebilirsiniz.<\/p>\n","protected":false},"excerpt":{"rendered":"<p>Uzman 10\u00a0litrelik p\u00fclverizat\u00f6r ile ila\u00e7lama dezenfektan\u00a0i\u015flemlerinizi etkin ve ba\u015far\u0131l\u0131 bir \u015fekilde ger\u00e7ekle\u015ftirebilirsiniz.<\/p>\n","protected":false},"featured_media":25343,"comment_status":"open","ping_status":"closed","template":"","meta":[],"product_cat":[88],"product_tag":[],"class_list":{"0":"post-25342","1":"product","2":"type-product","3":"status-publish","4":"has-post-thumbnail","6":"product_cat-alet-makina","7":"product_brand-uzman","9":"first","10":"instock","11":"shipping-taxable","12":"purchasable","13":"product-type-simple"},"_links":{"self":[{"href":"https:\/\/hisaronuziraat.com\/index.php\/wp-json\/wp\/v2\/product\/25342","targetHints":{"allow":["GET"]}}],"collection":[{"href":"https:\/\/hisaronuziraat.com\/index.php\/wp-json\/wp\/v2\/product"}],"about":[{"href":"https:\/\/hisaronuziraat.com\/index.php\/wp-json\/wp\/v2\/types\/product"}],"replies":[{"embeddable":true,"href":"https:\/\/hisaronuziraat.com\/index.php\/wp-json\/wp\/v2\/comments?post=25342"}],"wp:featuredmedia":[{"embeddable":true,"href":"https:\/\/hisaronuziraat.com\/index.php\/wp-json\/wp\/v2\/media\/25343"}],"wp:attachment":[{"href":"https:\/\/hisaronuziraat.com\/index.php\/wp-json\/wp\/v2\/media?parent=25342"}],"wp:term":[{"taxonomy":"product_cat","embeddable":true,"href":"https:\/\/hisaronuziraat.com\/index.php\/wp-json\/wp\/v2\/product_cat?post=25342"},{"taxonomy":"product_tag","embeddable":true,"href":"https:\/\/hisaronuziraat.com\/index.php\/wp-json\/wp\/v2\/product_tag?post=25342"}],"curies":[{"name":"wp","href":"https:\/\/api.w.org\/{rel}","templated":true}]}}