{"id":25326,"date":"2022-12-09T17:20:20","date_gmt":"2022-12-09T14:20:20","guid":{"rendered":"https:\/\/hisaronuziraat.com\/site\/?post_type=product&amp;p=25326"},"modified":"2025-06-09T15:54:54","modified_gmt":"2025-06-09T12:54:54","slug":"sogan-beyaz-bilek-25gr","status":"publish","type":"product","link":"https:\/\/hisaronuziraat.com\/index.php\/urun\/sogan-beyaz-bilek-25gr\/","title":{"rendered":"So\u011fan Beyaz Bilek 25gr"},"content":{"rendered":"<p>&nbsp;<\/p>\n<ul>\n<li>Taze olarak t\u00fcketilebilen ve ba\u015f yapmayan bir so\u011fan \u00e7e\u015fididir<\/li>\n<\/ul>\n<ul>\n<li>K\u0131\u015f ve ilkbahar ekimine uygun olup so\u011fuklara kar\u015f\u0131 diren\u00e7lidir<\/li>\n<\/ul>\n<ul>\n<li>Demet yap\u0131larak sat\u0131ma uygundur<\/li>\n<\/ul>\n","protected":false},"excerpt":{"rendered":"<p>&nbsp; Taze olarak t\u00fcketilebilen ve ba\u015f yapmayan bir so\u011fan \u00e7e\u015fididir K\u0131\u015f ve ilkbahar ekimine uygun olup so\u011fuklara kar\u015f\u0131 diren\u00e7lidir Demet yap\u0131larak sat\u0131ma uygundur<\/p>\n","protected":false},"featured_media":25323,"comment_status":"open","ping_status":"closed","template":"","meta":[],"product_cat":[90],"product_tag":[],"class_list":{"0":"post-25326","1":"product","2":"type-product","3":"status-publish","4":"has-post-thumbnail","6":"product_cat-sebze","7":"product_brand-kucuk-ciftlik","9":"first","10":"outofstock","11":"shipping-taxable","12":"product-type-simple"},"_links":{"self":[{"href":"https:\/\/hisaronuziraat.com\/index.php\/wp-json\/wp\/v2\/product\/25326","targetHints":{"allow":["GET"]}}],"collection":[{"href":"https:\/\/hisaronuziraat.com\/index.php\/wp-json\/wp\/v2\/product"}],"about":[{"href":"https:\/\/hisaronuziraat.com\/index.php\/wp-json\/wp\/v2\/types\/product"}],"replies":[{"embeddable":true,"href":"https:\/\/hisaronuziraat.com\/index.php\/wp-json\/wp\/v2\/comments?post=25326"}],"wp:featuredmedia":[{"embeddable":true,"href":"https:\/\/hisaronuziraat.com\/index.php\/wp-json\/wp\/v2\/media\/25323"}],"wp:attachment":[{"href":"https:\/\/hisaronuziraat.com\/index.php\/wp-json\/wp\/v2\/media?parent=25326"}],"wp:term":[{"taxonomy":"product_cat","embeddable":true,"href":"https:\/\/hisaronuziraat.com\/index.php\/wp-json\/wp\/v2\/product_cat?post=25326"},{"taxonomy":"product_tag","embeddable":true,"href":"https:\/\/hisaronuziraat.com\/index.php\/wp-json\/wp\/v2\/product_tag?post=25326"}],"curies":[{"name":"wp","href":"https:\/\/api.w.org\/{rel}","templated":true}]}}