{"id":25315,"date":"2022-12-09T17:13:14","date_gmt":"2022-12-09T14:13:14","guid":{"rendered":"https:\/\/hisaronuziraat.com\/site\/?post_type=product&amp;p=25315"},"modified":"2022-12-09T17:13:14","modified_gmt":"2022-12-09T14:13:14","slug":"afrodite-f1-siyah-kabak-tohumu-1000-adet","status":"publish","type":"product","link":"https:\/\/hisaronuziraat.com\/index.php\/urun\/afrodite-f1-siyah-kabak-tohumu-1000-adet\/","title":{"rendered":"Afrodite F1 Siyah Kabak Tohumu 1000 adet"},"content":{"rendered":"<ol>\n<li><strong>Bir gramdaki ortalama tohum adedi: 4 \u2013 6\u00a0<\/strong>adet<\/li>\n<li><strong>Dekara gerekli tohum miktar\u0131:<\/strong>\u00a01.000 \u2013 1.500 adet tohum veya fide<\/li>\n<li><strong>S\u0131ra \u00fczeri mesafe:<\/strong>\u00a050 \u2013 80 cm<\/li>\n<li><strong>S\u0131ra aras\u0131 mesafe:<\/strong>\u00a0150 \u2013 180 cm<\/li>\n<li><strong>Ortama \u00e7imlenme zaman\u0131:<\/strong>\u00a05 \u2013 12 G\u00fcn<\/li>\n<li><strong>Ekim derinli\u011fi:<\/strong>\u00a02,5 \u2013 3,5 cm<\/li>\n<li><strong>\u00c7imlenme i\u00e7in ideal toprak s\u0131cakl\u0131\u011f\u0131:<\/strong>\u00a014 \u2013 25<\/li>\n<li><strong>Ortalama ilk hasat zaman\u0131:<\/strong>\u00a045 \u2013 60 G\u00fcn<\/li>\n<li><strong>Ekim zaman\u0131:<\/strong>\u00a0\u0130lkbahar \u2013 Sonbahar<\/li>\n<\/ol>\n","protected":false},"excerpt":{"rendered":"<p>Bir gramdaki ortalama tohum adedi: 4 \u2013 6\u00a0adet Dekara gerekli tohum miktar\u0131:\u00a01.000 \u2013 1.500 adet tohum veya fide S\u0131ra \u00fczeri mesafe:\u00a050 \u2013 80 cm S\u0131ra aras\u0131 mesafe:\u00a0150 \u2013 180 cm Ortama \u00e7imlenme zaman\u0131:\u00a05 \u2013 12 G\u00fcn Ekim derinli\u011fi:\u00a02,5 \u2013 3,5 cm \u00c7imlenme i\u00e7in ideal toprak s\u0131cakl\u0131\u011f\u0131:\u00a014 \u2013 25 Ortalama ilk hasat zaman\u0131:\u00a045 \u2013 60 G\u00fcn [&hellip;]<\/p>\n","protected":false},"featured_media":25317,"comment_status":"open","ping_status":"closed","template":"","meta":[],"product_cat":[15],"product_tag":[],"class_list":{"0":"post-25315","1":"product","2":"type-product","3":"status-publish","4":"has-post-thumbnail","6":"product_cat-genel","7":"product_brand-syngenta","9":"first","10":"outofstock","11":"shipping-taxable","12":"product-type-simple"},"_links":{"self":[{"href":"https:\/\/hisaronuziraat.com\/index.php\/wp-json\/wp\/v2\/product\/25315","targetHints":{"allow":["GET"]}}],"collection":[{"href":"https:\/\/hisaronuziraat.com\/index.php\/wp-json\/wp\/v2\/product"}],"about":[{"href":"https:\/\/hisaronuziraat.com\/index.php\/wp-json\/wp\/v2\/types\/product"}],"replies":[{"embeddable":true,"href":"https:\/\/hisaronuziraat.com\/index.php\/wp-json\/wp\/v2\/comments?post=25315"}],"wp:featuredmedia":[{"embeddable":true,"href":"https:\/\/hisaronuziraat.com\/index.php\/wp-json\/wp\/v2\/media\/25317"}],"wp:attachment":[{"href":"https:\/\/hisaronuziraat.com\/index.php\/wp-json\/wp\/v2\/media?parent=25315"}],"wp:term":[{"taxonomy":"product_cat","embeddable":true,"href":"https:\/\/hisaronuziraat.com\/index.php\/wp-json\/wp\/v2\/product_cat?post=25315"},{"taxonomy":"product_tag","embeddable":true,"href":"https:\/\/hisaronuziraat.com\/index.php\/wp-json\/wp\/v2\/product_tag?post=25315"}],"curies":[{"name":"wp","href":"https:\/\/api.w.org\/{rel}","templated":true}]}}