{"id":25308,"date":"2022-12-09T17:02:25","date_gmt":"2022-12-09T14:02:25","guid":{"rendered":"https:\/\/hisaronuziraat.com\/site\/?post_type=product&amp;p=25308"},"modified":"2025-06-09T15:51:58","modified_gmt":"2025-06-09T12:51:58","slug":"kavun-ananas-10gr","status":"publish","type":"product","link":"https:\/\/hisaronuziraat.com\/index.php\/urun\/kavun-ananas-10gr\/","title":{"rendered":"Kavun Ananas 10gr"},"content":{"rendered":"<ul>\n<li>T\u00fcm b\u00f6lgelerimizde yeti\u015ftirilebilir<\/li>\n<\/ul>\n<ul>\n<li>Y\u00fcksek verimli, ihracata uygun, oval, kokulu ve lezzetlidir<\/li>\n<\/ul>\n<ul>\n<li>90-95 g\u00fcnde hasada gelir<\/li>\n<\/ul>\n<ul>\n<li>Nakliyeye dayan\u0131kl\u0131d\u0131r<\/li>\n<\/ul>\n","protected":false},"excerpt":{"rendered":"<p>T\u00fcm b\u00f6lgelerimizde yeti\u015ftirilebilir Y\u00fcksek verimli, ihracata uygun, oval, kokulu ve lezzetlidir 90-95 g\u00fcnde hasada gelir Nakliyeye dayan\u0131kl\u0131d\u0131r<\/p>\n","protected":false},"featured_media":25306,"comment_status":"open","ping_status":"closed","template":"","meta":[],"product_cat":[90],"product_tag":[],"class_list":{"0":"post-25308","1":"product","2":"type-product","3":"status-publish","4":"has-post-thumbnail","6":"product_cat-sebze","7":"product_brand-kucuk-ciftlik","9":"first","10":"instock","11":"shipping-taxable","12":"purchasable","13":"product-type-simple"},"_links":{"self":[{"href":"https:\/\/hisaronuziraat.com\/index.php\/wp-json\/wp\/v2\/product\/25308","targetHints":{"allow":["GET"]}}],"collection":[{"href":"https:\/\/hisaronuziraat.com\/index.php\/wp-json\/wp\/v2\/product"}],"about":[{"href":"https:\/\/hisaronuziraat.com\/index.php\/wp-json\/wp\/v2\/types\/product"}],"replies":[{"embeddable":true,"href":"https:\/\/hisaronuziraat.com\/index.php\/wp-json\/wp\/v2\/comments?post=25308"}],"wp:featuredmedia":[{"embeddable":true,"href":"https:\/\/hisaronuziraat.com\/index.php\/wp-json\/wp\/v2\/media\/25306"}],"wp:attachment":[{"href":"https:\/\/hisaronuziraat.com\/index.php\/wp-json\/wp\/v2\/media?parent=25308"}],"wp:term":[{"taxonomy":"product_cat","embeddable":true,"href":"https:\/\/hisaronuziraat.com\/index.php\/wp-json\/wp\/v2\/product_cat?post=25308"},{"taxonomy":"product_tag","embeddable":true,"href":"https:\/\/hisaronuziraat.com\/index.php\/wp-json\/wp\/v2\/product_tag?post=25308"}],"curies":[{"name":"wp","href":"https:\/\/api.w.org\/{rel}","templated":true}]}}