{"id":25301,"date":"2022-12-09T16:53:54","date_gmt":"2022-12-09T13:53:54","guid":{"rendered":"https:\/\/hisaronuziraat.com\/site\/?post_type=product&#038;p=25301"},"modified":"2025-10-02T13:37:08","modified_gmt":"2025-10-02T10:37:08","slug":"patlican-topan-374-10gr","status":"publish","type":"product","link":"https:\/\/hisaronuziraat.com\/index.php\/urun\/patlican-topan-374-10gr\/","title":{"rendered":"Patl\u0131can Topan 374 &#8211; 10gr"},"content":{"rendered":"<ul>\n<li>Orta erkenci, dipten dallanan bitkinin geli\u015fimi \u00e7ok kuvvetlidir<\/li>\n<\/ul>\n<ul>\n<li>Siyah renkte olup dekara verimi; iyi \u015fartlarda 1,5-2,5 ton aras\u0131ndad\u0131r<\/li>\n<\/ul>\n<ul>\n<li>Hastal\u0131klara kar\u015f\u0131 dayan\u0131kl\u0131 bir \u00e7e\u015fittir<\/li>\n<\/ul>\n","protected":false},"excerpt":{"rendered":"<p>Orta erkenci, dipten dallanan bitkinin geli\u015fimi \u00e7ok kuvvetlidir Siyah renkte olup dekara verimi; iyi \u015fartlarda 1,5-2,5 ton aras\u0131ndad\u0131r Hastal\u0131klara kar\u015f\u0131 dayan\u0131kl\u0131 bir \u00e7e\u015fittir<\/p>\n","protected":false},"featured_media":24555,"comment_status":"open","ping_status":"closed","template":"","meta":[],"product_cat":[90],"product_tag":[],"class_list":{"0":"post-25301","1":"product","2":"type-product","3":"status-publish","4":"has-post-thumbnail","6":"product_cat-sebze","7":"product_brand-kucuk-ciftlik","9":"first","10":"instock","11":"shipping-taxable","12":"purchasable","13":"product-type-simple"},"_links":{"self":[{"href":"https:\/\/hisaronuziraat.com\/index.php\/wp-json\/wp\/v2\/product\/25301","targetHints":{"allow":["GET"]}}],"collection":[{"href":"https:\/\/hisaronuziraat.com\/index.php\/wp-json\/wp\/v2\/product"}],"about":[{"href":"https:\/\/hisaronuziraat.com\/index.php\/wp-json\/wp\/v2\/types\/product"}],"replies":[{"embeddable":true,"href":"https:\/\/hisaronuziraat.com\/index.php\/wp-json\/wp\/v2\/comments?post=25301"}],"wp:featuredmedia":[{"embeddable":true,"href":"https:\/\/hisaronuziraat.com\/index.php\/wp-json\/wp\/v2\/media\/24555"}],"wp:attachment":[{"href":"https:\/\/hisaronuziraat.com\/index.php\/wp-json\/wp\/v2\/media?parent=25301"}],"wp:term":[{"taxonomy":"product_cat","embeddable":true,"href":"https:\/\/hisaronuziraat.com\/index.php\/wp-json\/wp\/v2\/product_cat?post=25301"},{"taxonomy":"product_tag","embeddable":true,"href":"https:\/\/hisaronuziraat.com\/index.php\/wp-json\/wp\/v2\/product_tag?post=25301"}],"curies":[{"name":"wp","href":"https:\/\/api.w.org\/{rel}","templated":true}]}}