{"id":25291,"date":"2022-12-09T16:47:13","date_gmt":"2022-12-09T13:47:13","guid":{"rendered":"https:\/\/hisaronuziraat.com\/site\/?post_type=product&#038;p=25291"},"modified":"2025-11-03T20:31:44","modified_gmt":"2025-11-03T17:31:44","slug":"domates-rio-grande-5gr","status":"publish","type":"product","link":"https:\/\/hisaronuziraat.com\/index.php\/urun\/domates-rio-grande-5gr\/","title":{"rendered":"Domates Rio Grande 5gr"},"content":{"rendered":"<ul>\n<li>\n<ul>\n<li>Orta erkenci bir \u00e7e\u015fittir ve bitki \u00f6rt\u00fcs\u00fc olduk\u00e7a kuvvetlidir<\/li>\n<\/ul>\n<ul>\n<li>\u0130lk tohum ekiminden itibaren 125 g\u00fcnde hasada gelir<\/li>\n<\/ul>\n<ul>\n<li>Sanayi domatesleri i\u00e7inde en fazla ekimi yap\u0131lan \u00e7e\u015fittir<\/li>\n<\/ul>\n<ul>\n<li>Meyveleri uzun, d\u00fczg\u00fcn ve s\u0131k\u0131 yap\u0131l\u0131d\u0131r<\/li>\n<\/ul>\n<ul>\n<li>\u00c7atlamaya ve nakliyeye dayan\u0131kl\u0131d\u0131r<\/li>\n<\/ul>\n<\/li>\n<\/ul>\n","protected":false},"excerpt":{"rendered":"<p>Orta erkenci bir \u00e7e\u015fittir ve bitki \u00f6rt\u00fcs\u00fc olduk\u00e7a kuvvetlidir \u0130lk tohum ekiminden itibaren 125 g\u00fcnde hasada gelir Sanayi domatesleri i\u00e7inde en fazla ekimi yap\u0131lan \u00e7e\u015fittir Meyveleri uzun, d\u00fczg\u00fcn ve s\u0131k\u0131 yap\u0131l\u0131d\u0131r \u00c7atlamaya ve nakliyeye dayan\u0131kl\u0131d\u0131r<\/p>\n","protected":false},"featured_media":25292,"comment_status":"open","ping_status":"closed","template":"","meta":[],"product_cat":[90],"product_tag":[],"class_list":{"0":"post-25291","1":"product","2":"type-product","3":"status-publish","4":"has-post-thumbnail","6":"product_cat-sebze","7":"product_brand-kucuk-ciftlik","9":"first","10":"instock","11":"shipping-taxable","12":"purchasable","13":"product-type-simple"},"_links":{"self":[{"href":"https:\/\/hisaronuziraat.com\/index.php\/wp-json\/wp\/v2\/product\/25291","targetHints":{"allow":["GET"]}}],"collection":[{"href":"https:\/\/hisaronuziraat.com\/index.php\/wp-json\/wp\/v2\/product"}],"about":[{"href":"https:\/\/hisaronuziraat.com\/index.php\/wp-json\/wp\/v2\/types\/product"}],"replies":[{"embeddable":true,"href":"https:\/\/hisaronuziraat.com\/index.php\/wp-json\/wp\/v2\/comments?post=25291"}],"wp:featuredmedia":[{"embeddable":true,"href":"https:\/\/hisaronuziraat.com\/index.php\/wp-json\/wp\/v2\/media\/25292"}],"wp:attachment":[{"href":"https:\/\/hisaronuziraat.com\/index.php\/wp-json\/wp\/v2\/media?parent=25291"}],"wp:term":[{"taxonomy":"product_cat","embeddable":true,"href":"https:\/\/hisaronuziraat.com\/index.php\/wp-json\/wp\/v2\/product_cat?post=25291"},{"taxonomy":"product_tag","embeddable":true,"href":"https:\/\/hisaronuziraat.com\/index.php\/wp-json\/wp\/v2\/product_tag?post=25291"}],"curies":[{"name":"wp","href":"https:\/\/api.w.org\/{rel}","templated":true}]}}