{"id":25288,"date":"2022-12-09T16:46:33","date_gmt":"2022-12-09T13:46:33","guid":{"rendered":"https:\/\/hisaronuziraat.com\/site\/?post_type=product&amp;p=25288"},"modified":"2022-12-09T16:46:33","modified_gmt":"2022-12-09T13:46:33","slug":"domates-almila-5gr","status":"publish","type":"product","link":"https:\/\/hisaronuziraat.com\/index.php\/urun\/domates-almila-5gr\/","title":{"rendered":"Domates Almila 5gr"},"content":{"rendered":"<ul>\n<li>Sofral\u0131k oturak bir domates \u00e7e\u015fididir<\/li>\n<\/ul>\n<ul>\n<li>Kuvvetli bir bitki yap\u0131s\u0131na sahiptir<\/li>\n<\/ul>\n<ul>\n<li>Meyveleri ortalama 180-220 gr a\u011f\u0131rl\u0131\u011f\u0131nda ince kabuklu ve pembe renklidir<\/li>\n<\/ul>\n<ul>\n<li>\u0130nce kabuklu oldu\u011fu i\u00e7in nakliyeye pek dayan\u0131kl\u0131 de\u011fildir<\/li>\n<\/ul>\n<ul>\n<li>Fide dikiminden itibaren 70-75 g\u00fcnde hasada gelir<\/li>\n<\/ul>\n<ul>\n<li>\u00c7ok lezzetli bir \u00e7e\u015fittir<\/li>\n<\/ul>\n","protected":false},"excerpt":{"rendered":"<p>Sofral\u0131k oturak bir domates \u00e7e\u015fididir Kuvvetli bir bitki yap\u0131s\u0131na sahiptir Meyveleri ortalama 180-220 gr a\u011f\u0131rl\u0131\u011f\u0131nda ince kabuklu ve pembe renklidir \u0130nce kabuklu oldu\u011fu i\u00e7in nakliyeye pek dayan\u0131kl\u0131 de\u011fildir Fide dikiminden itibaren 70-75 g\u00fcnde hasada gelir \u00c7ok lezzetli bir \u00e7e\u015fittir<\/p>\n","protected":false},"featured_media":25289,"comment_status":"open","ping_status":"closed","template":"","meta":[],"product_cat":[90],"product_tag":[],"class_list":{"0":"post-25288","1":"product","2":"type-product","3":"status-publish","4":"has-post-thumbnail","6":"product_cat-sebze","7":"product_brand-kucuk-ciftlik","9":"first","10":"outofstock","11":"shipping-taxable","12":"product-type-simple"},"_links":{"self":[{"href":"https:\/\/hisaronuziraat.com\/index.php\/wp-json\/wp\/v2\/product\/25288","targetHints":{"allow":["GET"]}}],"collection":[{"href":"https:\/\/hisaronuziraat.com\/index.php\/wp-json\/wp\/v2\/product"}],"about":[{"href":"https:\/\/hisaronuziraat.com\/index.php\/wp-json\/wp\/v2\/types\/product"}],"replies":[{"embeddable":true,"href":"https:\/\/hisaronuziraat.com\/index.php\/wp-json\/wp\/v2\/comments?post=25288"}],"wp:featuredmedia":[{"embeddable":true,"href":"https:\/\/hisaronuziraat.com\/index.php\/wp-json\/wp\/v2\/media\/25289"}],"wp:attachment":[{"href":"https:\/\/hisaronuziraat.com\/index.php\/wp-json\/wp\/v2\/media?parent=25288"}],"wp:term":[{"taxonomy":"product_cat","embeddable":true,"href":"https:\/\/hisaronuziraat.com\/index.php\/wp-json\/wp\/v2\/product_cat?post=25288"},{"taxonomy":"product_tag","embeddable":true,"href":"https:\/\/hisaronuziraat.com\/index.php\/wp-json\/wp\/v2\/product_tag?post=25288"}],"curies":[{"name":"wp","href":"https:\/\/api.w.org\/{rel}","templated":true}]}}