{"id":25286,"date":"2022-12-09T16:42:16","date_gmt":"2022-12-09T13:42:16","guid":{"rendered":"https:\/\/hisaronuziraat.com\/site\/?post_type=product&#038;p=25286"},"modified":"2025-11-03T20:32:48","modified_gmt":"2025-11-03T17:32:48","slug":"biber-surmeli-tatli-sivri-10gr","status":"publish","type":"product","link":"https:\/\/hisaronuziraat.com\/index.php\/urun\/biber-surmeli-tatli-sivri-10gr\/","title":{"rendered":"Biber S\u00fcrmeli (Tatl\u0131 Sivri) 10gr"},"content":{"rendered":"<p>Teneke 500 gr<\/p>\n<ul>\n<li>Erkenci, orta koyulukta ye\u015fil renge sahip, tatl\u0131, sivri bir biber \u00e7e\u015fididir<\/li>\n<\/ul>\n<ul>\n<li>Fide dikiminden hasada kadar ge\u00e7en g\u00fcn say\u0131s\u0131 50-55 g\u00fcnd\u00fcr<\/li>\n<\/ul>\n<ul>\n<li>Bitkileri dik ve kuvvetli bir yap\u0131ya sahiptir<\/li>\n<\/ul>\n<ul>\n<li>Meyveleri 15-17 cm uzunluktad\u0131r<\/li>\n<\/ul>\n<ul>\n<li>Meyve eti ise 1,5-1,6 cm kal\u0131nl\u0131\u011fa sahiptir<\/li>\n<\/ul>\n<ul>\n<li>\u0130yi \u015fartlarda dekara verim 3,5-4 ton&#8217;dur<\/li>\n<\/ul>\n","protected":false},"excerpt":{"rendered":"<p>Teneke 500 gr Erkenci, orta koyulukta ye\u015fil renge sahip, tatl\u0131, sivri bir biber \u00e7e\u015fididir Fide dikiminden hasada kadar ge\u00e7en g\u00fcn say\u0131s\u0131 50-55 g\u00fcnd\u00fcr Bitkileri dik ve kuvvetli bir yap\u0131ya sahiptir Meyveleri 15-17 cm uzunluktad\u0131r Meyve eti ise 1,5-1,6 cm kal\u0131nl\u0131\u011fa sahiptir \u0130yi \u015fartlarda dekara verim 3,5-4 ton&#8217;dur<\/p>\n","protected":false},"featured_media":25282,"comment_status":"open","ping_status":"closed","template":"","meta":[],"product_cat":[90],"product_tag":[],"class_list":{"0":"post-25286","1":"product","2":"type-product","3":"status-publish","4":"has-post-thumbnail","6":"product_cat-sebze","7":"product_brand-kucuk-ciftlik","9":"first","10":"instock","11":"shipping-taxable","12":"purchasable","13":"product-type-simple"},"_links":{"self":[{"href":"https:\/\/hisaronuziraat.com\/index.php\/wp-json\/wp\/v2\/product\/25286","targetHints":{"allow":["GET"]}}],"collection":[{"href":"https:\/\/hisaronuziraat.com\/index.php\/wp-json\/wp\/v2\/product"}],"about":[{"href":"https:\/\/hisaronuziraat.com\/index.php\/wp-json\/wp\/v2\/types\/product"}],"replies":[{"embeddable":true,"href":"https:\/\/hisaronuziraat.com\/index.php\/wp-json\/wp\/v2\/comments?post=25286"}],"wp:featuredmedia":[{"embeddable":true,"href":"https:\/\/hisaronuziraat.com\/index.php\/wp-json\/wp\/v2\/media\/25282"}],"wp:attachment":[{"href":"https:\/\/hisaronuziraat.com\/index.php\/wp-json\/wp\/v2\/media?parent=25286"}],"wp:term":[{"taxonomy":"product_cat","embeddable":true,"href":"https:\/\/hisaronuziraat.com\/index.php\/wp-json\/wp\/v2\/product_cat?post=25286"},{"taxonomy":"product_tag","embeddable":true,"href":"https:\/\/hisaronuziraat.com\/index.php\/wp-json\/wp\/v2\/product_tag?post=25286"}],"curies":[{"name":"wp","href":"https:\/\/api.w.org\/{rel}","templated":true}]}}