{"id":25218,"date":"2022-12-09T15:41:39","date_gmt":"2022-12-09T12:41:39","guid":{"rendered":"https:\/\/hisaronuziraat.com\/site\/?post_type=product&#038;p=25218"},"modified":"2025-11-24T22:12:57","modified_gmt":"2025-11-24T19:12:57","slug":"marul-yedikule-5701-10gr","status":"publish","type":"product","link":"https:\/\/hisaronuziraat.com\/index.php\/urun\/marul-yedikule-5701-10gr\/","title":{"rendered":"Marul Yedikule 5701 &#8211; 10gr"},"content":{"rendered":"<ul>\n<li>Ye\u015fil renkli ve geni\u015f yaprakl\u0131 bir marul \u00e7e\u015fididir<\/li>\n<li>\u00c7ok s\u0131k\u0131 ve dik bir g\u00f6bek yap\u0131s\u0131 vard\u0131r<\/li>\n<li>Tarlaya 25-30 cm aral\u0131klarla dikilir<\/li>\n<li>G\u00f6bek k\u0131sm\u0131 sar\u0131 renklidir<\/li>\n<li>G\u00f6bek ba\u011flamas\u0131 \u00e7ok iyi olup so\u011fu\u011fa dayan\u0131kl\u0131, orta erkencidir<\/li>\n<li>Yurdumuzun en \u00e7ok Marmara, Ege ve Akdeniz b\u00f6lgelerinde yeti\u015ftirilir<\/li>\n<li>Ba\u015f a\u011f\u0131rl\u0131\u011f\u0131 1,5-2 kg aras\u0131ndad\u0131r<\/li>\n<\/ul>\n","protected":false},"excerpt":{"rendered":"<p>Ye\u015fil renkli ve geni\u015f yaprakl\u0131 bir marul \u00e7e\u015fididir \u00c7ok s\u0131k\u0131 ve dik bir g\u00f6bek yap\u0131s\u0131 vard\u0131r Tarlaya 25-30 cm aral\u0131klarla dikilir G\u00f6bek k\u0131sm\u0131 sar\u0131 renklidir G\u00f6bek ba\u011flamas\u0131 \u00e7ok iyi olup so\u011fu\u011fa dayan\u0131kl\u0131, orta erkencidir Yurdumuzun en \u00e7ok Marmara, Ege ve Akdeniz b\u00f6lgelerinde yeti\u015ftirilir Ba\u015f a\u011f\u0131rl\u0131\u011f\u0131 1,5-2 kg aras\u0131ndad\u0131r<\/p>\n","protected":false},"featured_media":25214,"comment_status":"open","ping_status":"closed","template":"","meta":[],"product_cat":[90],"product_tag":[],"class_list":{"0":"post-25218","1":"product","2":"type-product","3":"status-publish","4":"has-post-thumbnail","6":"product_cat-sebze","7":"product_brand-kucuk-ciftlik","9":"first","10":"instock","11":"shipping-taxable","12":"purchasable","13":"product-type-simple"},"_links":{"self":[{"href":"https:\/\/hisaronuziraat.com\/index.php\/wp-json\/wp\/v2\/product\/25218","targetHints":{"allow":["GET"]}}],"collection":[{"href":"https:\/\/hisaronuziraat.com\/index.php\/wp-json\/wp\/v2\/product"}],"about":[{"href":"https:\/\/hisaronuziraat.com\/index.php\/wp-json\/wp\/v2\/types\/product"}],"replies":[{"embeddable":true,"href":"https:\/\/hisaronuziraat.com\/index.php\/wp-json\/wp\/v2\/comments?post=25218"}],"wp:featuredmedia":[{"embeddable":true,"href":"https:\/\/hisaronuziraat.com\/index.php\/wp-json\/wp\/v2\/media\/25214"}],"wp:attachment":[{"href":"https:\/\/hisaronuziraat.com\/index.php\/wp-json\/wp\/v2\/media?parent=25218"}],"wp:term":[{"taxonomy":"product_cat","embeddable":true,"href":"https:\/\/hisaronuziraat.com\/index.php\/wp-json\/wp\/v2\/product_cat?post=25218"},{"taxonomy":"product_tag","embeddable":true,"href":"https:\/\/hisaronuziraat.com\/index.php\/wp-json\/wp\/v2\/product_tag?post=25218"}],"curies":[{"name":"wp","href":"https:\/\/api.w.org\/{rel}","templated":true}]}}