{"id":25149,"date":"2022-12-09T14:16:23","date_gmt":"2022-12-09T11:16:23","guid":{"rendered":"https:\/\/hisaronuziraat.com\/site\/?post_type=product&#038;p=25149"},"modified":"2025-06-11T11:09:31","modified_gmt":"2025-06-11T08:09:31","slug":"icon-10cs-20ml","status":"publish","type":"product","link":"https:\/\/hisaronuziraat.com\/index.php\/urun\/icon-10cs-20ml\/","title":{"rendered":"Icon 10Cs 20ml"},"content":{"rendered":"<div>\n<p><strong>Kullan\u0131m Alanlar\u0131:<\/strong><\/p>\n<hr \/>\n<p>CS Form\u00fcl yap\u0131s\u0131 itibar\u0131yla kokusuz leke b\u0131rakmayan ila\u00e7lama esnas\u0131nda ve sonras\u0131nda mekan\u0131 terk etmeyi gerektirmeyen s\u0131n\u0131f ila\u00e7lardand\u0131r. Buna ba\u011fl\u0131 olarak Ev, restaurant, lokanta, i\u015fyerleri, hastahane, askeriye vb kapal\u0131 ve i\u00e7 mekanlarda kullan\u0131ma uygun olmas\u0131n\u0131n yan\u0131nda a\u00e7\u0131k alanlarda da kullan\u0131labilen ba\u015far\u0131s\u0131 y\u00fcksek genel ama\u00e7l\u0131 ha\u015fere ilac\u0131d\u0131r. Kullan\u0131lacak mekan\u0131n t\u00fcr\u00fcne ve ila\u00e7lama s\u0131kl\u0131\u011f\u0131na g\u00f6re ambalaj tercihi yapabilirsiniz.<br \/>\n\u0130la\u00e7lanacak mekan\u0131n yap\u0131s\u0131na g\u00f6re dikkat edilmesi gereken hususlarda ve ba\u015far\u0131l\u0131 bir uygulama i\u00e7in p\u00fcf noktalar\u0131 hakk\u0131nda bilgi edinmek i\u00e7in, a\u015fa\u011f\u0131daki butonlardan ila\u00e7lama yapaca\u011f\u0131n\u0131z mekan\u0131 se\u00e7ip bilgi edinebilirsiniz.<\/p>\n<\/div>\n<hr \/>\n<div>\n<p><strong>Genel \u00d6zellikleri:<\/strong><\/p>\n<hr \/>\n<\/div>\n<div>\n<h2><strong>Icon 10 CS<\/strong><br \/>\n<strong>\u00a0\u00dcst\u00fcn \u00d6zellikleri\u00a0<\/strong><\/h2>\n<ul>\n<li>G\u00fc\u00e7l\u00fc Zeon Teknolojisi ile \u00fcretilmi\u015f mikro kaps\u00fclden olu\u015fan aktif madde yap\u0131s\u0131 sayesinde kullan\u0131ld\u0131\u011f\u0131 alanlarda uzun ve kal\u0131c\u0131 etkilidir.<\/li>\n<li>Koku ve leke b\u0131rakmayan \u00f6zelli\u011fi ile okul,hastane,lokanta ve mutfak gibi hijyen gerektiren kapal\u0131 yerlerde g\u00fcvenle kullan\u0131l\u0131r.<\/li>\n<li>Do\u011fadaki h\u0131zl\u0131 biodegrasyonu nedeniyle, ekolojik anlamda olumsuz bir etki s\u00f6z konusu de\u011fildir. Kullan\u0131c\u0131ya y\u00fcksek derecede g\u00fcvenlidir.<\/li>\n<li>G\u00fcne\u015f \u0131\u015f\u0131nlar\u0131ndan koruyucu, UV katk\u0131 maddesi sayesinde a\u00e7\u0131k alanlarda dahi etkisini uzun s\u00fcre koruyabilir.<\/li>\n<li>Yava\u015f \u00f6l\u00fcm nedeni ile ilaca mahruz kalan ha\u015ferelerle birlikte yuvaya ta\u015f\u0131narak yuvadaki di\u011fer zararl\u0131lar\u0131n da \u00f6lmesini sa\u011flar.<\/li>\n<li>D\u00fcnya Sa\u011fl\u0131k \u00d6rg\u00fct\u00fc (WHO) ve G\u0131da \u00d6rg\u00fct\u00fc(FAO) pestisit de\u011ferlendirmelerine uygundur. 463 \/ CS (2007)<\/li>\n<\/ul>\n<p><strong>Etkili oldu\u011fu ha\u015fereler<\/strong><br \/>\n<strong>Kene, hamamb\u00f6ce\u011fi, sivrisinek, pire, tahtakurusu, kar\u0131nca, karasinek, \u00f6r\u00fcmcek, akrep, tatarc\u0131k.<\/strong><br \/>\n<strong>Uygulama Doz Tablosu\u00a0<\/strong><\/p>\n<table border=\"1\" width=\"450\" cellspacing=\"0\" cellpadding=\"0\">\n<tbody>\n<tr>\n<td><strong>Zararl\u0131<\/strong><\/td>\n<td><strong>Suland\u0131rma Oran\u0131<\/strong><\/td>\n<td><strong>Uygulama Dozu<\/strong><\/td>\n<\/tr>\n<tr>\n<td><strong>Hamamb\u00f6ce\u011fi<\/strong><\/td>\n<td><strong>16.63 ml ila\u00e7 + 9.984 ml su<\/strong><\/td>\n<td><strong>50 ml \u00a0\/ m2 0.008 g a.i. \/ m2<\/strong><\/td>\n<\/tr>\n<tr>\n<td><strong>Sivrisinek*<\/strong><\/td>\n<td><strong>47.80 ml ila\u00e7 + 9.952 ml su<\/strong><\/td>\n<td><strong>50 ml \/ m2 0.023 g a.i. \/ m2<\/strong><\/td>\n<\/tr>\n<tr>\n<td><strong>Kene**<\/strong><\/td>\n<td><strong>50.00 ml ila\u00e7 + 9.950 ml su<\/strong><\/td>\n<td><strong>20 ml \/ m2 0.01 g a.i \/ m2<\/strong><\/td>\n<\/tr>\n<\/tbody>\n<\/table>\n<h4>**Sivrisinekler i\u00e7in kal\u0131c\u0131l\u0131k s\u00fcresi 120 g\u00fcnd\u00fcr.<br \/>\n**Biyolojik etkinlik denemeleri Boophilus annulatus t\u00fcr\u00fc \u00fczerinde yap\u0131lm\u0131\u015ft\u0131r.<\/h4>\n<hr \/>\n<p><strong>Uygulama Gereksinimleri:<\/strong><\/p>\n<hr \/>\n<\/div>\n<p>\u0130la\u00e7 mekan\u0131n\u0131za ve sorun olan ha\u015fereye uygun miktarlarda su ile seyreltilip bir pulverizat\u00f6r (pompa) vas\u0131tas\u0131yla kullan\u0131lmaktad\u0131r.<br \/>\nE\u011fer bir pompan\u0131z yok ise a\u015fa\u011f\u0131daki haz\u0131r ila\u00e7lama paketleri b\u00f6l\u00fcm\u00fcnden size uygun bir paketi se\u00e7ebilirsiniz.<br \/>\nHaz\u0131r ila\u00e7lama Paketlerimiz, \u00fcr\u00fcn\u00fc ve pompay\u0131 ve varsa di\u011fer ekipmanlar\u0131 tek tek sat\u0131n ald\u0131\u011f\u0131n\u0131zda \u00f6deyece\u011finiz bedelden daha tasarruflu olmaktad\u0131r.<\/p>\n","protected":false},"excerpt":{"rendered":"<p>Kullan\u0131m Alanlar\u0131: CS Form\u00fcl yap\u0131s\u0131 itibar\u0131yla kokusuz leke b\u0131rakmayan ila\u00e7lama esnas\u0131nda ve sonras\u0131nda mekan\u0131 terk etmeyi gerektirmeyen s\u0131n\u0131f ila\u00e7lardand\u0131r. Buna ba\u011fl\u0131 olarak Ev, restaurant, lokanta, i\u015fyerleri, hastahane, askeriye vb kapal\u0131 ve i\u00e7 mekanlarda kullan\u0131ma uygun olmas\u0131n\u0131n yan\u0131nda a\u00e7\u0131k alanlarda da kullan\u0131labilen ba\u015far\u0131s\u0131 y\u00fcksek genel ama\u00e7l\u0131 ha\u015fere ilac\u0131d\u0131r. Kullan\u0131lacak mekan\u0131n t\u00fcr\u00fcne ve ila\u00e7lama s\u0131kl\u0131\u011f\u0131na g\u00f6re ambalaj [&hellip;]<\/p>\n","protected":false},"featured_media":25150,"comment_status":"open","ping_status":"closed","template":"","meta":[],"product_cat":[96],"product_tag":[],"class_list":{"0":"post-25149","1":"product","2":"type-product","3":"status-publish","4":"has-post-thumbnail","6":"product_cat-halk-sagligi","7":"product_brand-syngenta","9":"first","10":"instock","11":"shipping-taxable","12":"purchasable","13":"product-type-simple"},"_links":{"self":[{"href":"https:\/\/hisaronuziraat.com\/index.php\/wp-json\/wp\/v2\/product\/25149","targetHints":{"allow":["GET"]}}],"collection":[{"href":"https:\/\/hisaronuziraat.com\/index.php\/wp-json\/wp\/v2\/product"}],"about":[{"href":"https:\/\/hisaronuziraat.com\/index.php\/wp-json\/wp\/v2\/types\/product"}],"replies":[{"embeddable":true,"href":"https:\/\/hisaronuziraat.com\/index.php\/wp-json\/wp\/v2\/comments?post=25149"}],"wp:featuredmedia":[{"embeddable":true,"href":"https:\/\/hisaronuziraat.com\/index.php\/wp-json\/wp\/v2\/media\/25150"}],"wp:attachment":[{"href":"https:\/\/hisaronuziraat.com\/index.php\/wp-json\/wp\/v2\/media?parent=25149"}],"wp:term":[{"taxonomy":"product_cat","embeddable":true,"href":"https:\/\/hisaronuziraat.com\/index.php\/wp-json\/wp\/v2\/product_cat?post=25149"},{"taxonomy":"product_tag","embeddable":true,"href":"https:\/\/hisaronuziraat.com\/index.php\/wp-json\/wp\/v2\/product_tag?post=25149"}],"curies":[{"name":"wp","href":"https:\/\/api.w.org\/{rel}","templated":true}]}}