{"id":25093,"date":"2022-12-08T16:24:07","date_gmt":"2022-12-08T13:24:07","guid":{"rendered":"https:\/\/hisaronuziraat.com\/site\/?post_type=product&#038;p=25093"},"modified":"2025-11-24T22:18:09","modified_gmt":"2025-11-24T19:18:09","slug":"turp-findik-cherry-belle-25gr","status":"publish","type":"product","link":"https:\/\/hisaronuziraat.com\/index.php\/urun\/turp-findik-cherry-belle-25gr\/","title":{"rendered":"Turp F\u0131nd\u0131k (Cherry Belle) 25gr"},"content":{"rendered":"<ul>\n<li>\u00c7ok erkenci standart bir \u00e7e\u015fittir<\/li>\n<li>Meyveler 3-4 cm \u00e7ap\u0131nda, kabu\u011fu k\u0131rm\u0131z\u0131, i\u00e7 eti beyazd\u0131r<\/li>\n<li>Meyve sert yap\u0131da ve i\u00e7i bo\u015falma yapmaz<\/li>\n<\/ul>\n","protected":false},"excerpt":{"rendered":"<p>\u00c7ok erkenci standart bir \u00e7e\u015fittir Meyveler 3-4 cm \u00e7ap\u0131nda, kabu\u011fu k\u0131rm\u0131z\u0131, i\u00e7 eti beyazd\u0131r Meyve sert yap\u0131da ve i\u00e7i bo\u015falma yapmaz<\/p>\n","protected":false},"featured_media":25091,"comment_status":"open","ping_status":"closed","template":"","meta":[],"product_cat":[90],"product_tag":[],"class_list":{"0":"post-25093","1":"product","2":"type-product","3":"status-publish","4":"has-post-thumbnail","6":"product_cat-sebze","7":"product_brand-kucuk-ciftlik","9":"first","10":"instock","11":"shipping-taxable","12":"purchasable","13":"product-type-simple"},"_links":{"self":[{"href":"https:\/\/hisaronuziraat.com\/index.php\/wp-json\/wp\/v2\/product\/25093","targetHints":{"allow":["GET"]}}],"collection":[{"href":"https:\/\/hisaronuziraat.com\/index.php\/wp-json\/wp\/v2\/product"}],"about":[{"href":"https:\/\/hisaronuziraat.com\/index.php\/wp-json\/wp\/v2\/types\/product"}],"replies":[{"embeddable":true,"href":"https:\/\/hisaronuziraat.com\/index.php\/wp-json\/wp\/v2\/comments?post=25093"}],"wp:featuredmedia":[{"embeddable":true,"href":"https:\/\/hisaronuziraat.com\/index.php\/wp-json\/wp\/v2\/media\/25091"}],"wp:attachment":[{"href":"https:\/\/hisaronuziraat.com\/index.php\/wp-json\/wp\/v2\/media?parent=25093"}],"wp:term":[{"taxonomy":"product_cat","embeddable":true,"href":"https:\/\/hisaronuziraat.com\/index.php\/wp-json\/wp\/v2\/product_cat?post=25093"},{"taxonomy":"product_tag","embeddable":true,"href":"https:\/\/hisaronuziraat.com\/index.php\/wp-json\/wp\/v2\/product_tag?post=25093"}],"curies":[{"name":"wp","href":"https:\/\/api.w.org\/{rel}","templated":true}]}}