{"id":25080,"date":"2022-12-08T16:09:41","date_gmt":"2022-12-08T13:09:41","guid":{"rendered":"https:\/\/hisaronuziraat.com\/site\/?post_type=product&#038;p=25080"},"modified":"2025-06-14T13:40:54","modified_gmt":"2025-06-14T10:40:54","slug":"marul-sarikule-10gr","status":"publish","type":"product","link":"https:\/\/hisaronuziraat.com\/index.php\/urun\/marul-sarikule-10gr\/","title":{"rendered":"Marul Sar\u0131kule 10gr"},"content":{"rendered":"<ul>\n<li>A\u00e7\u0131k ye\u015fil- Sar\u0131 renkli, geni\u015f yaprakl\u0131 bir marul \u00e7e\u015fididir<\/li>\n<li>G\u00f6bek k\u0131sm\u0131 sar\u0131 renkli, \u00e7ok s\u0131k ve dik bir yap\u0131ya sahiptir<\/li>\n<li>S\u0131ca\u011fa dayan\u0131kl\u0131d\u0131r<\/li>\n<li>Yaz ekimleri i\u00e7in \u00f6nerilir<\/li>\n<\/ul>\n","protected":false},"excerpt":{"rendered":"<p>A\u00e7\u0131k ye\u015fil- Sar\u0131 renkli, geni\u015f yaprakl\u0131 bir marul \u00e7e\u015fididir G\u00f6bek k\u0131sm\u0131 sar\u0131 renkli, \u00e7ok s\u0131k ve dik bir yap\u0131ya sahiptir S\u0131ca\u011fa dayan\u0131kl\u0131d\u0131r Yaz ekimleri i\u00e7in \u00f6nerilir<\/p>\n","protected":false},"featured_media":25076,"comment_status":"open","ping_status":"closed","template":"","meta":[],"product_cat":[90],"product_tag":[],"class_list":{"0":"post-25080","1":"product","2":"type-product","3":"status-publish","4":"has-post-thumbnail","6":"product_cat-sebze","7":"product_brand-kucuk-ciftlik","9":"first","10":"instock","11":"taxable","12":"shipping-taxable","13":"purchasable","14":"product-type-simple"},"_links":{"self":[{"href":"https:\/\/hisaronuziraat.com\/index.php\/wp-json\/wp\/v2\/product\/25080","targetHints":{"allow":["GET"]}}],"collection":[{"href":"https:\/\/hisaronuziraat.com\/index.php\/wp-json\/wp\/v2\/product"}],"about":[{"href":"https:\/\/hisaronuziraat.com\/index.php\/wp-json\/wp\/v2\/types\/product"}],"replies":[{"embeddable":true,"href":"https:\/\/hisaronuziraat.com\/index.php\/wp-json\/wp\/v2\/comments?post=25080"}],"wp:featuredmedia":[{"embeddable":true,"href":"https:\/\/hisaronuziraat.com\/index.php\/wp-json\/wp\/v2\/media\/25076"}],"wp:attachment":[{"href":"https:\/\/hisaronuziraat.com\/index.php\/wp-json\/wp\/v2\/media?parent=25080"}],"wp:term":[{"taxonomy":"product_cat","embeddable":true,"href":"https:\/\/hisaronuziraat.com\/index.php\/wp-json\/wp\/v2\/product_cat?post=25080"},{"taxonomy":"product_tag","embeddable":true,"href":"https:\/\/hisaronuziraat.com\/index.php\/wp-json\/wp\/v2\/product_tag?post=25080"}],"curies":[{"name":"wp","href":"https:\/\/api.w.org\/{rel}","templated":true}]}}