{"id":25073,"date":"2022-12-08T16:03:52","date_gmt":"2022-12-08T13:03:52","guid":{"rendered":"https:\/\/hisaronuziraat.com\/site\/?post_type=product&#038;p=25073"},"modified":"2025-11-24T22:19:58","modified_gmt":"2025-11-24T19:19:58","slug":"acur-selin-10gr","status":"publish","type":"product","link":"https:\/\/hisaronuziraat.com\/index.php\/urun\/acur-selin-10gr\/","title":{"rendered":"Acur Selin 10gr"},"content":{"rendered":"<ul>\n<li>Meyve uzunlu\u011fu 35 &#8211; 65 cm, eni 4 &#8211; 6 cm dir<\/li>\n<\/ul>\n<ul>\n<li>A\u00e7\u0131k ye\u015fil renkli, hasat s\u00fcresi uzun, y\u00fcksek verimli bir \u00e7e\u015fittir<\/li>\n<\/ul>\n<ul>\n<li>Taze t\u00fcketim ve tur\u015fu sanayinde kullan\u0131l\u0131r<\/li>\n<\/ul>\n","protected":false},"excerpt":{"rendered":"<p>Meyve uzunlu\u011fu 35 &#8211; 65 cm, eni 4 &#8211; 6 cm dir A\u00e7\u0131k ye\u015fil renkli, hasat s\u00fcresi uzun, y\u00fcksek verimli bir \u00e7e\u015fittir Taze t\u00fcketim ve tur\u015fu sanayinde kullan\u0131l\u0131r<\/p>\n","protected":false},"featured_media":25071,"comment_status":"open","ping_status":"closed","template":"","meta":[],"product_cat":[90],"product_tag":[],"class_list":{"0":"post-25073","1":"product","2":"type-product","3":"status-publish","4":"has-post-thumbnail","6":"product_cat-sebze","7":"product_brand-arzuman","9":"first","10":"instock","11":"shipping-taxable","12":"purchasable","13":"product-type-simple"},"_links":{"self":[{"href":"https:\/\/hisaronuziraat.com\/index.php\/wp-json\/wp\/v2\/product\/25073","targetHints":{"allow":["GET"]}}],"collection":[{"href":"https:\/\/hisaronuziraat.com\/index.php\/wp-json\/wp\/v2\/product"}],"about":[{"href":"https:\/\/hisaronuziraat.com\/index.php\/wp-json\/wp\/v2\/types\/product"}],"replies":[{"embeddable":true,"href":"https:\/\/hisaronuziraat.com\/index.php\/wp-json\/wp\/v2\/comments?post=25073"}],"wp:featuredmedia":[{"embeddable":true,"href":"https:\/\/hisaronuziraat.com\/index.php\/wp-json\/wp\/v2\/media\/25071"}],"wp:attachment":[{"href":"https:\/\/hisaronuziraat.com\/index.php\/wp-json\/wp\/v2\/media?parent=25073"}],"wp:term":[{"taxonomy":"product_cat","embeddable":true,"href":"https:\/\/hisaronuziraat.com\/index.php\/wp-json\/wp\/v2\/product_cat?post=25073"},{"taxonomy":"product_tag","embeddable":true,"href":"https:\/\/hisaronuziraat.com\/index.php\/wp-json\/wp\/v2\/product_tag?post=25073"}],"curies":[{"name":"wp","href":"https:\/\/api.w.org\/{rel}","templated":true}]}}