{"id":25056,"date":"2022-12-08T15:54:07","date_gmt":"2022-12-08T12:54:07","guid":{"rendered":"https:\/\/hisaronuziraat.com\/site\/?post_type=product&#038;p=25056"},"modified":"2025-11-03T20:36:32","modified_gmt":"2025-11-03T17:36:32","slug":"hiyar-citirbey-tursuluk-10gr","status":"publish","type":"product","link":"https:\/\/hisaronuziraat.com\/index.php\/urun\/hiyar-citirbey-tursuluk-10gr\/","title":{"rendered":"H\u0131yar \u00c7\u0131t\u0131rbey (Tur\u015fuluk) 10gr"},"content":{"rendered":"<ul>\n<li>Erkenci bir \u00e7e\u015fit olup tohum ekiminden itibaren 50-55 g\u00fcnde hasada gelir<\/li>\n<li>Meyveler \u00e7ok sert ve gevrektir<\/li>\n<li>Hasattan sonra uzun s\u00fcre gevrekli\u011fini muhafaza eder<\/li>\n<li>\u0130\u00e7 bo\u015falmas\u0131 ve kofuk yapmaz<\/li>\n<li>Hasat s\u00fcresi uzun ve verimli bir \u00e7e\u015fittir<\/li>\n<\/ul>\n","protected":false},"excerpt":{"rendered":"<p>Erkenci bir \u00e7e\u015fit olup tohum ekiminden itibaren 50-55 g\u00fcnde hasada gelir Meyveler \u00e7ok sert ve gevrektir Hasattan sonra uzun s\u00fcre gevrekli\u011fini muhafaza eder \u0130\u00e7 bo\u015falmas\u0131 ve kofuk yapmaz Hasat s\u00fcresi uzun ve verimli bir \u00e7e\u015fittir<\/p>\n","protected":false},"featured_media":25052,"comment_status":"open","ping_status":"closed","template":"","meta":[],"product_cat":[90],"product_tag":[],"class_list":{"0":"post-25056","1":"product","2":"type-product","3":"status-publish","4":"has-post-thumbnail","6":"product_cat-sebze","7":"product_brand-kucuk-ciftlik","9":"first","10":"instock","11":"shipping-taxable","12":"purchasable","13":"product-type-simple"},"_links":{"self":[{"href":"https:\/\/hisaronuziraat.com\/index.php\/wp-json\/wp\/v2\/product\/25056","targetHints":{"allow":["GET"]}}],"collection":[{"href":"https:\/\/hisaronuziraat.com\/index.php\/wp-json\/wp\/v2\/product"}],"about":[{"href":"https:\/\/hisaronuziraat.com\/index.php\/wp-json\/wp\/v2\/types\/product"}],"replies":[{"embeddable":true,"href":"https:\/\/hisaronuziraat.com\/index.php\/wp-json\/wp\/v2\/comments?post=25056"}],"wp:featuredmedia":[{"embeddable":true,"href":"https:\/\/hisaronuziraat.com\/index.php\/wp-json\/wp\/v2\/media\/25052"}],"wp:attachment":[{"href":"https:\/\/hisaronuziraat.com\/index.php\/wp-json\/wp\/v2\/media?parent=25056"}],"wp:term":[{"taxonomy":"product_cat","embeddable":true,"href":"https:\/\/hisaronuziraat.com\/index.php\/wp-json\/wp\/v2\/product_cat?post=25056"},{"taxonomy":"product_tag","embeddable":true,"href":"https:\/\/hisaronuziraat.com\/index.php\/wp-json\/wp\/v2\/product_tag?post=25056"}],"curies":[{"name":"wp","href":"https:\/\/api.w.org\/{rel}","templated":true}]}}