{"id":25051,"date":"2022-12-08T15:52:37","date_gmt":"2022-12-08T12:52:37","guid":{"rendered":"https:\/\/hisaronuziraat.com\/site\/?post_type=product&#038;p=25051"},"modified":"2025-06-11T11:50:00","modified_gmt":"2025-06-11T08:50:00","slug":"hiyar-besth-alpha-ithal-10gr","status":"publish","type":"product","link":"https:\/\/hisaronuziraat.com\/index.php\/urun\/hiyar-besth-alpha-ithal-10gr\/","title":{"rendered":"H\u0131yar Beith Alpha (\u0130thal) 10gr"},"content":{"rendered":"<ul>\n<li>A\u00e7\u0131k tarla yeti\u015ftiricili\u011fine uygun, bitki yap\u0131s\u0131 \u00e7ok g\u00fc\u00e7l\u00fcd\u00fcr<\/li>\n<li>Meyve boyu 12-15 cm, a\u011f\u0131rl\u0131\u011f\u0131 90-110 gr\u2019d\u0131r<\/li>\n<li>B\u00fct\u00fcn b\u00f6lgelerde \u00fcretimi yap\u0131l\u0131r<\/li>\n<li>Y\u00fcksek verimli ve hasat sonras\u0131 dayan\u0131kl\u0131l\u0131\u011f\u0131 iyidir<\/li>\n<\/ul>\n","protected":false},"excerpt":{"rendered":"<p>A\u00e7\u0131k tarla yeti\u015ftiricili\u011fine uygun, bitki yap\u0131s\u0131 \u00e7ok g\u00fc\u00e7l\u00fcd\u00fcr Meyve boyu 12-15 cm, a\u011f\u0131rl\u0131\u011f\u0131 90-110 gr\u2019d\u0131r B\u00fct\u00fcn b\u00f6lgelerde \u00fcretimi yap\u0131l\u0131r Y\u00fcksek verimli ve hasat sonras\u0131 dayan\u0131kl\u0131l\u0131\u011f\u0131 iyidir<\/p>\n","protected":false},"featured_media":25047,"comment_status":"open","ping_status":"closed","template":"","meta":[],"product_cat":[90],"product_tag":[],"class_list":{"0":"post-25051","1":"product","2":"type-product","3":"status-publish","4":"has-post-thumbnail","6":"product_cat-sebze","7":"product_brand-kucuk-ciftlik","9":"first","10":"instock","11":"shipping-taxable","12":"purchasable","13":"product-type-simple"},"_links":{"self":[{"href":"https:\/\/hisaronuziraat.com\/index.php\/wp-json\/wp\/v2\/product\/25051","targetHints":{"allow":["GET"]}}],"collection":[{"href":"https:\/\/hisaronuziraat.com\/index.php\/wp-json\/wp\/v2\/product"}],"about":[{"href":"https:\/\/hisaronuziraat.com\/index.php\/wp-json\/wp\/v2\/types\/product"}],"replies":[{"embeddable":true,"href":"https:\/\/hisaronuziraat.com\/index.php\/wp-json\/wp\/v2\/comments?post=25051"}],"wp:featuredmedia":[{"embeddable":true,"href":"https:\/\/hisaronuziraat.com\/index.php\/wp-json\/wp\/v2\/media\/25047"}],"wp:attachment":[{"href":"https:\/\/hisaronuziraat.com\/index.php\/wp-json\/wp\/v2\/media?parent=25051"}],"wp:term":[{"taxonomy":"product_cat","embeddable":true,"href":"https:\/\/hisaronuziraat.com\/index.php\/wp-json\/wp\/v2\/product_cat?post=25051"},{"taxonomy":"product_tag","embeddable":true,"href":"https:\/\/hisaronuziraat.com\/index.php\/wp-json\/wp\/v2\/product_tag?post=25051"}],"curies":[{"name":"wp","href":"https:\/\/api.w.org\/{rel}","templated":true}]}}