{"id":25023,"date":"2022-12-08T15:30:06","date_gmt":"2022-12-08T12:30:06","guid":{"rendered":"https:\/\/hisaronuziraat.com\/site\/?post_type=product&#038;p=25023"},"modified":"2025-06-11T11:49:17","modified_gmt":"2025-06-11T08:49:17","slug":"biber-corbaci-yalova-tursuluk-10gr","status":"publish","type":"product","link":"https:\/\/hisaronuziraat.com\/index.php\/urun\/biber-corbaci-yalova-tursuluk-10gr\/","title":{"rendered":"Biber \u00c7orbac\u0131 Yalova Tur\u015fuluk 10gr"},"content":{"rendered":"<ul>\n<li>A\u00e7\u0131k tarla yeti\u015ftiricili\u011fe uygun standart bir biber \u00e7e\u015fididir<\/li>\n<\/ul>\n<ul>\n<li>Bitki 75- 80 cm boylu ve \u00fcstten dallanan bir yap\u0131ya sahiptir<\/li>\n<\/ul>\n<ul>\n<li>Meyvelerin \u015fekli ince sar\u0131, sivri, konik ve \u00fcst k\u0131sm\u0131 k\u00f6r\u00fckl\u00fcd\u00fcr<\/li>\n<\/ul>\n<ul>\n<li>Meyve boyu 24-28 cm&#8217;dir<\/li>\n<\/ul>\n<ul>\n<li>Sar\u0131 renkli olmas\u0131 sebebiyle, tur\u015fu sanayinde tercih edilir<\/li>\n<\/ul>\n<ul>\n<li>Dekara verimi 3,5-4 ton olan g\u00fczel bir \u00e7e\u015fittir<\/li>\n<\/ul>\n","protected":false},"excerpt":{"rendered":"<p>A\u00e7\u0131k tarla yeti\u015ftiricili\u011fe uygun standart bir biber \u00e7e\u015fididir Bitki 75- 80 cm boylu ve \u00fcstten dallanan bir yap\u0131ya sahiptir Meyvelerin \u015fekli ince sar\u0131, sivri, konik ve \u00fcst k\u0131sm\u0131 k\u00f6r\u00fckl\u00fcd\u00fcr Meyve boyu 24-28 cm&#8217;dir Sar\u0131 renkli olmas\u0131 sebebiyle, tur\u015fu sanayinde tercih edilir Dekara verimi 3,5-4 ton olan g\u00fczel bir \u00e7e\u015fittir<\/p>\n","protected":false},"featured_media":25021,"comment_status":"open","ping_status":"closed","template":"","meta":[],"product_cat":[90],"product_tag":[],"class_list":{"0":"post-25023","1":"product","2":"type-product","3":"status-publish","4":"has-post-thumbnail","6":"product_cat-sebze","7":"product_brand-kucuk-ciftlik","9":"first","10":"instock","11":"shipping-taxable","12":"purchasable","13":"product-type-simple"},"_links":{"self":[{"href":"https:\/\/hisaronuziraat.com\/index.php\/wp-json\/wp\/v2\/product\/25023","targetHints":{"allow":["GET"]}}],"collection":[{"href":"https:\/\/hisaronuziraat.com\/index.php\/wp-json\/wp\/v2\/product"}],"about":[{"href":"https:\/\/hisaronuziraat.com\/index.php\/wp-json\/wp\/v2\/types\/product"}],"replies":[{"embeddable":true,"href":"https:\/\/hisaronuziraat.com\/index.php\/wp-json\/wp\/v2\/comments?post=25023"}],"wp:featuredmedia":[{"embeddable":true,"href":"https:\/\/hisaronuziraat.com\/index.php\/wp-json\/wp\/v2\/media\/25021"}],"wp:attachment":[{"href":"https:\/\/hisaronuziraat.com\/index.php\/wp-json\/wp\/v2\/media?parent=25023"}],"wp:term":[{"taxonomy":"product_cat","embeddable":true,"href":"https:\/\/hisaronuziraat.com\/index.php\/wp-json\/wp\/v2\/product_cat?post=25023"},{"taxonomy":"product_tag","embeddable":true,"href":"https:\/\/hisaronuziraat.com\/index.php\/wp-json\/wp\/v2\/product_tag?post=25023"}],"curies":[{"name":"wp","href":"https:\/\/api.w.org\/{rel}","templated":true}]}}