{"id":25014,"date":"2022-12-08T15:24:06","date_gmt":"2022-12-08T12:24:06","guid":{"rendered":"https:\/\/hisaronuziraat.com\/site\/?post_type=product&#038;p=25014"},"modified":"2025-06-11T11:48:29","modified_gmt":"2025-06-11T08:48:29","slug":"fasulye-bt-alman-ayse-bursa-tohum-no4-1kg","status":"publish","type":"product","link":"https:\/\/hisaronuziraat.com\/index.php\/urun\/fasulye-bt-alman-ayse-bursa-tohum-no4-1kg\/","title":{"rendered":"Fasulye Alman Ay\u015fe  4 &#8211; 1kg"},"content":{"rendered":"<div>S\u0131r\u0131k fasulye \u00e7e\u015fididir.<\/div>\n<div>Sera ve a\u00e7\u0131k saha yeti\u015ftiricili\u011fine uygundur.<\/div>\n<div>Bakla uzunlu\u011fu 22-25 cm. Meyve \u00e7ap\u0131 1 cm&#8217;dir.<\/div>\n<div>Meyve rengi koyu ye\u015fildir ve k\u0131l\u00e7\u0131ks\u0131zd\u0131r.<\/div>\n<div>\u00e7ok verimli ve lezzetlidir.<\/div>\n<div>Baklalar\u0131 ser\u00e7e parma\u011f\u0131 gibi yuvarlak kesitlidir.<\/div>\n","protected":false},"excerpt":{"rendered":"<p>S\u0131r\u0131k fasulye \u00e7e\u015fididir. Sera ve a\u00e7\u0131k saha yeti\u015ftiricili\u011fine uygundur. Bakla uzunlu\u011fu 22-25 cm. Meyve \u00e7ap\u0131 1 cm&#8217;dir. Meyve rengi koyu ye\u015fildir ve k\u0131l\u00e7\u0131ks\u0131zd\u0131r. \u00e7ok verimli ve lezzetlidir. Baklalar\u0131 ser\u00e7e parma\u011f\u0131 gibi yuvarlak kesitlidir.<\/p>\n","protected":false},"featured_media":25012,"comment_status":"open","ping_status":"closed","template":"","meta":[],"product_cat":[90],"product_tag":[],"class_list":{"0":"post-25014","1":"product","2":"type-product","3":"status-publish","4":"has-post-thumbnail","6":"product_cat-sebze","7":"product_brand-bursa-tohum","9":"first","10":"instock","11":"shipping-taxable","12":"purchasable","13":"product-type-simple"},"_links":{"self":[{"href":"https:\/\/hisaronuziraat.com\/index.php\/wp-json\/wp\/v2\/product\/25014","targetHints":{"allow":["GET"]}}],"collection":[{"href":"https:\/\/hisaronuziraat.com\/index.php\/wp-json\/wp\/v2\/product"}],"about":[{"href":"https:\/\/hisaronuziraat.com\/index.php\/wp-json\/wp\/v2\/types\/product"}],"replies":[{"embeddable":true,"href":"https:\/\/hisaronuziraat.com\/index.php\/wp-json\/wp\/v2\/comments?post=25014"}],"wp:featuredmedia":[{"embeddable":true,"href":"https:\/\/hisaronuziraat.com\/index.php\/wp-json\/wp\/v2\/media\/25012"}],"wp:attachment":[{"href":"https:\/\/hisaronuziraat.com\/index.php\/wp-json\/wp\/v2\/media?parent=25014"}],"wp:term":[{"taxonomy":"product_cat","embeddable":true,"href":"https:\/\/hisaronuziraat.com\/index.php\/wp-json\/wp\/v2\/product_cat?post=25014"},{"taxonomy":"product_tag","embeddable":true,"href":"https:\/\/hisaronuziraat.com\/index.php\/wp-json\/wp\/v2\/product_tag?post=25014"}],"curies":[{"name":"wp","href":"https:\/\/api.w.org\/{rel}","templated":true}]}}