{"id":24950,"date":"2022-12-07T17:20:07","date_gmt":"2022-12-07T14:20:07","guid":{"rendered":"https:\/\/hisaronuziraat.com\/site\/?post_type=product&#038;p=24950"},"modified":"2025-06-14T13:47:58","modified_gmt":"2025-06-14T10:47:58","slug":"pirasa-inegol-25gr","status":"publish","type":"product","link":"https:\/\/hisaronuziraat.com\/index.php\/urun\/pirasa-inegol-25gr\/","title":{"rendered":"P\u0131rasa \u0130neg\u00f6l 25gr"},"content":{"rendered":"<ul>\n<li>Orta erkenci bir \u00e7e\u015fittir<\/li>\n<li>Beyaz g\u00f6vdesi uzun<\/li>\n<li>Yenilen k\u0131sm\u0131 yakla\u015f\u0131k 50 cm uzunlu\u011funda, 3-4 cm \u00e7ap\u0131ndad\u0131r<\/li>\n<li>Lezzetli bir \u00e7e\u015fittir<\/li>\n<\/ul>\n","protected":false},"excerpt":{"rendered":"<p>Orta erkenci bir \u00e7e\u015fittir Beyaz g\u00f6vdesi uzun Yenilen k\u0131sm\u0131 yakla\u015f\u0131k 50 cm uzunlu\u011funda, 3-4 cm \u00e7ap\u0131ndad\u0131r Lezzetli bir \u00e7e\u015fittir<\/p>\n","protected":false},"featured_media":24951,"comment_status":"open","ping_status":"closed","template":"","meta":[],"product_cat":[90],"product_tag":[],"class_list":{"0":"post-24950","1":"product","2":"type-product","3":"status-publish","4":"has-post-thumbnail","6":"product_cat-sebze","7":"product_brand-kucuk-ciftlik","9":"first","10":"instock","11":"taxable","12":"shipping-taxable","13":"purchasable","14":"product-type-simple"},"_links":{"self":[{"href":"https:\/\/hisaronuziraat.com\/index.php\/wp-json\/wp\/v2\/product\/24950","targetHints":{"allow":["GET"]}}],"collection":[{"href":"https:\/\/hisaronuziraat.com\/index.php\/wp-json\/wp\/v2\/product"}],"about":[{"href":"https:\/\/hisaronuziraat.com\/index.php\/wp-json\/wp\/v2\/types\/product"}],"replies":[{"embeddable":true,"href":"https:\/\/hisaronuziraat.com\/index.php\/wp-json\/wp\/v2\/comments?post=24950"}],"wp:featuredmedia":[{"embeddable":true,"href":"https:\/\/hisaronuziraat.com\/index.php\/wp-json\/wp\/v2\/media\/24951"}],"wp:attachment":[{"href":"https:\/\/hisaronuziraat.com\/index.php\/wp-json\/wp\/v2\/media?parent=24950"}],"wp:term":[{"taxonomy":"product_cat","embeddable":true,"href":"https:\/\/hisaronuziraat.com\/index.php\/wp-json\/wp\/v2\/product_cat?post=24950"},{"taxonomy":"product_tag","embeddable":true,"href":"https:\/\/hisaronuziraat.com\/index.php\/wp-json\/wp\/v2\/product_tag?post=24950"}],"curies":[{"name":"wp","href":"https:\/\/api.w.org\/{rel}","templated":true}]}}