{"id":24928,"date":"2022-12-07T16:18:45","date_gmt":"2022-12-07T13:18:45","guid":{"rendered":"https:\/\/hisaronuziraat.com\/site\/?post_type=product&#038;p=24928"},"modified":"2025-11-03T21:12:23","modified_gmt":"2025-11-03T18:12:23","slug":"kereviz-canakkale-beyazbas-10gr","status":"publish","type":"product","link":"https:\/\/hisaronuziraat.com\/index.php\/urun\/kereviz-canakkale-beyazbas-10gr\/","title":{"rendered":"Kereviz \u00c7anakkale (Beyazba\u015f) 10gr"},"content":{"rendered":"<ul>\n<li>Yuvarla\u011fa yak\u0131n bas\u0131k \u015fekilli, beyaz etli ve s\u0131k\u0131 dokulu bir yap\u0131s\u0131 vard\u0131r<\/li>\n<li>K\u00f6k \u00e7ap\u0131 10-11 cm olup gevrek ve lifsizdir<\/li>\n<\/ul>\n","protected":false},"excerpt":{"rendered":"<p>Yuvarla\u011fa yak\u0131n bas\u0131k \u015fekilli, beyaz etli ve s\u0131k\u0131 dokulu bir yap\u0131s\u0131 vard\u0131r K\u00f6k \u00e7ap\u0131 10-11 cm olup gevrek ve lifsizdir<\/p>\n","protected":false},"featured_media":24924,"comment_status":"open","ping_status":"closed","template":"","meta":[],"product_cat":[90],"product_tag":[],"class_list":{"0":"post-24928","1":"product","2":"type-product","3":"status-publish","4":"has-post-thumbnail","6":"product_cat-sebze","7":"product_brand-kucuk-ciftlik","9":"first","10":"instock","11":"shipping-taxable","12":"purchasable","13":"product-type-simple"},"_links":{"self":[{"href":"https:\/\/hisaronuziraat.com\/index.php\/wp-json\/wp\/v2\/product\/24928","targetHints":{"allow":["GET"]}}],"collection":[{"href":"https:\/\/hisaronuziraat.com\/index.php\/wp-json\/wp\/v2\/product"}],"about":[{"href":"https:\/\/hisaronuziraat.com\/index.php\/wp-json\/wp\/v2\/types\/product"}],"replies":[{"embeddable":true,"href":"https:\/\/hisaronuziraat.com\/index.php\/wp-json\/wp\/v2\/comments?post=24928"}],"wp:featuredmedia":[{"embeddable":true,"href":"https:\/\/hisaronuziraat.com\/index.php\/wp-json\/wp\/v2\/media\/24924"}],"wp:attachment":[{"href":"https:\/\/hisaronuziraat.com\/index.php\/wp-json\/wp\/v2\/media?parent=24928"}],"wp:term":[{"taxonomy":"product_cat","embeddable":true,"href":"https:\/\/hisaronuziraat.com\/index.php\/wp-json\/wp\/v2\/product_cat?post=24928"},{"taxonomy":"product_tag","embeddable":true,"href":"https:\/\/hisaronuziraat.com\/index.php\/wp-json\/wp\/v2\/product_tag?post=24928"}],"curies":[{"name":"wp","href":"https:\/\/api.w.org\/{rel}","templated":true}]}}