{"id":24918,"date":"2022-12-07T16:12:07","date_gmt":"2022-12-07T13:12:07","guid":{"rendered":"https:\/\/hisaronuziraat.com\/site\/?post_type=product&amp;p=24918"},"modified":"2022-12-07T16:12:07","modified_gmt":"2022-12-07T13:12:07","slug":"lahana-bayrakli-85-10gr","status":"publish","type":"product","link":"https:\/\/hisaronuziraat.com\/index.php\/urun\/lahana-bayrakli-85-10gr\/","title":{"rendered":"Lahana Bayrakl\u0131-85 10gr"},"content":{"rendered":"<ul>\n<li>B\u00fct\u00fcn b\u00f6lgelerimizde ekimi yap\u0131labilir<\/li>\n<\/ul>\n<ul>\n<li>Ba\u015f a\u011f\u0131rl\u0131\u011f\u0131 4-7 kg hafif bas\u0131k, yuvarlak ve s\u0131k\u0131 yap\u0131l\u0131d\u0131r<\/li>\n<\/ul>\n<ul>\n<li>Orta erkenci bir \u00e7e\u015fittir<\/li>\n<\/ul>\n<ul>\n<li>Dikimden hasada kadar 90 g\u00fcnde olgunla\u015f\u0131r<\/li>\n<\/ul>\n","protected":false},"excerpt":{"rendered":"<p>B\u00fct\u00fcn b\u00f6lgelerimizde ekimi yap\u0131labilir Ba\u015f a\u011f\u0131rl\u0131\u011f\u0131 4-7 kg hafif bas\u0131k, yuvarlak ve s\u0131k\u0131 yap\u0131l\u0131d\u0131r Orta erkenci bir \u00e7e\u015fittir Dikimden hasada kadar 90 g\u00fcnde olgunla\u015f\u0131r<\/p>\n","protected":false},"featured_media":24916,"comment_status":"open","ping_status":"closed","template":"","meta":[],"product_cat":[90],"product_tag":[],"class_list":{"0":"post-24918","1":"product","2":"type-product","3":"status-publish","4":"has-post-thumbnail","6":"product_cat-sebze","7":"product_brand-kucuk-ciftlik","9":"first","10":"instock","11":"shipping-taxable","12":"purchasable","13":"product-type-simple"},"_links":{"self":[{"href":"https:\/\/hisaronuziraat.com\/index.php\/wp-json\/wp\/v2\/product\/24918","targetHints":{"allow":["GET"]}}],"collection":[{"href":"https:\/\/hisaronuziraat.com\/index.php\/wp-json\/wp\/v2\/product"}],"about":[{"href":"https:\/\/hisaronuziraat.com\/index.php\/wp-json\/wp\/v2\/types\/product"}],"replies":[{"embeddable":true,"href":"https:\/\/hisaronuziraat.com\/index.php\/wp-json\/wp\/v2\/comments?post=24918"}],"wp:featuredmedia":[{"embeddable":true,"href":"https:\/\/hisaronuziraat.com\/index.php\/wp-json\/wp\/v2\/media\/24916"}],"wp:attachment":[{"href":"https:\/\/hisaronuziraat.com\/index.php\/wp-json\/wp\/v2\/media?parent=24918"}],"wp:term":[{"taxonomy":"product_cat","embeddable":true,"href":"https:\/\/hisaronuziraat.com\/index.php\/wp-json\/wp\/v2\/product_cat?post=24918"},{"taxonomy":"product_tag","embeddable":true,"href":"https:\/\/hisaronuziraat.com\/index.php\/wp-json\/wp\/v2\/product_tag?post=24918"}],"curies":[{"name":"wp","href":"https:\/\/api.w.org\/{rel}","templated":true}]}}