{"id":24889,"date":"2022-12-07T15:36:38","date_gmt":"2022-12-07T12:36:38","guid":{"rendered":"https:\/\/hisaronuziraat.com\/site\/?post_type=product&#038;p=24889"},"modified":"2025-06-14T13:53:40","modified_gmt":"2025-06-14T10:53:40","slug":"zinon-konsantre-emulsiyon-250ml","status":"publish","type":"product","link":"https:\/\/hisaronuziraat.com\/index.php\/urun\/zinon-konsantre-emulsiyon-250ml\/","title":{"rendered":"Zinon Konsantre Em\u00fclsiyon 250ml"},"content":{"rendered":"<p>Solvent bazl\u0131, 3 etkili \u00f6zel form\u00fclasyonu ile ani etkili ha\u015fere ilac\u0131. \u0130\u00e7eri\u011finde bulunan Permethrin ile g\u00fc\u00e7l\u00fc \u00f6ld\u00fcr\u00fcc\u00fc etki, Tetramethrin ile ani d\u00fc\u015f\u00fcr\u00fcc\u00fc etki ve PBO ile ba\u011f\u0131\u015f\u0131kl\u0131k kazanm\u0131\u015f t\u00fcrlerde ba\u011f\u0131\u015f\u0131kl\u0131k sistemine direkt etki etmesi ile kesin ve ani sonu\u00e7.<\/p>\n<p>Form\u00fclasyon:\u00a0Em\u00fclsiyon Konsantre (EC)<\/p>\n<ul>\n<li>6,5 % Permethrin<\/li>\n<li>1,4 % Tetramethrin<\/li>\n<li>7 % \u00a0PBO<\/li>\n<\/ul>\n<p>Etkili Oldu\u011fu Ha\u015fereler: T\u00fcm Kalorifer B\u00f6ce\u011fi \u00e7e\u015fitleri i\u00e7in ge\u00e7erlidir.<\/p>\n<p>Kullan\u0131m \u015eekli:\u00a0ULV ve y\u00fczey uygulamalar\u0131nda kullan\u0131lmaktad\u0131r. Etiket \u00fczerinde yer alan oranlara g\u00f6re kar\u0131\u015f\u0131m yap\u0131ld\u0131ktan sonra ha\u015ferelerin konacaklar\u0131 veya y\u00fcr\u00fcyecekleri y\u00fczeylerin \u00fczerini iyice kaplayacak \u015fekilde p\u00fcsk\u00fcrt\u00fclerek uygulama ger\u00e7ekle\u015ftirilir.<\/p>\n","protected":false},"excerpt":{"rendered":"<p>Solvent bazl\u0131, 3 etkili \u00f6zel form\u00fclasyonu ile ani etkili ha\u015fere ilac\u0131. \u0130\u00e7eri\u011finde bulunan Permethrin ile g\u00fc\u00e7l\u00fc \u00f6ld\u00fcr\u00fcc\u00fc etki, Tetramethrin ile ani d\u00fc\u015f\u00fcr\u00fcc\u00fc etki ve PBO ile ba\u011f\u0131\u015f\u0131kl\u0131k kazanm\u0131\u015f t\u00fcrlerde ba\u011f\u0131\u015f\u0131kl\u0131k sistemine direkt etki etmesi ile kesin ve ani sonu\u00e7. Form\u00fclasyon:\u00a0Em\u00fclsiyon Konsantre (EC) 6,5 % Permethrin 1,4 % Tetramethrin 7 % \u00a0PBO Etkili Oldu\u011fu Ha\u015fereler: T\u00fcm [&hellip;]<\/p>\n","protected":false},"featured_media":24887,"comment_status":"open","ping_status":"closed","template":"","meta":[],"product_cat":[96],"product_tag":[],"class_list":{"0":"post-24889","1":"product","2":"type-product","3":"status-publish","4":"has-post-thumbnail","6":"product_cat-halk-sagligi","7":"product_brand-aydin-kimya","9":"first","10":"instock","11":"shipping-taxable","12":"purchasable","13":"product-type-simple"},"_links":{"self":[{"href":"https:\/\/hisaronuziraat.com\/index.php\/wp-json\/wp\/v2\/product\/24889","targetHints":{"allow":["GET"]}}],"collection":[{"href":"https:\/\/hisaronuziraat.com\/index.php\/wp-json\/wp\/v2\/product"}],"about":[{"href":"https:\/\/hisaronuziraat.com\/index.php\/wp-json\/wp\/v2\/types\/product"}],"replies":[{"embeddable":true,"href":"https:\/\/hisaronuziraat.com\/index.php\/wp-json\/wp\/v2\/comments?post=24889"}],"wp:featuredmedia":[{"embeddable":true,"href":"https:\/\/hisaronuziraat.com\/index.php\/wp-json\/wp\/v2\/media\/24887"}],"wp:attachment":[{"href":"https:\/\/hisaronuziraat.com\/index.php\/wp-json\/wp\/v2\/media?parent=24889"}],"wp:term":[{"taxonomy":"product_cat","embeddable":true,"href":"https:\/\/hisaronuziraat.com\/index.php\/wp-json\/wp\/v2\/product_cat?post=24889"},{"taxonomy":"product_tag","embeddable":true,"href":"https:\/\/hisaronuziraat.com\/index.php\/wp-json\/wp\/v2\/product_tag?post=24889"}],"curies":[{"name":"wp","href":"https:\/\/api.w.org\/{rel}","templated":true}]}}