{"id":24854,"date":"2022-12-06T16:36:45","date_gmt":"2022-12-06T13:36:45","guid":{"rendered":"https:\/\/hisaronuziraat.com\/site\/?post_type=product&#038;p=24854"},"modified":"2025-11-03T21:15:05","modified_gmt":"2025-11-03T18:15:05","slug":"pazi-tohumu-chard-500gr","status":"publish","type":"product","link":"https:\/\/hisaronuziraat.com\/index.php\/urun\/pazi-tohumu-chard-500gr\/","title":{"rendered":"Paz\u0131 Tohumu  500gr"},"content":{"rendered":"<p>Tuna 500gr<\/p>\n<ul>\n<li>Yapraklar\u0131 geni\u015f, uzun ve a\u00e7\u0131k-ye\u015fil renklidir<\/li>\n<\/ul>\n<ul>\n<li>Ekimi b\u00fct\u00fcn b\u00f6lgelerde \u00f6nerilen bir \u00e7e\u015fittir<\/li>\n<\/ul>\n<ul>\n<li>Temmuz ve \u015eubat aylar\u0131 aras\u0131nda, ekilmesi tavsiye edilir<\/li>\n<\/ul>\n","protected":false},"excerpt":{"rendered":"<p>Tuna 500gr Yapraklar\u0131 geni\u015f, uzun ve a\u00e7\u0131k-ye\u015fil renklidir Ekimi b\u00fct\u00fcn b\u00f6lgelerde \u00f6nerilen bir \u00e7e\u015fittir Temmuz ve \u015eubat aylar\u0131 aras\u0131nda, ekilmesi tavsiye edilir<\/p>\n","protected":false},"featured_media":24852,"comment_status":"open","ping_status":"closed","template":"","meta":[],"product_cat":[90],"product_tag":[],"class_list":{"0":"post-24854","1":"product","2":"type-product","3":"status-publish","4":"has-post-thumbnail","6":"product_cat-sebze","7":"product_brand-kucuk-ciftlik","9":"first","10":"instock","11":"shipping-taxable","12":"purchasable","13":"product-type-simple"},"_links":{"self":[{"href":"https:\/\/hisaronuziraat.com\/index.php\/wp-json\/wp\/v2\/product\/24854","targetHints":{"allow":["GET"]}}],"collection":[{"href":"https:\/\/hisaronuziraat.com\/index.php\/wp-json\/wp\/v2\/product"}],"about":[{"href":"https:\/\/hisaronuziraat.com\/index.php\/wp-json\/wp\/v2\/types\/product"}],"replies":[{"embeddable":true,"href":"https:\/\/hisaronuziraat.com\/index.php\/wp-json\/wp\/v2\/comments?post=24854"}],"wp:featuredmedia":[{"embeddable":true,"href":"https:\/\/hisaronuziraat.com\/index.php\/wp-json\/wp\/v2\/media\/24852"}],"wp:attachment":[{"href":"https:\/\/hisaronuziraat.com\/index.php\/wp-json\/wp\/v2\/media?parent=24854"}],"wp:term":[{"taxonomy":"product_cat","embeddable":true,"href":"https:\/\/hisaronuziraat.com\/index.php\/wp-json\/wp\/v2\/product_cat?post=24854"},{"taxonomy":"product_tag","embeddable":true,"href":"https:\/\/hisaronuziraat.com\/index.php\/wp-json\/wp\/v2\/product_tag?post=24854"}],"curies":[{"name":"wp","href":"https:\/\/api.w.org\/{rel}","templated":true}]}}