{"id":24835,"date":"2022-12-06T16:10:58","date_gmt":"2022-12-06T13:10:58","guid":{"rendered":"https:\/\/hisaronuziraat.com\/site\/?post_type=product&#038;p=24835"},"modified":"2025-06-14T13:57:22","modified_gmt":"2025-06-14T10:57:22","slug":"bamya-bornova-kinali-10gr","status":"publish","type":"product","link":"https:\/\/hisaronuziraat.com\/index.php\/urun\/bamya-bornova-kinali-10gr\/","title":{"rendered":"Bamya Bornova K\u0131nal\u0131 10gr"},"content":{"rendered":"<ul>\n<li>Meyveleri 4-5 cm uzunlu\u011funda, k\u0131rm\u0131z\u0131 ye\u015fil renktedir<\/li>\n<\/ul>\n<ul>\n<li>Verim devresi uzun, erkenci bir \u00e7e\u015fittir<\/li>\n<\/ul>\n<ul>\n<li>Dekara verimi 700-800 kg civar\u0131ndad\u0131r<\/li>\n<\/ul>\n<ul>\n<li>Ege B\u00f6lgesinde ekimi yayg\u0131n olarak yap\u0131l\u0131r<\/li>\n<\/ul>\n","protected":false},"excerpt":{"rendered":"<p>Meyveleri 4-5 cm uzunlu\u011funda, k\u0131rm\u0131z\u0131 ye\u015fil renktedir Verim devresi uzun, erkenci bir \u00e7e\u015fittir Dekara verimi 700-800 kg civar\u0131ndad\u0131r Ege B\u00f6lgesinde ekimi yayg\u0131n olarak yap\u0131l\u0131r<\/p>\n","protected":false},"featured_media":24833,"comment_status":"open","ping_status":"closed","template":"","meta":[],"product_cat":[90],"product_tag":[],"class_list":{"0":"post-24835","1":"product","2":"type-product","3":"status-publish","4":"has-post-thumbnail","6":"product_cat-sebze","7":"product_brand-kucuk-ciftlik","9":"first","10":"instock","11":"shipping-taxable","12":"purchasable","13":"product-type-simple"},"_links":{"self":[{"href":"https:\/\/hisaronuziraat.com\/index.php\/wp-json\/wp\/v2\/product\/24835","targetHints":{"allow":["GET"]}}],"collection":[{"href":"https:\/\/hisaronuziraat.com\/index.php\/wp-json\/wp\/v2\/product"}],"about":[{"href":"https:\/\/hisaronuziraat.com\/index.php\/wp-json\/wp\/v2\/types\/product"}],"replies":[{"embeddable":true,"href":"https:\/\/hisaronuziraat.com\/index.php\/wp-json\/wp\/v2\/comments?post=24835"}],"wp:featuredmedia":[{"embeddable":true,"href":"https:\/\/hisaronuziraat.com\/index.php\/wp-json\/wp\/v2\/media\/24833"}],"wp:attachment":[{"href":"https:\/\/hisaronuziraat.com\/index.php\/wp-json\/wp\/v2\/media?parent=24835"}],"wp:term":[{"taxonomy":"product_cat","embeddable":true,"href":"https:\/\/hisaronuziraat.com\/index.php\/wp-json\/wp\/v2\/product_cat?post=24835"},{"taxonomy":"product_tag","embeddable":true,"href":"https:\/\/hisaronuziraat.com\/index.php\/wp-json\/wp\/v2\/product_tag?post=24835"}],"curies":[{"name":"wp","href":"https:\/\/api.w.org\/{rel}","templated":true}]}}