{"id":24821,"date":"2022-12-06T15:56:47","date_gmt":"2022-12-06T12:56:47","guid":{"rendered":"https:\/\/hisaronuziraat.com\/site\/?post_type=product&#038;p=24821"},"modified":"2025-06-14T13:58:30","modified_gmt":"2025-06-14T10:58:30","slug":"maydonoz-bezirci-1kg","status":"publish","type":"product","link":"https:\/\/hisaronuziraat.com\/index.php\/urun\/maydonoz-bezirci-1kg\/","title":{"rendered":"Maydonoz (Bezirci) 1kg"},"content":{"rendered":"<ul>\n<li>Yapraklar\u0131 geni\u015f ve d\u00fcz yap\u0131l\u0131d\u0131r<\/li>\n<\/ul>\n<ul>\n<li>Baz\u0131 y\u00f6relerde kereviz yaprak diye de bilinir<\/li>\n<\/ul>\n<ul>\n<li>Yaprak rengi ye\u015fil olup \u00fc\u00e7 be\u015f par\u00e7al\u0131 ve u\u00e7lar\u0131 hafif sivridir<\/li>\n<\/ul>\n<ul>\n<li>Tohum ekiminden itibaren 65-70 g\u00fcnde hasada gelir<\/li>\n<\/ul>\n<ul>\n<li>Demet yapmaya m\u00fcsait ve senede 5-6 defa bi\u00e7im yap\u0131labilir<\/li>\n<\/ul>\n","protected":false},"excerpt":{"rendered":"<p>Yapraklar\u0131 geni\u015f ve d\u00fcz yap\u0131l\u0131d\u0131r Baz\u0131 y\u00f6relerde kereviz yaprak diye de bilinir Yaprak rengi ye\u015fil olup \u00fc\u00e7 be\u015f par\u00e7al\u0131 ve u\u00e7lar\u0131 hafif sivridir Tohum ekiminden itibaren 65-70 g\u00fcnde hasada gelir Demet yapmaya m\u00fcsait ve senede 5-6 defa bi\u00e7im yap\u0131labilir<\/p>\n","protected":false},"featured_media":24819,"comment_status":"open","ping_status":"closed","template":"","meta":[],"product_cat":[90],"product_tag":[],"class_list":{"0":"post-24821","1":"product","2":"type-product","3":"status-publish","4":"has-post-thumbnail","6":"product_cat-sebze","7":"product_brand-kucuk-ciftlik","9":"first","10":"instock","11":"shipping-taxable","12":"purchasable","13":"product-type-simple"},"_links":{"self":[{"href":"https:\/\/hisaronuziraat.com\/index.php\/wp-json\/wp\/v2\/product\/24821","targetHints":{"allow":["GET"]}}],"collection":[{"href":"https:\/\/hisaronuziraat.com\/index.php\/wp-json\/wp\/v2\/product"}],"about":[{"href":"https:\/\/hisaronuziraat.com\/index.php\/wp-json\/wp\/v2\/types\/product"}],"replies":[{"embeddable":true,"href":"https:\/\/hisaronuziraat.com\/index.php\/wp-json\/wp\/v2\/comments?post=24821"}],"wp:featuredmedia":[{"embeddable":true,"href":"https:\/\/hisaronuziraat.com\/index.php\/wp-json\/wp\/v2\/media\/24819"}],"wp:attachment":[{"href":"https:\/\/hisaronuziraat.com\/index.php\/wp-json\/wp\/v2\/media?parent=24821"}],"wp:term":[{"taxonomy":"product_cat","embeddable":true,"href":"https:\/\/hisaronuziraat.com\/index.php\/wp-json\/wp\/v2\/product_cat?post=24821"},{"taxonomy":"product_tag","embeddable":true,"href":"https:\/\/hisaronuziraat.com\/index.php\/wp-json\/wp\/v2\/product_tag?post=24821"}],"curies":[{"name":"wp","href":"https:\/\/api.w.org\/{rel}","templated":true}]}}