{"id":24770,"date":"2022-12-06T14:24:24","date_gmt":"2022-12-06T11:24:24","guid":{"rendered":"https:\/\/hisaronuziraat.com\/site\/?post_type=product&#038;p=24770"},"modified":"2025-11-03T21:17:57","modified_gmt":"2025-11-03T18:17:57","slug":"semizotu-tunc-sari-istanbul-25gr","status":"publish","type":"product","link":"https:\/\/hisaronuziraat.com\/index.php\/urun\/semizotu-tunc-sari-istanbul-25gr\/","title":{"rendered":"Semizotu Tun\u00e7 (Sar\u0131 \u0130stanbul) 25gr"},"content":{"rendered":"<div>\n<ul>\n<li>Yaprak rengi a\u00e7\u0131k ye\u015fil-sar\u0131 ve s\u0131caklara dayan\u0131kl\u0131d\u0131r<\/li>\n<li>Pazar pay\u0131 y\u00fcksek bir \u00e7e\u015fittir<\/li>\n<\/ul>\n<\/div>\n","protected":false},"excerpt":{"rendered":"<p>Yaprak rengi a\u00e7\u0131k ye\u015fil-sar\u0131 ve s\u0131caklara dayan\u0131kl\u0131d\u0131r Pazar pay\u0131 y\u00fcksek bir \u00e7e\u015fittir<\/p>\n","protected":false},"featured_media":24771,"comment_status":"open","ping_status":"closed","template":"","meta":[],"product_cat":[90],"product_tag":[],"class_list":{"0":"post-24770","1":"product","2":"type-product","3":"status-publish","4":"has-post-thumbnail","6":"product_cat-sebze","7":"product_brand-kucuk-ciftlik","9":"first","10":"instock","11":"shipping-taxable","12":"purchasable","13":"product-type-simple"},"_links":{"self":[{"href":"https:\/\/hisaronuziraat.com\/index.php\/wp-json\/wp\/v2\/product\/24770","targetHints":{"allow":["GET"]}}],"collection":[{"href":"https:\/\/hisaronuziraat.com\/index.php\/wp-json\/wp\/v2\/product"}],"about":[{"href":"https:\/\/hisaronuziraat.com\/index.php\/wp-json\/wp\/v2\/types\/product"}],"replies":[{"embeddable":true,"href":"https:\/\/hisaronuziraat.com\/index.php\/wp-json\/wp\/v2\/comments?post=24770"}],"wp:featuredmedia":[{"embeddable":true,"href":"https:\/\/hisaronuziraat.com\/index.php\/wp-json\/wp\/v2\/media\/24771"}],"wp:attachment":[{"href":"https:\/\/hisaronuziraat.com\/index.php\/wp-json\/wp\/v2\/media?parent=24770"}],"wp:term":[{"taxonomy":"product_cat","embeddable":true,"href":"https:\/\/hisaronuziraat.com\/index.php\/wp-json\/wp\/v2\/product_cat?post=24770"},{"taxonomy":"product_tag","embeddable":true,"href":"https:\/\/hisaronuziraat.com\/index.php\/wp-json\/wp\/v2\/product_tag?post=24770"}],"curies":[{"name":"wp","href":"https:\/\/api.w.org\/{rel}","templated":true}]}}