{"id":24627,"date":"2022-12-04T22:07:26","date_gmt":"2022-12-04T19:07:26","guid":{"rendered":"https:\/\/hisaronuziraat.com\/site\/?post_type=product&#038;p=24627"},"modified":"2025-06-14T14:10:05","modified_gmt":"2025-06-14T11:10:05","slug":"biber-yalova-carliston-341-500-gr","status":"publish","type":"product","link":"https:\/\/hisaronuziraat.com\/index.php\/urun\/biber-yalova-carliston-341-500-gr\/","title":{"rendered":"Biber Yalova \u00c7arliston-341 500gr"},"content":{"rendered":"<p>500 gr Teneke<\/p>\n<ul>\n<li>A\u00e7\u0131k tarla yeti\u015ftiricili\u011fine uygun bir biber \u00e7e\u015fididir<\/li>\n<\/ul>\n<ul>\n<li>Bitki yap\u0131s\u0131 orta b\u00fcy\u00fckl\u00fcktedir<\/li>\n<\/ul>\n<ul>\n<li>Meyve uzunlu\u011fu 16-18 cm olup, sap k\u0131sm\u0131 3 cm dir<\/li>\n<\/ul>\n<ul>\n<li>Meyve rengi a\u00e7\u0131k ye\u015fil, verimi \u00e7ok y\u00fcksek bir \u00e7e\u015fittir<\/li>\n<\/ul>\n","protected":false},"excerpt":{"rendered":"<p>500 gr Teneke A\u00e7\u0131k tarla yeti\u015ftiricili\u011fine uygun bir biber \u00e7e\u015fididir Bitki yap\u0131s\u0131 orta b\u00fcy\u00fckl\u00fcktedir Meyve uzunlu\u011fu 16-18 cm olup, sap k\u0131sm\u0131 3 cm dir Meyve rengi a\u00e7\u0131k ye\u015fil, verimi \u00e7ok y\u00fcksek bir \u00e7e\u015fittir<\/p>\n","protected":false},"featured_media":24634,"comment_status":"open","ping_status":"closed","template":"","meta":[],"product_cat":[90],"product_tag":[],"class_list":{"0":"post-24627","1":"product","2":"type-product","3":"status-publish","4":"has-post-thumbnail","6":"product_cat-sebze","7":"product_brand-kucuk-ciftlik","9":"first","10":"instock","11":"taxable","12":"shipping-taxable","13":"purchasable","14":"product-type-simple"},"_links":{"self":[{"href":"https:\/\/hisaronuziraat.com\/index.php\/wp-json\/wp\/v2\/product\/24627","targetHints":{"allow":["GET"]}}],"collection":[{"href":"https:\/\/hisaronuziraat.com\/index.php\/wp-json\/wp\/v2\/product"}],"about":[{"href":"https:\/\/hisaronuziraat.com\/index.php\/wp-json\/wp\/v2\/types\/product"}],"replies":[{"embeddable":true,"href":"https:\/\/hisaronuziraat.com\/index.php\/wp-json\/wp\/v2\/comments?post=24627"}],"wp:featuredmedia":[{"embeddable":true,"href":"https:\/\/hisaronuziraat.com\/index.php\/wp-json\/wp\/v2\/media\/24634"}],"wp:attachment":[{"href":"https:\/\/hisaronuziraat.com\/index.php\/wp-json\/wp\/v2\/media?parent=24627"}],"wp:term":[{"taxonomy":"product_cat","embeddable":true,"href":"https:\/\/hisaronuziraat.com\/index.php\/wp-json\/wp\/v2\/product_cat?post=24627"},{"taxonomy":"product_tag","embeddable":true,"href":"https:\/\/hisaronuziraat.com\/index.php\/wp-json\/wp\/v2\/product_tag?post=24627"}],"curies":[{"name":"wp","href":"https:\/\/api.w.org\/{rel}","templated":true}]}}