{"id":24624,"date":"2022-12-04T22:07:26","date_gmt":"2022-12-04T19:07:26","guid":{"rendered":"https:\/\/hisaronuziraat.com\/site\/?post_type=product&amp;p=24624"},"modified":"2022-12-04T22:07:26","modified_gmt":"2022-12-04T19:07:26","slug":"biber-menderes-kil-aci-10-gr","status":"publish","type":"product","link":"https:\/\/hisaronuziraat.com\/index.php\/urun\/biber-menderes-kil-aci-10-gr\/","title":{"rendered":"Biber Menderes (K\u0131l Ac\u0131) 10 gr"},"content":{"rendered":"<p>A\u00e7\u0131k Tarla Yeti\u015ftiricili\u011fine Uygun Ye\u015fil, Ac\u0131, Sivri Bir Biber \u00c7e\u015fididir<br \/>\nBitki Boyu 50-60 Cm&#8217;dir<br \/>\nMeyveler 18-21 Cm Uzunlu\u011fundad\u0131r<br \/>\n55\u201360 G\u00fcnde Hasada Gelir<br \/>\nDekara Verimi 3,5-4 Ton Civar\u0131nda Verimli Bir \u00c7e\u015fittir<\/p>\n","protected":false},"excerpt":{"rendered":"<p>A\u00e7\u0131k Tarla Yeti\u015ftiricili\u011fine Uygun Ye\u015fil, Ac\u0131, Sivri Bir Biber \u00c7e\u015fididir Bitki Boyu 50-60 Cm&#8217;dir Meyveler 18-21 Cm Uzunlu\u011fundad\u0131r 55\u201360 G\u00fcnde Hasada Gelir Dekara Verimi 3,5-4 Ton Civar\u0131nda Verimli Bir \u00c7e\u015fittir<\/p>\n","protected":false},"featured_media":24633,"comment_status":"open","ping_status":"closed","template":"","meta":[],"product_cat":[90],"product_tag":[],"class_list":{"0":"post-24624","1":"product","2":"type-product","3":"status-publish","4":"has-post-thumbnail","6":"product_cat-sebze","8":"first","9":"instock","10":"taxable","11":"shipping-taxable","12":"purchasable","13":"product-type-simple"},"_links":{"self":[{"href":"https:\/\/hisaronuziraat.com\/index.php\/wp-json\/wp\/v2\/product\/24624","targetHints":{"allow":["GET"]}}],"collection":[{"href":"https:\/\/hisaronuziraat.com\/index.php\/wp-json\/wp\/v2\/product"}],"about":[{"href":"https:\/\/hisaronuziraat.com\/index.php\/wp-json\/wp\/v2\/types\/product"}],"replies":[{"embeddable":true,"href":"https:\/\/hisaronuziraat.com\/index.php\/wp-json\/wp\/v2\/comments?post=24624"}],"wp:featuredmedia":[{"embeddable":true,"href":"https:\/\/hisaronuziraat.com\/index.php\/wp-json\/wp\/v2\/media\/24633"}],"wp:attachment":[{"href":"https:\/\/hisaronuziraat.com\/index.php\/wp-json\/wp\/v2\/media?parent=24624"}],"wp:term":[{"taxonomy":"product_cat","embeddable":true,"href":"https:\/\/hisaronuziraat.com\/index.php\/wp-json\/wp\/v2\/product_cat?post=24624"},{"taxonomy":"product_tag","embeddable":true,"href":"https:\/\/hisaronuziraat.com\/index.php\/wp-json\/wp\/v2\/product_tag?post=24624"}],"curies":[{"name":"wp","href":"https:\/\/api.w.org\/{rel}","templated":true}]}}