{"id":24613,"date":"2022-12-04T22:07:25","date_gmt":"2022-12-04T19:07:25","guid":{"rendered":"https:\/\/hisaronuziraat.com\/site\/?post_type=product&#038;p=24613"},"modified":"2025-11-03T21:24:35","modified_gmt":"2025-11-03T18:24:35","slug":"cim-tohumu-6-li-karisim-5-kg","status":"publish","type":"product","link":"https:\/\/hisaronuziraat.com\/index.php\/urun\/cim-tohumu-6-li-karisim-5-kg\/","title":{"rendered":"\u00c7im Tohumu (6 l\u0131 Kar\u0131\u015f\u0131m)  10kg"},"content":{"rendered":"<p>6N<\/p>\n<table>\n<tbody>\n<tr>\n<td class=\"no-border\">\n<div id=\"productDescriptionContent\">\n<ul>\n<li>%100 \u00e7imlenme oran\u0131na sahiptir.<\/li>\n<li>Tekst\u00fcr, homojenlik ve g\u00f6rsellik olarak 1 kalitededir.<\/li>\n<li>Bas\u0131lmaya ve susuzlu\u011fa dayan\u0131kl\u0131d\u0131r.<\/li>\n<li>\u00c7im tohumlar\u0131m\u0131z tazedir.<\/li>\n<li>Yaz aylar\u0131nda g\u00fcnde 1 defa sulanmas\u0131 yeterlidir.<\/li>\n<li>Havalar\u0131n s\u0131cakl\u0131k durumuna g\u00f6re bu oran uzat\u0131l\u0131r ya da k\u0131salt\u0131l\u0131r.<\/li>\n<li>Yakla\u015f\u0131k metrekareye 3-4 lt su verilmesi uygundur.<\/li>\n<li>\u00c7im alanlar\u0131n iklime, bak\u0131ma ve sulamaya g\u00f6re bi\u00e7ilme aral\u0131\u011f\u0131 de\u011fi\u015fmektedir.<\/li>\n<li>Ortalama yaz aylar\u0131nda ayda 2 defa bi\u00e7ilir. Belirli bir zaman\u0131 ve uzunlu\u011fu yoktur. Uygun g\u00f6r\u00fcld\u00fck\u00e7e bi\u00e7im yap\u0131labilir.<\/li>\n<li>\u00c7ok bi\u00e7ilmesi \u00e7ime zarar vermez, aksine daha s\u0131k ve canl\u0131 g\u00f6r\u00fcnmesini sa\u011flar.<\/li>\n<li>\u00dczerine yo\u011fun olarak bas\u0131lan alanlar i\u00e7in idealdir.<\/li>\n<li>K\u0131sa bi\u00e7ime dayan\u0131kl\u0131d\u0131r.<\/li>\n<li>Zorlu k\u0131\u015f \u015fartlar\u0131na tolerans\u0131 y\u00fcksektir.<\/li>\n<li>Kendini yenileyebilen alanlar olu\u015fturur.<\/li>\n<li>\u0130nce dokusu ve koyu ye\u015fil rengiyle m\u00fckemmel bir g\u00f6r\u00fcnt\u00fc sa\u011flar.<\/li>\n<li>K\u0131sa bi\u00e7ilmesi, bas\u0131lmaya ve g\u00f6lgeye tolerans\u0131 kullan\u0131m alanlar\u0131ndaki ba\u015far\u0131y\u0131 y\u00fckseltir.<\/li>\n<li>\u0130nce dokuludur.<\/li>\n<li>B\u00fcy\u00fcme h\u0131z\u0131 yava\u015f oldu\u011fundan daha az bi\u00e7ime gelir.<\/li>\n<\/ul>\n<\/div>\n<\/td>\n<\/tr>\n<\/tbody>\n<\/table>\n<div id=\"ctl00_ContentPlaceHolder1_ProductControl1_MainControl1_TabControl1_ProductDescription1_CustomContentBottom\"><\/div>\n<table>\n<tbody>\n<tr>\n<td class=\"no-border\">\n<table>\n<tbody>\n<tr>\n<td>\n<div class=\"tealium\">\n<div id=\"ccs-inline-content\" class=\"cnet-integration\"><\/div>\n<\/div>\n<\/td>\n<\/tr>\n<\/tbody>\n<\/table>\n<table>\n<tbody>\n<tr>\n<td>\n<div id=\"productTechSpecContainer\"><\/div>\n<\/td>\n<\/tr>\n<\/tbody>\n<\/table>\n<\/td>\n<\/tr>\n<\/tbody>\n<\/table>\n","protected":false},"excerpt":{"rendered":"<p>6N %100 \u00e7imlenme oran\u0131na sahiptir. Tekst\u00fcr, homojenlik ve g\u00f6rsellik olarak 1 kalitededir. Bas\u0131lmaya ve susuzlu\u011fa dayan\u0131kl\u0131d\u0131r. \u00c7im tohumlar\u0131m\u0131z tazedir. Yaz aylar\u0131nda g\u00fcnde 1 defa sulanmas\u0131 yeterlidir. Havalar\u0131n s\u0131cakl\u0131k durumuna g\u00f6re bu oran uzat\u0131l\u0131r ya da k\u0131salt\u0131l\u0131r. Yakla\u015f\u0131k metrekareye 3-4 lt su verilmesi uygundur. \u00c7im alanlar\u0131n iklime, bak\u0131ma ve sulamaya g\u00f6re bi\u00e7ilme aral\u0131\u011f\u0131 de\u011fi\u015fmektedir. Ortalama yaz [&hellip;]<\/p>\n","protected":false},"featured_media":24523,"comment_status":"open","ping_status":"closed","template":"","meta":[],"product_cat":[107],"product_tag":[],"class_list":{"0":"post-24613","1":"product","2":"type-product","3":"status-publish","4":"has-post-thumbnail","6":"product_cat-cim","8":"first","9":"instock","10":"taxable","11":"shipping-taxable","12":"purchasable","13":"product-type-simple"},"_links":{"self":[{"href":"https:\/\/hisaronuziraat.com\/index.php\/wp-json\/wp\/v2\/product\/24613","targetHints":{"allow":["GET"]}}],"collection":[{"href":"https:\/\/hisaronuziraat.com\/index.php\/wp-json\/wp\/v2\/product"}],"about":[{"href":"https:\/\/hisaronuziraat.com\/index.php\/wp-json\/wp\/v2\/types\/product"}],"replies":[{"embeddable":true,"href":"https:\/\/hisaronuziraat.com\/index.php\/wp-json\/wp\/v2\/comments?post=24613"}],"wp:featuredmedia":[{"embeddable":true,"href":"https:\/\/hisaronuziraat.com\/index.php\/wp-json\/wp\/v2\/media\/24523"}],"wp:attachment":[{"href":"https:\/\/hisaronuziraat.com\/index.php\/wp-json\/wp\/v2\/media?parent=24613"}],"wp:term":[{"taxonomy":"product_cat","embeddable":true,"href":"https:\/\/hisaronuziraat.com\/index.php\/wp-json\/wp\/v2\/product_cat?post=24613"},{"taxonomy":"product_tag","embeddable":true,"href":"https:\/\/hisaronuziraat.com\/index.php\/wp-json\/wp\/v2\/product_tag?post=24613"}],"curies":[{"name":"wp","href":"https:\/\/api.w.org\/{rel}","templated":true}]}}