{"id":24578,"date":"2022-12-04T22:06:56","date_gmt":"2022-12-04T19:06:56","guid":{"rendered":"https:\/\/hisaronuziraat.com\/site\/?post_type=product&amp;p=24578"},"modified":"2025-06-09T15:49:47","modified_gmt":"2025-06-09T12:49:47","slug":"domates-koy-tipi-5-gr","status":"publish","type":"product","link":"https:\/\/hisaronuziraat.com\/index.php\/urun\/domates-koy-tipi-5-gr\/","title":{"rendered":"Domates K\u00f6y Tipi 5 gr"},"content":{"rendered":"<ul>\n<li>Tohum Ekim Zaman\u0131:\u0130lkbahar,Sonbahar, i\u00e7 mekanda her zaman.<\/li>\n<li>Tohum Ekim Mesafesi: S\u0131ra aras\u0131 40-60 cm, s\u0131ra \u00fczeri 90-130 cm aras\u0131.<\/li>\n<li>Tohum Ekim Derinli\u011fi: Tohum \u00e7ap\u0131n\u0131n 2-3 kat\u0131<\/li>\n<li>K\u00f6y Domatesi Tohumu\u00a0Tahmini \u00c7imlenme Zaman\u0131:6-12 g\u00fcn<\/li>\n<li>1 gramdaki Tohum Say\u0131s\u0131: \u00c7e\u015fide g\u00f6re 250-300 adet aras\u0131nda olabilir.<\/li>\n<li>Bir Dekar \u0130\u00e7in Gerekli\u00a0 Olan Tohum Gramaj\u0131:80-100 gram<\/li>\n<li>Her Tohum Oca\u011f\u0131na:2-3 Tohum.<\/li>\n<li>Olgunla\u015fma S\u00fcresi:80-100 g\u00fcn<\/li>\n<li>\u0130deal Toprak Is\u0131s\u0131:8-24 derece<\/li>\n<li>K\u00f6y Domatesi Tohumu \u00c7imlendirmesi: Tohumlar\u0131 ocaklar\u0131na koymadan \u00f6nce muhakkak 2-3 saat \u0131l\u0131k su veya nemli bez i\u00e7erisinde bekletiniz. Bu \u015fekilde suyu i\u00e7ine alan tohum daha kolay \u00e7imlenecektir.<\/li>\n<li>Olu\u015fan Fide G\u00fcbrelemesi: Fide olu\u015fumu ba\u015flad\u0131ktan sonra mutlaka her sulaman\u0131zda olmasa bile 4. veya 5. sulaman\u0131zda yapraktan g\u00fcbre veriniz. Yaprak g\u00fcbrelemesinde s\u0131v\u0131 yarasa g\u00fcbresi veya s\u0131v\u0131 solucan g\u00fcbresi<a title=\"\" href=\"http:\/\/www.e-fidancim.com\/Demtar-Sivi-Solucan-Gubresi-1-Litre,PR-6805.html\" target=\"\" rel=\"noopener\">\u00a0<\/a>kullanarak yapabilirsiniz. Hobi ama\u00e7l\u0131 1 veya 2 litrelik g\u00fcbre ile 400 litrelik kar\u0131\u015f\u0131m sizin 1 sezonluk g\u00fcbre ihtiyac\u0131n\u0131z\u0131 g\u00f6recektir.<\/li>\n<li>Olu\u015fan Fide \u0130la\u00e7lamas\u0131: Fidelerde genel koruyucu olarak ar\u0131lar i\u00e7in zarars\u0131z olan \u00fcr\u00fcnlerden kullanman\u0131z tavsiye edilir.<\/li>\n<li>K\u00f6y Domatesi Tohumu Saks\u0131 \u0130\u00e7erisinde Yeti\u015ftirilecekse Dikkat Edilmesi Gerekenler: Kullanacak oldu\u011funuz saks\u0131 topra\u011f\u0131n\u0131n drenaj kanallar\u0131n a\u00e7\u0131k olmas\u0131na ve torf-kokopit ponza kar\u0131\u015f\u0131ml\u0131 toprak harc\u0131 kullanman\u0131z bitkinin geli\u015fimini h\u0131zland\u0131racakt\u0131r.<\/li>\n<\/ul>\n","protected":false},"excerpt":{"rendered":"<p>Tohum Ekim Zaman\u0131:\u0130lkbahar,Sonbahar, i\u00e7 mekanda her zaman. Tohum Ekim Mesafesi: S\u0131ra aras\u0131 40-60 cm, s\u0131ra \u00fczeri 90-130 cm aras\u0131. Tohum Ekim Derinli\u011fi: Tohum \u00e7ap\u0131n\u0131n 2-3 kat\u0131 K\u00f6y Domatesi Tohumu\u00a0Tahmini \u00c7imlenme Zaman\u0131:6-12 g\u00fcn 1 gramdaki Tohum Say\u0131s\u0131: \u00c7e\u015fide g\u00f6re 250-300 adet aras\u0131nda olabilir. Bir Dekar \u0130\u00e7in Gerekli\u00a0 Olan Tohum Gramaj\u0131:80-100 gram Her Tohum Oca\u011f\u0131na:2-3 Tohum. Olgunla\u015fma [&hellip;]<\/p>\n","protected":false},"featured_media":24551,"comment_status":"open","ping_status":"closed","template":"","meta":[],"product_cat":[90],"product_tag":[],"class_list":{"0":"post-24578","1":"product","2":"type-product","3":"status-publish","4":"has-post-thumbnail","6":"product_cat-sebze","7":"product_brand-arzuman","9":"first","10":"outofstock","11":"shipping-taxable","12":"product-type-simple"},"_links":{"self":[{"href":"https:\/\/hisaronuziraat.com\/index.php\/wp-json\/wp\/v2\/product\/24578","targetHints":{"allow":["GET"]}}],"collection":[{"href":"https:\/\/hisaronuziraat.com\/index.php\/wp-json\/wp\/v2\/product"}],"about":[{"href":"https:\/\/hisaronuziraat.com\/index.php\/wp-json\/wp\/v2\/types\/product"}],"replies":[{"embeddable":true,"href":"https:\/\/hisaronuziraat.com\/index.php\/wp-json\/wp\/v2\/comments?post=24578"}],"wp:featuredmedia":[{"embeddable":true,"href":"https:\/\/hisaronuziraat.com\/index.php\/wp-json\/wp\/v2\/media\/24551"}],"wp:attachment":[{"href":"https:\/\/hisaronuziraat.com\/index.php\/wp-json\/wp\/v2\/media?parent=24578"}],"wp:term":[{"taxonomy":"product_cat","embeddable":true,"href":"https:\/\/hisaronuziraat.com\/index.php\/wp-json\/wp\/v2\/product_cat?post=24578"},{"taxonomy":"product_tag","embeddable":true,"href":"https:\/\/hisaronuziraat.com\/index.php\/wp-json\/wp\/v2\/product_tag?post=24578"}],"curies":[{"name":"wp","href":"https:\/\/api.w.org\/{rel}","templated":true}]}}