{"id":24575,"date":"2022-12-04T22:06:56","date_gmt":"2022-12-04T19:06:56","guid":{"rendered":"https:\/\/hisaronuziraat.com\/site\/?post_type=product&#038;p=24575"},"modified":"2025-06-14T15:19:27","modified_gmt":"2025-06-14T12:19:27","slug":"patlican-aydin-siyahi-25-gr","status":"publish","type":"product","link":"https:\/\/hisaronuziraat.com\/index.php\/urun\/patlican-aydin-siyahi-25-gr\/","title":{"rendered":"Patl\u0131can Ayd\u0131n Siyahi 25 gr"},"content":{"rendered":"<p>Ege, Akdeniz ve Karadeniz b\u00f6lgesinde \u00e7ok yeti\u015ftirilir. Meyve boyu 30-35 cm kadar ula\u015fabilir. K\u0131zartmal\u0131k ve yemeklik olarak kullan\u0131l\u0131r ve uzun d\u00fczg\u00fcn \u015fekillidir. Koyu siyah renkli az \u00e7ekirdeklidir. Erkenci olup ac\u0131la\u015fma g\u00f6stermez ve fide dikiminden itibaren 70-75 g\u00fcnde hasada gelir. Dekara verimi 3-4 ton aras\u0131ndad\u0131r.<\/p>\n","protected":false},"excerpt":{"rendered":"<p>Ege, Akdeniz ve Karadeniz b\u00f6lgesinde \u00e7ok yeti\u015ftirilir. Meyve boyu 30-35 cm kadar ula\u015fabilir. K\u0131zartmal\u0131k ve yemeklik olarak kullan\u0131l\u0131r ve uzun d\u00fczg\u00fcn \u015fekillidir. Koyu siyah renkli az \u00e7ekirdeklidir. Erkenci olup ac\u0131la\u015fma g\u00f6stermez ve fide dikiminden itibaren 70-75 g\u00fcnde hasada gelir. Dekara verimi 3-4 ton aras\u0131ndad\u0131r.<\/p>\n","protected":false},"featured_media":24609,"comment_status":"open","ping_status":"closed","template":"","meta":[],"product_cat":[90],"product_tag":[],"class_list":{"0":"post-24575","1":"product","2":"type-product","3":"status-publish","4":"has-post-thumbnail","6":"product_cat-sebze","7":"product_brand-kucuk-ciftlik","9":"first","10":"instock","11":"taxable","12":"shipping-taxable","13":"purchasable","14":"product-type-simple"},"_links":{"self":[{"href":"https:\/\/hisaronuziraat.com\/index.php\/wp-json\/wp\/v2\/product\/24575","targetHints":{"allow":["GET"]}}],"collection":[{"href":"https:\/\/hisaronuziraat.com\/index.php\/wp-json\/wp\/v2\/product"}],"about":[{"href":"https:\/\/hisaronuziraat.com\/index.php\/wp-json\/wp\/v2\/types\/product"}],"replies":[{"embeddable":true,"href":"https:\/\/hisaronuziraat.com\/index.php\/wp-json\/wp\/v2\/comments?post=24575"}],"wp:featuredmedia":[{"embeddable":true,"href":"https:\/\/hisaronuziraat.com\/index.php\/wp-json\/wp\/v2\/media\/24609"}],"wp:attachment":[{"href":"https:\/\/hisaronuziraat.com\/index.php\/wp-json\/wp\/v2\/media?parent=24575"}],"wp:term":[{"taxonomy":"product_cat","embeddable":true,"href":"https:\/\/hisaronuziraat.com\/index.php\/wp-json\/wp\/v2\/product_cat?post=24575"},{"taxonomy":"product_tag","embeddable":true,"href":"https:\/\/hisaronuziraat.com\/index.php\/wp-json\/wp\/v2\/product_tag?post=24575"}],"curies":[{"name":"wp","href":"https:\/\/api.w.org\/{rel}","templated":true}]}}