{"id":24571,"date":"2022-12-04T22:06:56","date_gmt":"2022-12-04T19:06:56","guid":{"rendered":"https:\/\/hisaronuziraat.com\/site\/?post_type=product&#038;p=24571"},"modified":"2025-11-03T22:06:11","modified_gmt":"2025-11-03T19:06:11","slug":"sogan-fulya-uzungun-10-gr","status":"publish","type":"product","link":"https:\/\/hisaronuziraat.com\/index.php\/urun\/sogan-fulya-uzungun-10-gr\/","title":{"rendered":"So\u011fan Fulya (Uzung\u00fcn) 10 gr"},"content":{"rendered":"<ul>\n<li>K\u00fc\u00e7\u00fck \u00c7iftlik Fulya So\u011fan Tohumu 500 gr<\/li>\n<li>\u0130lkbaharda ekilen standart bir \u00e7e\u015fittir.<\/li>\n<li>Yuvarla\u011fa yak\u0131n \u015fekilli, kabu\u011fu alt\u0131n sar\u0131s\u0131 renktedir.<\/li>\n<li>S\u0131k\u0131 dokulu, eti beyaz, sulu ve tatl\u0131d\u0131r.<\/li>\n<li>\u015eubat ve mart aylar\u0131nda ekilir.<\/li>\n<li>A\u011fustos ay\u0131nda hasat yap\u0131l\u0131r.<\/li>\n<\/ul>\n","protected":false},"excerpt":{"rendered":"<p>K\u00fc\u00e7\u00fck \u00c7iftlik Fulya So\u011fan Tohumu 500 gr \u0130lkbaharda ekilen standart bir \u00e7e\u015fittir. Yuvarla\u011fa yak\u0131n \u015fekilli, kabu\u011fu alt\u0131n sar\u0131s\u0131 renktedir. S\u0131k\u0131 dokulu, eti beyaz, sulu ve tatl\u0131d\u0131r. \u015eubat ve mart aylar\u0131nda ekilir. A\u011fustos ay\u0131nda hasat yap\u0131l\u0131r.<\/p>\n","protected":false},"featured_media":24608,"comment_status":"open","ping_status":"closed","template":"","meta":[],"product_cat":[90],"product_tag":[],"class_list":{"0":"post-24571","1":"product","2":"type-product","3":"status-publish","4":"has-post-thumbnail","6":"product_cat-sebze","7":"product_brand-kucuk-ciftlik","9":"first","10":"instock","11":"taxable","12":"shipping-taxable","13":"purchasable","14":"product-type-simple"},"_links":{"self":[{"href":"https:\/\/hisaronuziraat.com\/index.php\/wp-json\/wp\/v2\/product\/24571","targetHints":{"allow":["GET"]}}],"collection":[{"href":"https:\/\/hisaronuziraat.com\/index.php\/wp-json\/wp\/v2\/product"}],"about":[{"href":"https:\/\/hisaronuziraat.com\/index.php\/wp-json\/wp\/v2\/types\/product"}],"replies":[{"embeddable":true,"href":"https:\/\/hisaronuziraat.com\/index.php\/wp-json\/wp\/v2\/comments?post=24571"}],"wp:featuredmedia":[{"embeddable":true,"href":"https:\/\/hisaronuziraat.com\/index.php\/wp-json\/wp\/v2\/media\/24608"}],"wp:attachment":[{"href":"https:\/\/hisaronuziraat.com\/index.php\/wp-json\/wp\/v2\/media?parent=24571"}],"wp:term":[{"taxonomy":"product_cat","embeddable":true,"href":"https:\/\/hisaronuziraat.com\/index.php\/wp-json\/wp\/v2\/product_cat?post=24571"},{"taxonomy":"product_tag","embeddable":true,"href":"https:\/\/hisaronuziraat.com\/index.php\/wp-json\/wp\/v2\/product_tag?post=24571"}],"curies":[{"name":"wp","href":"https:\/\/api.w.org\/{rel}","templated":true}]}}