{"id":24565,"date":"2022-12-04T22:06:55","date_gmt":"2022-12-04T19:06:55","guid":{"rendered":"https:\/\/hisaronuziraat.com\/site\/?post_type=product&amp;p=24565"},"modified":"2022-12-04T22:06:55","modified_gmt":"2022-12-04T19:06:55","slug":"amino-turbo-10","status":"publish","type":"product","link":"https:\/\/hisaronuziraat.com\/index.php\/urun\/amino-turbo-10\/","title":{"rendered":"Amino Turbo 10 &#8211; 400 gr"},"content":{"rendered":"<p>Turkozagro Amino Turbo 10 Bitkisel Men\u015feli Amino Asit \u0130\u00e7eren Kat\u0131 Organik G\u00fcbre<br \/>\nEn Zorlu Ko\u015fullarda Dahi, \u00dcst\u00fcn Performans<\/p>\n<p>Toplam Organik Madde % 75<br \/>\nOrganik Karbon % 19<br \/>\nOrganik Azot % 5<br \/>\nToplam Serbest Aminoasitler % 25<br \/>\nPh aral\u0131\u011f\u0131 3-5<br \/>\nAzami nem miktar\u0131 % 20<br \/>\nForm\u00fclasyon Suda \u00e7\u00f6z\u00fcnen toz<br \/>\nAmino TURBO 10, \u00d6zellikleri<\/p>\n<p>Amino TURBO 10, g\u00fcn\u00fcm\u00fcz\u00fcn en ileri teknolojisi kullan\u0131larak \u00fcretilmi\u015f, L-\u03b1 tipi 17 \u00e7e\u015fit aminoasitlerin yan\u0131 s\u0131ra, bitki geli\u015fimini uyar\u0131c\u0131 bio-stimulant ve bitki aktivat\u00f6r\u00fc ile g\u00fc\u00e7lendirilmi\u015f form\u00fcl\u00fc organik \u015felatlama yetene\u011fine de sahip muhte\u015fem bir \u00fcr\u00fcnd\u00fcr.<\/p>\n<p>Amino TURBO 10, tek ba\u015f\u0131na kullan\u0131mda dahi \u00fcst\u00fcn \u00f6zelliklerle donat\u0131lm\u0131\u015f i\u00e7eri\u011fi sayesinde, y\u00fcksek performans\u0131yla bitki geli\u015fimine ve beslenme h\u0131z\u0131na ivme kazand\u0131ran, maksimum tasarruf ve verim art\u0131\u015f\u0131 ile g\u00f6z dolduran, hem yaprak hem de toprak uygulamalar\u0131nda kullan\u0131labilen bitkisel men\u015feli \u00f6zel bir kat\u0131 organik g\u00fcbredir.<\/p>\n<p>Amino TURBO 10; deniz yosunu, humik-fulvik asit gibi organik \u00fcr\u00fcnlerin yerine idame edebilece\u011finiz hepsi bir arada organik madde kompleksidir.<\/p>\n<p>Kullan\u0131ld\u0131\u011f\u0131 bitkilerin t\u00fcm\u00fcnde, iklim de\u011fi\u015fikliklerine dayan\u0131kl\u0131l\u0131k sa\u011flar.K\u00fclt\u00fcr bitkilerinde \u00e7ok d\u00fc\u015f\u00fck ve \u00e7ok y\u00fcksek s\u0131cakl\u0131ktaki olumsuz hava ko\u015fullar\u0131ndan kaynaklanan stresi ortadan kald\u0131r\u0131r ve verim kayb\u0131n\u0131 \u00f6nler. Her t\u00fcrl\u00fc hava ko\u015fullar\u0131nda uygulanabilir ve h\u0131zl\u0131 \u015fekilde etkisi g\u00f6r\u00fcl\u00fcr.<\/p>\n<p>Amino TURBO 10, 2008 y\u0131l\u0131ndan bug\u00fcne, T\u00fcrkiye\u2019de b\u00fct\u00fcn co\u011frafi b\u00f6lgelerde \u00fcreticiler ve uzmanlar taraf\u0131ndan pek \u00e7ok k\u00fclt\u00fcr bitkisinde kullan\u0131lm\u0131\u015ft\u0131r. \u00d6nder \u00e7ift\u00e7iler ve profesyonel akademisyenlerce de performans\u0131 ve etkinli\u011fi onaylanm\u0131\u015f, organik maddece zengin g\u00fcbreler aras\u0131nda \u00f6nc\u00fc marka haline gelmi\u015f bir \u00fcr\u00fcnd\u00fcr.<\/p>\n<p>Maksimum verimlilik i\u00e7in, yapraktan ve damlama sistemlerinden sezon i\u00e7erisinde en az 3-4 tekerr\u00fcrde uygulama yap\u0131lmas\u0131 tavsiye edilir.<\/p>\n<p>Bitkideki do\u011fal oksin (IAA) hormonu olu\u015fumunu stim\u00fcle eder bitkide k\u00f6klenme artar, meyve tutumu artar, meyve ve yaprak d\u00f6k\u00fclmesi azal\u0131r, meyve b\u00fcy\u00fcmesi h\u0131zlan\u0131r, meyvede \u00e7atlama olmaz.<\/p>\n<p>Amino TURBO 10, ta\u015f \u00e7ekirdekli meyveler (Kiraz, Erik, Vi\u015fne, Kay\u0131s\u0131, \u015eeftali,Badem, vd.), yumu\u015fak \u00e7ekirdekli meyveler (Elma, Armut, Ayva, vd.), Zeytin, Ba\u011f (\u00dcz\u00fcm), Turun\u00e7gil ve Narenciye\u2019de tam \u00e7i\u00e7eklenmeden 3-4 hafta \u00f6nce (tomucuk d\u00f6neminde) kullan\u0131ld\u0131\u011f\u0131nda m\u00fckemmel meyve tutumu sa\u011flar.<\/p>\n<p>Amino TURBO 10, bitkileri so\u011fuk ve don zarar\u0131na kar\u015f\u0131 maksimum seviyede korur.<\/p>\n<p>Amino TURBO 10, tam \u00e7i\u00e7eklenmeden 3-4 hafta \u00f6nce (tomucuk d\u00f6neminde) Zinco SIANO 12 ile beraber kullan\u0131ld\u0131\u011f\u0131nda, baz\u0131 bitkilerde (Zeytin, Elma, Armut, v.b.) g\u00f6r\u00fclen var y\u0131l\u0131 yok y\u0131l\u0131 olarak bilinen periyodisiteyi b\u00fcy\u00fck oranda azalt\u0131r.<\/p>\n<p>Meyvelerin olgunla\u015fma d\u00f6neminde ve \u00f6ncesinde Cally SIANO 12 ile beraber kullan\u0131ld\u0131\u011f\u0131nda, meyvelerde renk pigmentlerini art\u0131r\u0131r, \u00e7atlamay\u0131 \u00f6nlemeye yard\u0131mc\u0131 olur.<\/p>\n<p>Domates, Biber, Patl\u0131can, Salatal\u0131k ba\u015fta olmak \u00fczere, sera ve a\u00e7\u0131k alanlarda, s\u0131cakl\u0131k farklar\u0131ndan veya su stresinden kaynaklanan \u00e7i\u00e7ek d\u00f6k\u00fclmesi hazar\u0131 uygulama sonras\u0131 tamamen durur ve t\u00fcm \u00e7i\u00e7ekler meyve tutar. Stres kaynakl\u0131 durgunluk evresine giren bitkiler uygulama sonras\u0131nda h\u0131zla geli\u015fmeye ba\u015flar.<\/p>\n<p>Ba\u015fl\u0131ca sebzelerde g\u00f6r\u00fclen viral etmenli, domates lekeli solgunluk vir\u00fcs\u00fc (TSWV), domates sar\u0131 yaprak k\u0131v\u0131rc\u0131kl\u0131k vir\u00fcs\u00fc (TYLCV), h\u0131yar mozaik vir\u00fcs\u00fc (CMV), biber beneklenme vir\u00fcs\u00fc (PeMoV) hastal\u0131klar\u0131na kar\u015f\u0131 bitkide diren\u00e7 olu\u015fturdu\u011fu g\u00f6zlenmi\u015f. Bitkilerde meydana gelmesi muhtemel verim kay\u0131plar\u0131n\u0131, sezon boyunca 3-4 tekerr\u00fcrde kullan\u0131ld\u0131\u011f\u0131nda ba\u015far\u0131l\u0131 bir \u015fekilde \u00f6nlemeye yard\u0131mc\u0131 oldu\u011fu g\u00f6zlenmi\u015ftir.<\/p>\n<p>Amino TURBO 10 \u00dcr\u00fcn\u00fcn bitkiler \u00fczerindeki etkisini iki a\u015famada g\u00f6zlemleyebiliriz.<\/p>\n<p>Primer Etkiler (Ana Etkiler)<\/p>\n<p>Yaprak ve Toprak Uygulamas\u0131nda<\/p>\n<p>\u00d8 Meyve tutumu m\u00fckemmel olur.<\/p>\n<p>\u00d8 Meyve a\u011fa\u00e7lar\u0131n\u0131 so\u011fuk ve don zarar\u0131na kar\u015f\u0131 korur.<\/p>\n<p>\u00d8 Meyvelerde renk, b\u00fcy\u00fckl\u00fck ve kalite artar.<\/p>\n<p>\u00d8 Vejetatif organlar\u0131n (yaprak, k\u00f6k ve g\u00f6vde) geli\u015fimi muntazam olur.<\/p>\n<p>Sekonder Etkiler (Di\u011fer Etkiler)<\/p>\n<p>Yaprak ve Toprak Uygulamas\u0131nda<\/p>\n<p>\u00d8 K\u00fclt\u00fcr bitkilerini so\u011fuk ve don zararlar\u0131na kar\u015f\u0131 korur.<\/p>\n<p>\u00d8 A\u015f\u0131r\u0131 s\u0131cak ve kurak havalarda su stresine kar\u015f\u0131 korur.<\/p>\n<p>\u00d8 \u00c7e\u015fitli vir\u00fcs hastal\u0131\u011f\u0131 bula\u015fm\u0131\u015f sebzelerde hastal\u0131\u011fa kar\u015f\u0131 bitkinin direncini art\u0131r\u0131r.<\/p>\n<p>\u00d8 Fungusitler ile beraber kullan\u0131m\u0131nda fungusitlerin etkisini art\u0131r\u0131r ve tedavi edici \u00f6zellik kazand\u0131r\u0131r.<\/p>\n<p>\u00d8 Herbisitler ile beraber kullan\u0131m\u0131nda ot ilac\u0131n\u0131n etkisini art\u0131r\u0131r, yan etkisi olan fitotoksik etkileride azaltarak k\u00fclt\u00fcr bitkisinin geli\u015fimini h\u0131zland\u0131r\u0131r.<\/p>\n<p>\u00d8 Periyodisiteyi b\u00fcy\u00fck oranda azalt\u0131r,<\/p>\n<p>\u00d8 T\u00fcm k\u00fclt\u00fcr bitkilerinde tam \u00e7i\u00e7ek te\u015fekk\u00fcl eder.<\/p>\n<p>\u00d8 Strese ba\u011fl\u0131 \u00e7i\u00e7ek d\u00f6k\u00fclmeleri durur ve meyve tutumu artar.<\/p>\n<p>\u00d8 Uygulama ard\u0131ndan, bitkide h\u0131zl\u0131 ve sa\u011fl\u0131kl\u0131 h\u00fccre b\u00f6l\u00fcnmeleri ba\u015flar. Vejetatif aksam (yaprak, k\u00f6k ve g\u00f6vde) geli\u015fimi artar.<\/p>\n<p>\u00d8 Kullan\u0131ld\u0131\u011f\u0131 her bitkide k\u00f6k sisteminin geli\u015fimini h\u0131zland\u0131r\u0131r.<\/p>\n<p>\u00d8 Meyvelerin renk olu\u015fumu ve hacmi artar.<\/p>\n<p>\u00d8 \u0130z element noksanl\u0131klar\u0131nda, Ferro SIANO 12, Zinco SIANO 12 g\u00fcbreleri ile kombine uygulamalarda m\u00fckemmel neticeler verir.<\/p>\n<p>\u00d8 Kar\u0131\u015f\u0131m\u0131 yap\u0131lan di\u011fer besinleri \u015felatlar.<\/p>\n<p>\u00d8 Beraberinde kullan\u0131lan B.G.D.\u2019lerin etkisini art\u0131r\u0131r.<\/p>\n<p>\u00d8 Bitkinin hastal\u0131k ve zararl\u0131lara kar\u015f\u0131 direncini artt\u0131r\u0131r.<\/p>\n<p>\u00d8 Verim art\u0131rmaya yard\u0131mc\u0131 olur.<\/p>\n<p>KULLANIM ALANLARI :<\/p>\n<p>Bu\u011fday,arpa,yulaf Pamuk M\u0131s\u0131r T\u00fct\u00fcn<br \/>\n\u015eekerpancar\u0131 , ay\u00e7i\u00e7e\u011fi Fasulye,bezelye, bakla,nohut, mercimek \u00c7ilek Kavun,karpuz,k\u0131\u015fl\u0131k kabak<br \/>\nPortakal, limon,turun\u00e7giller, nar \u00dcz\u00fcm (ba\u011f) Elma,armut, ayva Kiraz, vi\u015fne, erik<br \/>\n\u015eeftali, kay\u0131s\u0131, badem Zeytin Ceviz, antepf\u0131st\u0131\u011f\u0131, f\u0131nd\u0131k Muz, incir, kivi<br \/>\nDomates, biber, patl\u0131can, patates Karnabahar, brokoli, Lahana, marul Salatal\u0131k, acur, yazl\u0131k kabak So\u011fan, p\u0131rasa, \u0131spanak, havu\u00e7, turp, kereviz<br \/>\n\u00c7im alanlar\u0131 , s\u00fcs bitkileri Yonca, korunga, kekik Maydanoz \u00c7ay<\/p>\n<p>UYGULAMA \u015eEKL\u0130 ; Topraktan, yapraktan ve damlama sulama ile kullan\u0131labilir.En Zorlu Ko\u015fullarda Dahi, \u00dcst\u00fcn Performans<\/p>\n<p>GARANT\u0130 ED\u0130LEN \u0130\u00c7ER\u0130K<\/p>\n<p>Toplam Organik Madde % 75<br \/>\nOrganik Karbon % 19<br \/>\nOrganik Azot % 5<br \/>\nToplam Serbest Aminoasitler % 25<br \/>\nPh aral\u0131\u011f\u0131 3-5<br \/>\nAzami nem miktar\u0131 % 20<br \/>\nForm\u00fclasyon Suda \u00e7\u00f6z\u00fcnen toz<br \/>\nAmino TURBO 10, \u00d6zellikleri<\/p>\n<p>Amino TURBO 10, g\u00fcn\u00fcm\u00fcz\u00fcn en ileri teknolojisi kullan\u0131larak \u00fcretilmi\u015f, L-\u03b1 tipi 17 \u00e7e\u015fit aminoasitlerin yan\u0131 s\u0131ra, bitki geli\u015fimini uyar\u0131c\u0131 bio-stimulant ve bitki aktivat\u00f6r\u00fc ile g\u00fc\u00e7lendirilmi\u015f form\u00fcl\u00fc organik \u015felatlama yetene\u011fine de sahip muhte\u015fem bir \u00fcr\u00fcnd\u00fcr.<\/p>\n<p>Amino TURBO 10, tek ba\u015f\u0131na kullan\u0131mda dahi \u00fcst\u00fcn \u00f6zelliklerle donat\u0131lm\u0131\u015f i\u00e7eri\u011fi sayesinde, y\u00fcksek performans\u0131yla bitki geli\u015fimine ve beslenme h\u0131z\u0131na ivme kazand\u0131ran, maksimum tasarruf ve verim art\u0131\u015f\u0131 ile g\u00f6z dolduran, hem yaprak hem de toprak uygulamalar\u0131nda kullan\u0131labilen bitkisel men\u015feli \u00f6zel bir kat\u0131 organik g\u00fcbredir.<\/p>\n<p>Amino TURBO 10; deniz yosunu, humik-fulvik asit gibi organik \u00fcr\u00fcnlerin yerine idame edebilece\u011finiz hepsi bir arada organik madde kompleksidir.<\/p>\n<p>Kullan\u0131ld\u0131\u011f\u0131 bitkilerin t\u00fcm\u00fcnde, iklim de\u011fi\u015fikliklerine dayan\u0131kl\u0131l\u0131k sa\u011flar.K\u00fclt\u00fcr bitkilerinde \u00e7ok d\u00fc\u015f\u00fck ve \u00e7ok y\u00fcksek s\u0131cakl\u0131ktaki olumsuz hava ko\u015fullar\u0131ndan kaynaklanan stresi ortadan kald\u0131r\u0131r ve verim kayb\u0131n\u0131 \u00f6nler. Her t\u00fcrl\u00fc hava ko\u015fullar\u0131nda uygulanabilir ve h\u0131zl\u0131 \u015fekilde etkisi g\u00f6r\u00fcl\u00fcr.<\/p>\n<p>Amino TURBO 10, 2008 y\u0131l\u0131ndan bug\u00fcne, T\u00fcrkiye\u2019de b\u00fct\u00fcn co\u011frafi b\u00f6lgelerde \u00fcreticiler ve uzmanlar taraf\u0131ndan pek \u00e7ok k\u00fclt\u00fcr bitkisinde kullan\u0131lm\u0131\u015ft\u0131r. \u00d6nder \u00e7ift\u00e7iler ve profesyonel akademisyenlerce de performans\u0131 ve etkinli\u011fi onaylanm\u0131\u015f, organik maddece zengin g\u00fcbreler aras\u0131nda \u00f6nc\u00fc marka haline gelmi\u015f bir \u00fcr\u00fcnd\u00fcr.<\/p>\n<p>Maksimum verimlilik i\u00e7in, yapraktan ve damlama sistemlerinden sezon i\u00e7erisinde en az 3-4 tekerr\u00fcrde uygulama yap\u0131lmas\u0131 tavsiye edilir.<\/p>\n<p>Bitkideki do\u011fal oksin (IAA) hormonu olu\u015fumunu stim\u00fcle eder bitkide k\u00f6klenme artar, meyve tutumu artar, meyve ve yaprak d\u00f6k\u00fclmesi azal\u0131r, meyve b\u00fcy\u00fcmesi h\u0131zlan\u0131r, meyvede \u00e7atlama olmaz.<\/p>\n<p>Amino TURBO 10, ta\u015f \u00e7ekirdekli meyveler (Kiraz, Erik, Vi\u015fne, Kay\u0131s\u0131, \u015eeftali,Badem, vd.), yumu\u015fak \u00e7ekirdekli meyveler (Elma, Armut, Ayva, vd.), Zeytin, Ba\u011f (\u00dcz\u00fcm), Turun\u00e7gil ve Narenciye\u2019de tam \u00e7i\u00e7eklenmeden 3-4 hafta \u00f6nce (tomucuk d\u00f6neminde) kullan\u0131ld\u0131\u011f\u0131nda m\u00fckemmel meyve tutumu sa\u011flar.<\/p>\n<p>Amino TURBO 10, bitkileri so\u011fuk ve don zarar\u0131na kar\u015f\u0131 maksimum seviyede korur.<\/p>\n<p>Amino TURBO 10, tam \u00e7i\u00e7eklenmeden 3-4 hafta \u00f6nce (tomucuk d\u00f6neminde) Zinco SIANO 12 ile beraber kullan\u0131ld\u0131\u011f\u0131nda, baz\u0131 bitkilerde (Zeytin, Elma, Armut, v.b.) g\u00f6r\u00fclen var y\u0131l\u0131 yok y\u0131l\u0131 olarak bilinen periyodisiteyi b\u00fcy\u00fck oranda azalt\u0131r.<\/p>\n<p>Meyvelerin olgunla\u015fma d\u00f6neminde ve \u00f6ncesinde Cally SIANO 12 ile beraber kullan\u0131ld\u0131\u011f\u0131nda, meyvelerde renk pigmentlerini art\u0131r\u0131r, \u00e7atlamay\u0131 \u00f6nlemeye yard\u0131mc\u0131 olur.<\/p>\n<p>Domates, Biber, Patl\u0131can, Salatal\u0131k ba\u015fta olmak \u00fczere, sera ve a\u00e7\u0131k alanlarda, s\u0131cakl\u0131k farklar\u0131ndan veya su stresinden kaynaklanan \u00e7i\u00e7ek d\u00f6k\u00fclmesi hazar\u0131 uygulama sonras\u0131 tamamen durur ve t\u00fcm \u00e7i\u00e7ekler meyve tutar. Stres kaynakl\u0131 durgunluk evresine giren bitkiler uygulama sonras\u0131nda h\u0131zla geli\u015fmeye ba\u015flar.<\/p>\n<p>Ba\u015fl\u0131ca sebzelerde g\u00f6r\u00fclen viral etmenli, domates lekeli solgunluk vir\u00fcs\u00fc (TSWV), domates sar\u0131 yaprak k\u0131v\u0131rc\u0131kl\u0131k vir\u00fcs\u00fc (TYLCV), h\u0131yar mozaik vir\u00fcs\u00fc (CMV), biber beneklenme vir\u00fcs\u00fc (PeMoV) hastal\u0131klar\u0131na kar\u015f\u0131 bitkide diren\u00e7 olu\u015fturdu\u011fu g\u00f6zlenmi\u015f. Bitkilerde meydana gelmesi muhtemel verim kay\u0131plar\u0131n\u0131, sezon boyunca 3-4 tekerr\u00fcrde kullan\u0131ld\u0131\u011f\u0131nda ba\u015far\u0131l\u0131 bir \u015fekilde \u00f6nlemeye yard\u0131mc\u0131 oldu\u011fu g\u00f6zlenmi\u015ftir.<\/p>\n<p>Amino TURBO 10 \u00dcr\u00fcn\u00fcn bitkiler \u00fczerindeki etkisini iki a\u015famada g\u00f6zlemleyebiliriz.<\/p>\n<p>Primer Etkiler (Ana Etkiler)<\/p>\n<p>Yaprak ve Toprak Uygulamas\u0131nda<\/p>\n<p>\u00d8 Meyve tutumu m\u00fckemmel olur.<\/p>\n<p>\u00d8 Meyve a\u011fa\u00e7lar\u0131n\u0131 so\u011fuk ve don zarar\u0131na kar\u015f\u0131 korur.<\/p>\n<p>\u00d8 Meyvelerde renk, b\u00fcy\u00fckl\u00fck ve kalite artar.<\/p>\n<p>\u00d8 Vejetatif organlar\u0131n (yaprak, k\u00f6k ve g\u00f6vde) geli\u015fimi muntazam olur.<\/p>\n<p>Sekonder Etkiler (Di\u011fer Etkiler)<\/p>\n<p>Yaprak ve Toprak Uygulamas\u0131nda<\/p>\n<p>\u00d8 K\u00fclt\u00fcr bitkilerini so\u011fuk ve don zararlar\u0131na kar\u015f\u0131 korur.<\/p>\n<p>\u00d8 A\u015f\u0131r\u0131 s\u0131cak ve kurak havalarda su stresine kar\u015f\u0131 korur.<\/p>\n<p>\u00d8 \u00c7e\u015fitli vir\u00fcs hastal\u0131\u011f\u0131 bula\u015fm\u0131\u015f sebzelerde hastal\u0131\u011fa kar\u015f\u0131 bitkinin direncini art\u0131r\u0131r.<\/p>\n<p>\u00d8 Fungusitler ile beraber kullan\u0131m\u0131nda fungusitlerin etkisini art\u0131r\u0131r ve tedavi edici \u00f6zellik kazand\u0131r\u0131r.<\/p>\n<p>\u00d8 Herbisitler ile beraber kullan\u0131m\u0131nda ot ilac\u0131n\u0131n etkisini art\u0131r\u0131r, yan etkisi olan fitotoksik etkileride azaltarak k\u00fclt\u00fcr bitkisinin geli\u015fimini h\u0131zland\u0131r\u0131r.<\/p>\n<p>\u00d8 Periyodisiteyi b\u00fcy\u00fck oranda azalt\u0131r,<\/p>\n<p>\u00d8 T\u00fcm k\u00fclt\u00fcr bitkilerinde tam \u00e7i\u00e7ek te\u015fekk\u00fcl eder.<\/p>\n<p>\u00d8 Strese ba\u011fl\u0131 \u00e7i\u00e7ek d\u00f6k\u00fclmeleri durur ve meyve tutumu artar.<\/p>\n<p>\u00d8 Uygulama ard\u0131ndan, bitkide h\u0131zl\u0131 ve sa\u011fl\u0131kl\u0131 h\u00fccre b\u00f6l\u00fcnmeleri ba\u015flar. Vejetatif aksam (yaprak, k\u00f6k ve g\u00f6vde) geli\u015fimi artar.<\/p>\n<p>\u00d8 Kullan\u0131ld\u0131\u011f\u0131 her bitkide k\u00f6k sisteminin geli\u015fimini h\u0131zland\u0131r\u0131r.<\/p>\n<p>\u00d8 Meyvelerin renk olu\u015fumu ve hacmi artar.<\/p>\n<p>\u00d8 \u0130z element noksanl\u0131klar\u0131nda, Ferro SIANO 12, Zinco SIANO 12 g\u00fcbreleri ile kombine uygulamalarda m\u00fckemmel neticeler verir.<\/p>\n<p>\u00d8 Kar\u0131\u015f\u0131m\u0131 yap\u0131lan di\u011fer besinleri \u015felatlar.<\/p>\n<p>\u00d8 Beraberinde kullan\u0131lan B.G.D.\u2019lerin etkisini art\u0131r\u0131r.<\/p>\n<p>\u00d8 Bitkinin hastal\u0131k ve zararl\u0131lara kar\u015f\u0131 direncini artt\u0131r\u0131r.<\/p>\n<p>\u00d8 Verim art\u0131rmaya yard\u0131mc\u0131 olur.<\/p>\n<p>KULLANIM ALANLARI :<\/p>\n<p>Bu\u011fday,arpa,yulaf Pamuk M\u0131s\u0131r T\u00fct\u00fcn<br \/>\n\u015eekerpancar\u0131 , ay\u00e7i\u00e7e\u011fi Fasulye,bezelye, bakla,nohut, mercimek \u00c7ilek Kavun,karpuz,k\u0131\u015fl\u0131k kabak<br \/>\nPortakal, limon,turun\u00e7giller, nar \u00dcz\u00fcm (ba\u011f) Elma,armut, ayva Kiraz, vi\u015fne, erik<br \/>\n\u015eeftali, kay\u0131s\u0131, badem Zeytin Ceviz, antepf\u0131st\u0131\u011f\u0131, f\u0131nd\u0131k Muz, incir, kivi<br \/>\nDomates, biber, patl\u0131can, patates Karnabahar, brokoli, Lahana, marul Salatal\u0131k, acur, yazl\u0131k kabak So\u011fan, p\u0131rasa, \u0131spanak, havu\u00e7, turp, kereviz<br \/>\n\u00c7im alanlar\u0131 , s\u00fcs bitkileri Yonca, korunga, kekik Maydanoz \u00c7ay<\/p>\n<p>UYGULAMA \u015eEKL\u0130 ; Topraktan, yapraktan ve damlama sulama ile kullan\u0131labilir.<\/p>\n","protected":false},"excerpt":{"rendered":"<p>Turkozagro Amino Turbo 10 Bitkisel Men\u015feli Amino Asit \u0130\u00e7eren Kat\u0131 Organik G\u00fcbre En Zorlu Ko\u015fullarda Dahi, \u00dcst\u00fcn Performans Toplam Organik Madde % 75 Organik Karbon % 19 Organik Azot % 5 Toplam Serbest Aminoasitler % 25 Ph aral\u0131\u011f\u0131 3-5 Azami nem miktar\u0131 % 20 Form\u00fclasyon Suda \u00e7\u00f6z\u00fcnen toz Amino TURBO 10, \u00d6zellikleri Amino TURBO 10, [&hellip;]<\/p>\n","protected":false},"featured_media":24591,"comment_status":"open","ping_status":"closed","template":"","meta":[],"product_cat":[102],"product_tag":[],"class_list":{"0":"post-24565","1":"product","2":"type-product","3":"status-publish","4":"has-post-thumbnail","6":"product_cat-gubre","7":"product_brand-turkoz-agro","9":"first","10":"instock","11":"shipping-taxable","12":"purchasable","13":"product-type-simple"},"_links":{"self":[{"href":"https:\/\/hisaronuziraat.com\/index.php\/wp-json\/wp\/v2\/product\/24565","targetHints":{"allow":["GET"]}}],"collection":[{"href":"https:\/\/hisaronuziraat.com\/index.php\/wp-json\/wp\/v2\/product"}],"about":[{"href":"https:\/\/hisaronuziraat.com\/index.php\/wp-json\/wp\/v2\/types\/product"}],"replies":[{"embeddable":true,"href":"https:\/\/hisaronuziraat.com\/index.php\/wp-json\/wp\/v2\/comments?post=24565"}],"wp:featuredmedia":[{"embeddable":true,"href":"https:\/\/hisaronuziraat.com\/index.php\/wp-json\/wp\/v2\/media\/24591"}],"wp:attachment":[{"href":"https:\/\/hisaronuziraat.com\/index.php\/wp-json\/wp\/v2\/media?parent=24565"}],"wp:term":[{"taxonomy":"product_cat","embeddable":true,"href":"https:\/\/hisaronuziraat.com\/index.php\/wp-json\/wp\/v2\/product_cat?post=24565"},{"taxonomy":"product_tag","embeddable":true,"href":"https:\/\/hisaronuziraat.com\/index.php\/wp-json\/wp\/v2\/product_tag?post=24565"}],"curies":[{"name":"wp","href":"https:\/\/api.w.org\/{rel}","templated":true}]}}