{"id":24548,"date":"2022-12-04T22:06:33","date_gmt":"2022-12-04T19:06:33","guid":{"rendered":"https:\/\/hisaronuziraat.com\/site\/?post_type=product&#038;p=24548"},"modified":"2025-11-03T22:09:05","modified_gmt":"2025-11-03T19:09:05","slug":"zinco-siano-plus","status":"publish","type":"product","link":"https:\/\/hisaronuziraat.com\/index.php\/urun\/zinco-siano-plus\/","title":{"rendered":"Zinco Siano Plus 600gr"},"content":{"rendered":"<p>Turkozagro Zinco Siano 12 \u0130kincil Ve \u0130z Element Katk\u0131l\u0131 Kat\u0131 Organomineral G\u00fcbre 600 g<br \/>\nZinco SIANO 12<\/p>\n<p>\u00c7inko ve Bor Muhte\u015fem Form\u00fclde Bulu\u015ftu<\/p>\n<p>Organik Madde % 20<br \/>\nSuda \u00c7\u00f6z\u00fcn\u00fcr Magnezyum oksit (MgO) % 2<br \/>\nSuda \u00c7\u00f6z\u00fcn\u00fcr Bor(B) % 1<br \/>\nSuda \u00c7\u00f6z\u00fcn\u00fcr Mangan (Mn) % 2<br \/>\nSuda \u00c7\u00f6z\u00fcn\u00fcr \u00c7inko (Zn) % 12<br \/>\nMaksimum Nem Miktar\u0131 % 20<br \/>\nPh Aral\u0131\u011f\u0131 1-3<br \/>\nTamam\u0131 suda \u00e7\u00f6z\u00fcn\u00fcr.<\/p>\n<p>Zinco SIANO 12, \u00d6zellikleri<\/p>\n<p>Zinco SIANO 12, g\u00fcn\u00fcm\u00fcz\u00fcn en ileri teknolojisi ile \u00fcretilmi\u015ftir.<\/p>\n<p>Zinco SIANO 12, \u00e7inko (Zn) ve bor (B) yan\u0131 s\u0131ra magnezyum (Mg), mangan (Mn), L-\u03b1 tipi 17 \u00e7e\u015fit amino asit, bitki aktivat\u00f6r\u00fc ve organik karboksilik asit \u015felat ajan\u0131ndan olu\u015fan bir bitki besin kompleksidir. Kombi g\u00fcbrelerden beklenenin yan\u0131 s\u0131ra \u00e7inkolu g\u00fcbreden beklenenden de fazlas\u0131n\u0131 sunar. Aminoasitler mikro besinler i\u00e7in m\u00fckemmel bir selat maddesidir. H\u00fccre zar\u0131 ge\u00e7irgenli\u011fine olan etkisi nedeniyle. L-Glycine ve L-Glutamik Asit, \u00e7ok etkili \u015felat ajanlar\u0131 oldu\u011fu bilinmektedir.<\/p>\n<p>E\u015fsiz form\u00fclasyonunun g\u00fcc\u00fc, en etkili olacak oranda iz elementlerin, h\u00fccre zar\u0131 ge\u00e7irgenli\u011fini y\u00fcksek oranda art\u0131ran \u00e7ok etkili selat ajan\u0131 amino asitleri ve karboksilik asit ile \u015felatlanm\u0131\u015f olmas\u0131ndad\u0131r. \u00dcst\u00fcn \u00f6zelliklerle donat\u0131lm\u0131\u015f muhte\u015fem bir bitki besleme \u00fcr\u00fcn\u00fcd\u00fcr. Pek \u00e7ok bitki besleme \u00fcr\u00fcn\u00fcn\u00fcn kar\u0131\u015ft\u0131r\u0131lmas\u0131 ile al\u0131nabilecek neticeleri tek ba\u015f\u0131na konsantre formulasyonu ile Zinco SIANO 12\u2019de bulabilirsiniz. Zinco SIANO 12, bitki geli\u015fimine ve beslenme h\u0131z\u0131na ivme kazand\u0131ran, y\u00fcksek performans\u0131yla ve \u00fcreticiye sa\u011flad\u0131\u011f\u0131 tasarrufla g\u00f6z dolduran, hem yaprak hem de toprak uygulamalar\u0131nda kullan\u0131labilen bitkisel men\u015feli organomineral g\u00fcbredir.<\/p>\n<p>Zinco SIANO 12, form\u00fcl\u00fcndeki iz elementlerin noksanl\u0131\u011f\u0131n\u0131 giderir.<\/p>\n<p>\u0130\u00e7eri\u011finde bulunan amino asitler (L -Triptofan, L &#8211; Glutamic asit), \u00e7inko (Zn), bor (B), mangan (Mn) bitki b\u00fcnyesindeki do\u011fal oksin hormonu (IAA) seviyesini en \u00fcst seviyeye ula\u015ft\u0131r\u0131r.<\/p>\n<p>Zinco SIANO 12 kullan\u0131lan bitkilerde, oksin hormonunun y\u00fckselmesi ile bitkide k\u00f6klenme ve \u00e7i\u00e7eklenme muntazam olur, meyve tutumu artar, meyve saplar\u0131 sa\u011flamla\u015f\u0131r, meyve ve yaprak d\u00f6k\u00fclmesi azal\u0131r, meyve b\u00fcy\u00fcmesi h\u0131zlan\u0131r, meyvede \u00e7atlama olmaz<\/p>\n<p>Zinco SIANO 12, kullan\u0131m sonras\u0131 yapraklarda meyvelerde leke b\u0131rakmaz ve kal\u0131nt\u0131 yapmaz.<\/p>\n<p>Kar\u0131\u015f\u0131m Durumu<\/p>\n<p>NPK l\u0131 g\u00fcbreler, B.G.D.ler ve pestisitler ile kar\u0131\u015ft\u0131r\u0131larak kullan\u0131labilir. Kar\u0131\u015f\u0131mdan emin olunmas\u0131 i\u00e7in \u00f6n kar\u0131\u015f\u0131m testi tavsiye edilir.<\/p>\n<p>Zinco SIANO 12, metalik mikro element i\u00e7eren bir g\u00fcbre olmas\u0131 sebebi ile; re\u00e7ine bazl\u0131, mineral ve veya bitkisel ya\u011f bazl\u0131 yay\u0131c\u0131 yap\u0131\u015ft\u0131r\u0131c\u0131lar ile kesinlikle kar\u0131\u015ft\u0131r\u0131larak kullan\u0131lmaz. Yazl\u0131k ya\u011flar, \u00e7ok alkali \u00fcr\u00fcnler, kalsiyum i\u00e7erikli g\u00fcbreler ile kar\u0131\u015ft\u0131rmay\u0131n\u0131z. Kar\u0131\u015f\u0131mdan emin olmak i\u00e7in \u00f6n kar\u0131\u015f\u0131m testi yap\u0131lmas\u0131 tavsiye edilir.<\/p>\n<p>DRESH (For Copper) etki art\u0131r\u0131c\u0131 yay\u0131c\u0131 yap\u0131\u015ft\u0131r\u0131c\u0131 ile kar\u0131\u015ft\u0131rarak kullan\u0131m\u0131nda maksimum sonu\u00e7 al\u0131n\u0131r.<\/p>\n<p>Zinco SIANO 12 : \u00dcr\u00fcn\u00fcn bitkiler \u00fczerindeki etkisini iki a\u015famada g\u00f6zlemleyebiliriz.<\/p>\n<p>Primer Etkiler (Ana Etkiler)<\/p>\n<p>Yaprak ve Toprak Uygulamas\u0131nda<\/p>\n<p>\u00d8 \u00c7i\u00e7eklenmeyi ve k\u00f6klenmeyi te\u015fvik eder.<\/p>\n<p>\u00d8 Meyve tutumu m\u00fckemmel olur.<\/p>\n<p>\u00d8 Meyve ve yaprak d\u00f6k\u00fcm\u00fcn\u00fc \u00f6nler.<\/p>\n<p>\u00d8 Meyvelerde renk ve b\u00fcy\u00fcme e\u015fit olur.<\/p>\n<p>\u00d8 Vejetatif organlar\u0131n (yaprak, k\u00f6k ve g\u00f6vde) geli\u015fimi muntazam olur.<\/p>\n<p>Sekonder Etkiler (Di\u011fer Etkiler)<\/p>\n<p>Yaprak ve Toprak Uygulamas\u0131nda<\/p>\n<p>\u00d8 K\u00fclt\u00fcr bitkilerini so\u011fuk ve don zararlar\u0131na kar\u015f\u0131 korur<\/p>\n<p>\u00d8 A\u015f\u0131r\u0131 s\u0131cak ve kurak havalarda su stresine kar\u015f\u0131 korur.<\/p>\n<p>\u00d8 \u00c7e\u015fitli vir\u00fcs hastal\u0131\u011f\u0131 bula\u015fm\u0131\u015f sebzelerde hastal\u0131\u011fa kar\u015f\u0131 bitkinin direncini art\u0131r\u0131r.<\/p>\n<p>\u00d8 Fungusitler ile beraber kullan\u0131m\u0131nda fungusitlerin etkisini art\u0131r\u0131r.<\/p>\n<p>\u00d8 Herbisitler ile beraber kullan\u0131m\u0131nda ot ilac\u0131n\u0131n etkisini art\u0131r\u0131r, yan etkisi olan fitotoksik etkileri de azaltarak k\u00fclt\u00fcr bitkisinin geli\u015fimini h\u0131zland\u0131r\u0131r.<\/p>\n<p>\u00d8 Var y\u0131l\u0131 yok y\u0131l\u0131 olarak bilinen periyodisiteyi b\u00fcy\u00fck oranda azalt\u0131r, t\u00fcm k\u00fclt\u00fcr bitkilerinde tam \u00e7i\u00e7ek te\u015fekk\u00fcl eder.<\/p>\n<p>\u00d8 Strese ba\u011fl\u0131 \u00e7i\u00e7ek d\u00f6k\u00fclmeleri durur ve meyve tutumu artar.<\/p>\n<p>\u00d8 Kullan\u0131ld\u0131\u011f\u0131 her bitkide k\u00f6k sisteminin geli\u015fimini h\u0131zland\u0131r\u0131r.<\/p>\n<p>\u00d8 Amino TURBO 10, Maxi TURBO 40 ve Ferro SIANO 12 g\u00fcbreleri ile kombine uygulamalar\u0131nda m\u00fckemmel neticeler verir.<\/p>\n<p>\u00d8 \u00c7inko (Zn) , iz element noksanl\u0131\u011f\u0131ndan kaynaklanan arazlar\u0131 ve sorunlar\u0131 giderir.<\/p>\n<p>\u00dcretimde bitkisel kaynakl\u0131 materyaller kullan\u0131lm\u0131\u015ft\u0131r.<\/p>\n<p>Kullan\u0131m Alan\u0131 : Meyve a\u011fa\u00e7lar\u0131nda ( Elma, armut, ayva, kiraz, kay\u0131s\u0131, \u015feftali, erik, vi\u015fne vb.) Narenciye (mandalina, portakal, limon), zeytin, ba\u011f, hububat( bu\u011fday, arpa, yulaf vb) End\u00fcstri ve yem bitkileri (m\u0131s\u0131r, ay\u00e7i\u00e7e\u011fi, anason, pamuk, nohut, yonca vb) Sebzeler sera ve a\u00e7\u0131k alan ( domates, biber,patl\u0131can, salatal\u0131k,kavun,karpuz, ye\u015fil sebzeler vb.) yumrulu bitkiler( \u015fekerpancar\u0131 , so\u011fan, sar\u0131msak, patates, havu\u00e7, turp vb.) Kesme \u00e7i\u00e7ekler (g\u00fcl, karanfil vb) Ye\u015fil alanlar (\u00e7im alanlar\u0131 ve s\u00fcs bitkileri )<\/p>\n<p>Uygulama \u015fekli : Topraktan ve yapraktan<\/p>\n","protected":false},"excerpt":{"rendered":"<p>Turkozagro Zinco Siano 12 \u0130kincil Ve \u0130z Element Katk\u0131l\u0131 Kat\u0131 Organomineral G\u00fcbre 600 g Zinco SIANO 12 \u00c7inko ve Bor Muhte\u015fem Form\u00fclde Bulu\u015ftu Organik Madde % 20 Suda \u00c7\u00f6z\u00fcn\u00fcr Magnezyum oksit (MgO) % 2 Suda \u00c7\u00f6z\u00fcn\u00fcr Bor(B) % 1 Suda \u00c7\u00f6z\u00fcn\u00fcr Mangan (Mn) % 2 Suda \u00c7\u00f6z\u00fcn\u00fcr \u00c7inko (Zn) % 12 Maksimum Nem Miktar\u0131 % [&hellip;]<\/p>\n","protected":false},"featured_media":24590,"comment_status":"open","ping_status":"closed","template":"","meta":[],"product_cat":[102],"product_tag":[],"class_list":{"0":"post-24548","1":"product","2":"type-product","3":"status-publish","4":"has-post-thumbnail","6":"product_cat-gubre","7":"product_brand-turkoz-agro","9":"first","10":"outofstock","11":"shipping-taxable","12":"purchasable","13":"product-type-simple"},"_links":{"self":[{"href":"https:\/\/hisaronuziraat.com\/index.php\/wp-json\/wp\/v2\/product\/24548","targetHints":{"allow":["GET"]}}],"collection":[{"href":"https:\/\/hisaronuziraat.com\/index.php\/wp-json\/wp\/v2\/product"}],"about":[{"href":"https:\/\/hisaronuziraat.com\/index.php\/wp-json\/wp\/v2\/types\/product"}],"replies":[{"embeddable":true,"href":"https:\/\/hisaronuziraat.com\/index.php\/wp-json\/wp\/v2\/comments?post=24548"}],"wp:featuredmedia":[{"embeddable":true,"href":"https:\/\/hisaronuziraat.com\/index.php\/wp-json\/wp\/v2\/media\/24590"}],"wp:attachment":[{"href":"https:\/\/hisaronuziraat.com\/index.php\/wp-json\/wp\/v2\/media?parent=24548"}],"wp:term":[{"taxonomy":"product_cat","embeddable":true,"href":"https:\/\/hisaronuziraat.com\/index.php\/wp-json\/wp\/v2\/product_cat?post=24548"},{"taxonomy":"product_tag","embeddable":true,"href":"https:\/\/hisaronuziraat.com\/index.php\/wp-json\/wp\/v2\/product_tag?post=24548"}],"curies":[{"name":"wp","href":"https:\/\/api.w.org\/{rel}","templated":true}]}}