{"id":24542,"date":"2022-12-04T22:06:33","date_gmt":"2022-12-04T19:06:33","guid":{"rendered":"https:\/\/hisaronuziraat.com\/site\/?post_type=product&amp;p=24542"},"modified":"2022-12-04T22:06:33","modified_gmt":"2022-12-04T19:06:33","slug":"hiyar-sirik-sampiyon-menderes","status":"publish","type":"product","link":"https:\/\/hisaronuziraat.com\/index.php\/urun\/hiyar-sirik-sampiyon-menderes\/","title":{"rendered":"H\u0131yar S\u0131r\u0131k \u015eampiyon Menderes 500 adet"},"content":{"rendered":"<p>S\u0131r\u0131k F1 Hibrit<\/p>\n<div>-\u0130zmir Menderes b\u00f6lgesi bahar ve yaz yeti\u015ftiricili\u011fine uygun olarak \u0131slah edilmi\u015f bir \u00e7e\u015fittir.<br \/>\n-Bo\u011fum aralar\u0131 \u00e7ok k\u0131sa, multi, y\u00fcksek verimli bir hibrittir.<\/div>\n<div>-Bitki yap\u0131s\u0131 kuvvetli ve \u00e7ok erkencidir.<br \/>\n-Meyveleri parlak koyu ye\u015fil renkli, birinci s\u0131n\u0131f olup son derece kalitelidir.<br \/>\n-Hasat gecikti\u011finde meyveler kesinlikle \u015fi\u015fme yapmaz.<br \/>\n-Meyve i\u00e7i dolu olup, nakliyeye dayan\u0131kl\u0131d\u0131r ve uzun sap\u0131 ile beraber 17-18 cm. uzunlu\u011fundad\u0131r.<br \/>\n-K\u00fclleme, Mildiy\u00f6\u2019ye y\u00fcksek toleransl\u0131, CMV, CVYV ve ZYMV\u2019ye dayan\u0131kl\u0131d\u0131r.<\/div>\n","protected":false},"excerpt":{"rendered":"<p>S\u0131r\u0131k F1 Hibrit -\u0130zmir Menderes b\u00f6lgesi bahar ve yaz yeti\u015ftiricili\u011fine uygun olarak \u0131slah edilmi\u015f bir \u00e7e\u015fittir. -Bo\u011fum aralar\u0131 \u00e7ok k\u0131sa, multi, y\u00fcksek verimli bir hibrittir. -Bitki yap\u0131s\u0131 kuvvetli ve \u00e7ok erkencidir. -Meyveleri parlak koyu ye\u015fil renkli, birinci s\u0131n\u0131f olup son derece kalitelidir. -Hasat gecikti\u011finde meyveler kesinlikle \u015fi\u015fme yapmaz. -Meyve i\u00e7i dolu olup, nakliyeye dayan\u0131kl\u0131d\u0131r ve [&hellip;]<\/p>\n","protected":false},"featured_media":25155,"comment_status":"open","ping_status":"closed","template":"","meta":[],"product_cat":[90],"product_tag":[],"class_list":{"0":"post-24542","1":"product","2":"type-product","3":"status-publish","4":"has-post-thumbnail","6":"product_cat-sebze","7":"product_brand-golden-seed","9":"first","10":"outofstock","11":"shipping-taxable","12":"product-type-simple"},"_links":{"self":[{"href":"https:\/\/hisaronuziraat.com\/index.php\/wp-json\/wp\/v2\/product\/24542","targetHints":{"allow":["GET"]}}],"collection":[{"href":"https:\/\/hisaronuziraat.com\/index.php\/wp-json\/wp\/v2\/product"}],"about":[{"href":"https:\/\/hisaronuziraat.com\/index.php\/wp-json\/wp\/v2\/types\/product"}],"replies":[{"embeddable":true,"href":"https:\/\/hisaronuziraat.com\/index.php\/wp-json\/wp\/v2\/comments?post=24542"}],"wp:featuredmedia":[{"embeddable":true,"href":"https:\/\/hisaronuziraat.com\/index.php\/wp-json\/wp\/v2\/media\/25155"}],"wp:attachment":[{"href":"https:\/\/hisaronuziraat.com\/index.php\/wp-json\/wp\/v2\/media?parent=24542"}],"wp:term":[{"taxonomy":"product_cat","embeddable":true,"href":"https:\/\/hisaronuziraat.com\/index.php\/wp-json\/wp\/v2\/product_cat?post=24542"},{"taxonomy":"product_tag","embeddable":true,"href":"https:\/\/hisaronuziraat.com\/index.php\/wp-json\/wp\/v2\/product_tag?post=24542"}],"curies":[{"name":"wp","href":"https:\/\/api.w.org\/{rel}","templated":true}]}}