{"id":24540,"date":"2022-12-04T22:06:33","date_gmt":"2022-12-04T19:06:33","guid":{"rendered":"https:\/\/hisaronuziraat.com\/site\/?post_type=product&amp;p=24540"},"modified":"2022-12-04T22:06:33","modified_gmt":"2022-12-04T19:06:33","slug":"feslegen-yesil","status":"publish","type":"product","link":"https:\/\/hisaronuziraat.com\/index.php\/urun\/feslegen-yesil\/","title":{"rendered":"Fesle\u011fen Ye\u015fil 100 adet"},"content":{"rendered":"<p>Ye\u015fil Renk, Tek Y\u0131ll\u0131k<\/p>\n<p><strong>Latince ismi:<\/strong><strong><em>Ocimum\u00a0\u00a0 basilicum<\/em><\/strong><\/p>\n<p>Reyhan olarak da an\u0131lan fesle\u011fen tek y\u0131ll\u0131k ve genellikle \u0131l\u0131man b\u00f6lgelerde yeti\u015fen bir bitki t\u00fcr\u00fcd\u00fcr. Boylar\u0131 genellikle 25-30 cm aras\u0131nda renkleri a\u00e7\u0131k ye\u015filden koyu ye\u015file kadar de\u011fi\u015fen, yapraklar\u0131\u00a0yumu\u015fak olup yenilebilir. Yapraklar az veya \u00e7ok parlak bazen de parlak y\u00fcz\u00fc dalgal\u0131d\u0131r. \u00c7i\u00e7eklenme d\u00f6neminde \u00e7i\u00e7ek rengi beyazd\u0131r. Fesle\u011fen bitkisi s\u0131cak ve kuru ortamlar\u0131 sever. Fesle\u011fenin yayd\u0131\u011f\u0131 g\u00fczel kokunun yan\u0131nda sinek kovucu \u00f6zelli\u011fi de vard\u0131r. Yapraklar\u0131 salata olarak t\u00fcketilebilir. Saks\u0131 ve bah\u00e7e yeti\u015ftiricili\u011fe uygundur.<\/p>\n<table border=\"1\" cellspacing=\"0\" cellpadding=\"0\">\n<tbody>\n<tr>\n<td>\n<div><strong>Ekim Derinli\u011fi<\/strong><\/div>\n<\/td>\n<td>\n<div>1 cm<\/div>\n<\/td>\n<\/tr>\n<tr>\n<td>\n<div><strong>Y\u00fckseklik<\/strong><\/div>\n<\/td>\n<td>\n<div>25-30 cm<\/div>\n<\/td>\n<\/tr>\n<tr>\n<td>\n<div><strong>Renk \u00d6zelli\u011fi<\/strong><\/div>\n<\/td>\n<td>\n<div>Ye\u015fil<\/div>\n<\/td>\n<\/tr>\n<tr>\n<td>\n<div><strong>Ekim zaman\u0131<\/strong><\/div>\n<\/td>\n<td>\n<div>\u0130lkbahar, yaz<\/div>\n<\/td>\n<\/tr>\n<tr>\n<td>\n<div><strong>Tipi<\/strong><\/div>\n<\/td>\n<td>\n<div>Tek y\u0131ll\u0131k<\/div>\n<\/td>\n<\/tr>\n<tr>\n<td>\n<div><strong>Tahmini \u00c7imlenme G\u00fcn\u00fc<\/strong><\/div>\n<\/td>\n<td>\n<div>15-20 g\u00fcn<\/div>\n<\/td>\n<\/tr>\n<\/tbody>\n<\/table>\n","protected":false},"excerpt":{"rendered":"<p>Ye\u015fil Renk, Tek Y\u0131ll\u0131k Latince ismi:Ocimum\u00a0\u00a0 basilicum Reyhan olarak da an\u0131lan fesle\u011fen tek y\u0131ll\u0131k ve genellikle \u0131l\u0131man b\u00f6lgelerde yeti\u015fen bir bitki t\u00fcr\u00fcd\u00fcr. Boylar\u0131 genellikle 25-30 cm aras\u0131nda renkleri a\u00e7\u0131k ye\u015filden koyu ye\u015file kadar de\u011fi\u015fen, yapraklar\u0131\u00a0yumu\u015fak olup yenilebilir. Yapraklar az veya \u00e7ok parlak bazen de parlak y\u00fcz\u00fc dalgal\u0131d\u0131r. \u00c7i\u00e7eklenme d\u00f6neminde \u00e7i\u00e7ek rengi beyazd\u0131r. Fesle\u011fen bitkisi s\u0131cak [&hellip;]<\/p>\n","protected":false},"featured_media":25321,"comment_status":"open","ping_status":"closed","template":"","meta":[],"product_cat":[85],"product_tag":[],"class_list":{"0":"post-24540","1":"product","2":"type-product","3":"status-publish","4":"has-post-thumbnail","6":"product_cat-cicek","7":"product_brand-arzuman","9":"first","10":"instock","11":"shipping-taxable","12":"purchasable","13":"product-type-simple"},"_links":{"self":[{"href":"https:\/\/hisaronuziraat.com\/index.php\/wp-json\/wp\/v2\/product\/24540","targetHints":{"allow":["GET"]}}],"collection":[{"href":"https:\/\/hisaronuziraat.com\/index.php\/wp-json\/wp\/v2\/product"}],"about":[{"href":"https:\/\/hisaronuziraat.com\/index.php\/wp-json\/wp\/v2\/types\/product"}],"replies":[{"embeddable":true,"href":"https:\/\/hisaronuziraat.com\/index.php\/wp-json\/wp\/v2\/comments?post=24540"}],"wp:featuredmedia":[{"embeddable":true,"href":"https:\/\/hisaronuziraat.com\/index.php\/wp-json\/wp\/v2\/media\/25321"}],"wp:attachment":[{"href":"https:\/\/hisaronuziraat.com\/index.php\/wp-json\/wp\/v2\/media?parent=24540"}],"wp:term":[{"taxonomy":"product_cat","embeddable":true,"href":"https:\/\/hisaronuziraat.com\/index.php\/wp-json\/wp\/v2\/product_cat?post=24540"},{"taxonomy":"product_tag","embeddable":true,"href":"https:\/\/hisaronuziraat.com\/index.php\/wp-json\/wp\/v2\/product_tag?post=24540"}],"curies":[{"name":"wp","href":"https:\/\/api.w.org\/{rel}","templated":true}]}}