{"id":24536,"date":"2022-12-04T22:06:32","date_gmt":"2022-12-04T19:06:32","guid":{"rendered":"https:\/\/hisaronuziraat.com\/site\/?post_type=product&amp;p=24536"},"modified":"2022-12-04T22:06:32","modified_gmt":"2022-12-04T19:06:32","slug":"fasulye-sirik-helda","status":"publish","type":"product","link":"https:\/\/hisaronuziraat.com\/index.php\/urun\/fasulye-sirik-helda\/","title":{"rendered":"Fasulye S\u0131r\u0131k Helda 1kg"},"content":{"rendered":"<p>F1 Hibrit<\/p>\n<p>S\u0131r\u0131k fasulye \u00e7e\u015fididir. A\u00e7\u0131k tarlada ve serada ilkbahar-sonbahar ekimlerine uygundur.<br \/>\nK\u0131l\u00e7\u0131ks\u0131z, yass\u0131, 24-25 cm. uzunlu\u011funda, 2-3 cm. geni\u015fli\u011finde baklalar\u0131 olan \u00e7al\u0131 fasulye \u00e7e\u015fididir.<br \/>\nDane rengi beyazd\u0131r.<\/p>\n","protected":false},"excerpt":{"rendered":"<p>F1 Hibrit S\u0131r\u0131k fasulye \u00e7e\u015fididir. A\u00e7\u0131k tarlada ve serada ilkbahar-sonbahar ekimlerine uygundur. K\u0131l\u00e7\u0131ks\u0131z, yass\u0131, 24-25 cm. uzunlu\u011funda, 2-3 cm. geni\u015fli\u011finde baklalar\u0131 olan \u00e7al\u0131 fasulye \u00e7e\u015fididir. Dane rengi beyazd\u0131r.<\/p>\n","protected":false},"featured_media":24561,"comment_status":"open","ping_status":"closed","template":"","meta":[],"product_cat":[90],"product_tag":[],"class_list":{"0":"post-24536","1":"product","2":"type-product","3":"status-publish","4":"has-post-thumbnail","6":"product_cat-sebze","7":"product_brand-golden-seed","9":"first","10":"instock","11":"shipping-taxable","12":"purchasable","13":"product-type-simple"},"_links":{"self":[{"href":"https:\/\/hisaronuziraat.com\/index.php\/wp-json\/wp\/v2\/product\/24536","targetHints":{"allow":["GET"]}}],"collection":[{"href":"https:\/\/hisaronuziraat.com\/index.php\/wp-json\/wp\/v2\/product"}],"about":[{"href":"https:\/\/hisaronuziraat.com\/index.php\/wp-json\/wp\/v2\/types\/product"}],"replies":[{"embeddable":true,"href":"https:\/\/hisaronuziraat.com\/index.php\/wp-json\/wp\/v2\/comments?post=24536"}],"wp:featuredmedia":[{"embeddable":true,"href":"https:\/\/hisaronuziraat.com\/index.php\/wp-json\/wp\/v2\/media\/24561"}],"wp:attachment":[{"href":"https:\/\/hisaronuziraat.com\/index.php\/wp-json\/wp\/v2\/media?parent=24536"}],"wp:term":[{"taxonomy":"product_cat","embeddable":true,"href":"https:\/\/hisaronuziraat.com\/index.php\/wp-json\/wp\/v2\/product_cat?post=24536"},{"taxonomy":"product_tag","embeddable":true,"href":"https:\/\/hisaronuziraat.com\/index.php\/wp-json\/wp\/v2\/product_tag?post=24536"}],"curies":[{"name":"wp","href":"https:\/\/api.w.org\/{rel}","templated":true}]}}