{"id":24535,"date":"2022-12-04T22:06:32","date_gmt":"2022-12-04T19:06:32","guid":{"rendered":"https:\/\/hisaronuziraat.com\/site\/?post_type=product&amp;p=24535"},"modified":"2022-12-04T22:06:32","modified_gmt":"2022-12-04T19:06:32","slug":"fasulye-sarikiz","status":"publish","type":"product","link":"https:\/\/hisaronuziraat.com\/index.php\/urun\/fasulye-sarikiz\/","title":{"rendered":"Fasulye Sar\u0131k\u0131z 1kg"},"content":{"rendered":"<ul>\n<li>Oturak yer tipi bir \u00e7e\u015fittir<\/li>\n<\/ul>\n<ul>\n<li>Dekara 6-8 kg tohum at\u0131lmas\u0131 tavsiye edilir<\/li>\n<\/ul>\n<ul>\n<li>Toprak \u00fczerine \u00e7\u0131kt\u0131ktan sonra 40-50 g\u00fcnde hasada gelir<\/li>\n<\/ul>\n<ul>\n<li>Mahsul verimi dekara 1,5-2 ton aras\u0131ndad\u0131r<\/li>\n<\/ul>\n<ul>\n<li>Sahil \u015feritlerinde ilkbahar ve sonbahar ekimi tavsiye edilir<\/li>\n<\/ul>\n<ul>\n<li>Kara iklimi olan b\u00f6lgelerde ilkbahar, yaz ve sonbahar aylar\u0131nda ekilebilir<\/li>\n<\/ul>\n<ul>\n<li>Meyve uzunlu\u011fu 13-20 cm, meyve geni\u015fli\u011fi 1,5-2 cm aras\u0131ndad\u0131r<\/li>\n<\/ul>\n<ul>\n<li>Yass\u0131, uzun baklal\u0131 ve k\u0131l\u00e7\u0131ks\u0131zd\u0131rPazar \u015fans\u0131 \u00e7ok y\u00fcksektir<\/li>\n<\/ul>\n<ul>\n<li>Taze t\u00fcketildi\u011fi gibi konserve sanayinde de kullan\u0131lmaktad\u0131r<\/li>\n<\/ul>\n","protected":false},"excerpt":{"rendered":"<p>Oturak yer tipi bir \u00e7e\u015fittir Dekara 6-8 kg tohum at\u0131lmas\u0131 tavsiye edilir Toprak \u00fczerine \u00e7\u0131kt\u0131ktan sonra 40-50 g\u00fcnde hasada gelir Mahsul verimi dekara 1,5-2 ton aras\u0131ndad\u0131r Sahil \u015feritlerinde ilkbahar ve sonbahar ekimi tavsiye edilir Kara iklimi olan b\u00f6lgelerde ilkbahar, yaz ve sonbahar aylar\u0131nda ekilebilir Meyve uzunlu\u011fu 13-20 cm, meyve geni\u015fli\u011fi 1,5-2 cm aras\u0131ndad\u0131r Yass\u0131, uzun [&hellip;]<\/p>\n","protected":false},"featured_media":24560,"comment_status":"open","ping_status":"closed","template":"","meta":[],"product_cat":[90],"product_tag":[],"class_list":{"0":"post-24535","1":"product","2":"type-product","3":"status-publish","4":"has-post-thumbnail","6":"product_cat-sebze","7":"product_brand-kucuk-ciftlik","9":"first","10":"instock","11":"taxable","12":"shipping-taxable","13":"purchasable","14":"product-type-simple"},"_links":{"self":[{"href":"https:\/\/hisaronuziraat.com\/index.php\/wp-json\/wp\/v2\/product\/24535","targetHints":{"allow":["GET"]}}],"collection":[{"href":"https:\/\/hisaronuziraat.com\/index.php\/wp-json\/wp\/v2\/product"}],"about":[{"href":"https:\/\/hisaronuziraat.com\/index.php\/wp-json\/wp\/v2\/types\/product"}],"replies":[{"embeddable":true,"href":"https:\/\/hisaronuziraat.com\/index.php\/wp-json\/wp\/v2\/comments?post=24535"}],"wp:featuredmedia":[{"embeddable":true,"href":"https:\/\/hisaronuziraat.com\/index.php\/wp-json\/wp\/v2\/media\/24560"}],"wp:attachment":[{"href":"https:\/\/hisaronuziraat.com\/index.php\/wp-json\/wp\/v2\/media?parent=24535"}],"wp:term":[{"taxonomy":"product_cat","embeddable":true,"href":"https:\/\/hisaronuziraat.com\/index.php\/wp-json\/wp\/v2\/product_cat?post=24535"},{"taxonomy":"product_tag","embeddable":true,"href":"https:\/\/hisaronuziraat.com\/index.php\/wp-json\/wp\/v2\/product_tag?post=24535"}],"curies":[{"name":"wp","href":"https:\/\/api.w.org\/{rel}","templated":true}]}}