{"id":24534,"date":"2022-12-04T22:06:32","date_gmt":"2022-12-04T19:06:32","guid":{"rendered":"https:\/\/hisaronuziraat.com\/site\/?post_type=product&amp;p=24534"},"modified":"2022-12-04T22:06:32","modified_gmt":"2022-12-04T19:06:32","slug":"toros-salatalik-tohumu-2500-ad","status":"publish","type":"product","link":"https:\/\/hisaronuziraat.com\/index.php\/urun\/toros-salatalik-tohumu-2500-ad\/","title":{"rendered":"Toros Salatal\u0131k Tohumu (2500 Ad.)"},"content":{"rendered":"<p>Toros F1 G\u00fc\u00e7l\u00fc bir bitki yap\u0131s\u0131na sahip olup, \u00e7o\u011funlukla di\u015fi \u00e7i\u00e7ek a\u00e7ar. Meyveler Beit Alpha tipinde ve daha g\u00f6steri\u015fli g\u00f6r\u00fcn\u00fcme sahiptir. Meyveler 17-18 cm uzunlu\u011funda, d\u00fczg\u00fcn silindirik, \u00e7i\u00e7ek burnuna do\u011fru sivrice, hafif oluklu ve parlak albenili koyu ye\u015fil renklidir. Toros F1 so\u011fuk ilkbahar aylar\u0131nda al\u00e7ak t\u00fcnel alt\u0131nda ve s\u0131cak g\u00fcnlerde A\u00e7\u0131k Tarla \u00fcretimine uygundur.<\/p>\n","protected":false},"excerpt":{"rendered":"<p>Toros F1 G\u00fc\u00e7l\u00fc bir bitki yap\u0131s\u0131na sahip olup, \u00e7o\u011funlukla di\u015fi \u00e7i\u00e7ek a\u00e7ar. Meyveler Beit Alpha tipinde ve daha g\u00f6steri\u015fli g\u00f6r\u00fcn\u00fcme sahiptir. Meyveler 17-18 cm uzunlu\u011funda, d\u00fczg\u00fcn silindirik, \u00e7i\u00e7ek burnuna do\u011fru sivrice, hafif oluklu ve parlak albenili koyu ye\u015fil renklidir. Toros F1 so\u011fuk ilkbahar aylar\u0131nda al\u00e7ak t\u00fcnel alt\u0131nda ve s\u0131cak g\u00fcnlerde A\u00e7\u0131k Tarla \u00fcretimine uygundur.<\/p>\n","protected":false},"featured_media":24559,"comment_status":"open","ping_status":"closed","template":"","meta":[],"product_cat":[90],"product_tag":[],"class_list":{"0":"post-24534","1":"product","2":"type-product","3":"status-publish","4":"has-post-thumbnail","6":"product_cat-sebze","7":"product_brand-seminis","9":"first","10":"outofstock","11":"shipping-taxable","12":"product-type-simple"},"_links":{"self":[{"href":"https:\/\/hisaronuziraat.com\/index.php\/wp-json\/wp\/v2\/product\/24534","targetHints":{"allow":["GET"]}}],"collection":[{"href":"https:\/\/hisaronuziraat.com\/index.php\/wp-json\/wp\/v2\/product"}],"about":[{"href":"https:\/\/hisaronuziraat.com\/index.php\/wp-json\/wp\/v2\/types\/product"}],"replies":[{"embeddable":true,"href":"https:\/\/hisaronuziraat.com\/index.php\/wp-json\/wp\/v2\/comments?post=24534"}],"wp:featuredmedia":[{"embeddable":true,"href":"https:\/\/hisaronuziraat.com\/index.php\/wp-json\/wp\/v2\/media\/24559"}],"wp:attachment":[{"href":"https:\/\/hisaronuziraat.com\/index.php\/wp-json\/wp\/v2\/media?parent=24534"}],"wp:term":[{"taxonomy":"product_cat","embeddable":true,"href":"https:\/\/hisaronuziraat.com\/index.php\/wp-json\/wp\/v2\/product_cat?post=24534"},{"taxonomy":"product_tag","embeddable":true,"href":"https:\/\/hisaronuziraat.com\/index.php\/wp-json\/wp\/v2\/product_tag?post=24534"}],"curies":[{"name":"wp","href":"https:\/\/api.w.org\/{rel}","templated":true}]}}