{"id":24533,"date":"2022-12-04T22:06:32","date_gmt":"2022-12-04T19:06:32","guid":{"rendered":"https:\/\/hisaronuziraat.com\/site\/?post_type=product&#038;p=24533"},"modified":"2025-11-03T22:10:57","modified_gmt":"2025-11-03T19:10:57","slug":"kavun-hasanbey1-500gr","status":"publish","type":"product","link":"https:\/\/hisaronuziraat.com\/index.php\/urun\/kavun-hasanbey1-500gr\/","title":{"rendered":"Kavun Hasanbey1 500gr"},"content":{"rendered":"<ul>\n<li>Ortalama a\u011f\u0131rl\u0131\u011f\u0131 3-6 kg olan, yuvarlak \u015fekilli bir kavun \u00e7e\u015fididir<\/li>\n<\/ul>\n<ul>\n<li>Sap taraf\u0131 hafif\u00e7e sivri, dip k\u0131sm\u0131 bas\u0131k, koyu ye\u015fil rengi vard\u0131r<\/li>\n<\/ul>\n<ul>\n<li>Kabu\u011fu kal\u0131n, nakliyeye dayan\u0131kl\u0131d\u0131r<\/li>\n<\/ul>\n<ul>\n<li>Meyve etinin kabu\u011fa yak\u0131n k\u0131s\u0131mlar\u0131 ye\u015fil, orta k\u0131s\u0131mlar\u0131 turuncu renktedir<\/li>\n<\/ul>\n<ul>\n<li>Saklamaya dayan\u0131kl\u0131d\u0131r<\/li>\n<\/ul>\n","protected":false},"excerpt":{"rendered":"<p>Ortalama a\u011f\u0131rl\u0131\u011f\u0131 3-6 kg olan, yuvarlak \u015fekilli bir kavun \u00e7e\u015fididir Sap taraf\u0131 hafif\u00e7e sivri, dip k\u0131sm\u0131 bas\u0131k, koyu ye\u015fil rengi vard\u0131r Kabu\u011fu kal\u0131n, nakliyeye dayan\u0131kl\u0131d\u0131r Meyve etinin kabu\u011fa yak\u0131n k\u0131s\u0131mlar\u0131 ye\u015fil, orta k\u0131s\u0131mlar\u0131 turuncu renktedir Saklamaya dayan\u0131kl\u0131d\u0131r<\/p>\n","protected":false},"featured_media":24558,"comment_status":"open","ping_status":"closed","template":"","meta":[],"product_cat":[90],"product_tag":[],"class_list":{"0":"post-24533","1":"product","2":"type-product","3":"status-publish","4":"has-post-thumbnail","6":"product_cat-sebze","7":"product_brand-kucuk-ciftlik","9":"first","10":"instock","11":"shipping-taxable","12":"purchasable","13":"product-type-simple"},"_links":{"self":[{"href":"https:\/\/hisaronuziraat.com\/index.php\/wp-json\/wp\/v2\/product\/24533","targetHints":{"allow":["GET"]}}],"collection":[{"href":"https:\/\/hisaronuziraat.com\/index.php\/wp-json\/wp\/v2\/product"}],"about":[{"href":"https:\/\/hisaronuziraat.com\/index.php\/wp-json\/wp\/v2\/types\/product"}],"replies":[{"embeddable":true,"href":"https:\/\/hisaronuziraat.com\/index.php\/wp-json\/wp\/v2\/comments?post=24533"}],"wp:featuredmedia":[{"embeddable":true,"href":"https:\/\/hisaronuziraat.com\/index.php\/wp-json\/wp\/v2\/media\/24558"}],"wp:attachment":[{"href":"https:\/\/hisaronuziraat.com\/index.php\/wp-json\/wp\/v2\/media?parent=24533"}],"wp:term":[{"taxonomy":"product_cat","embeddable":true,"href":"https:\/\/hisaronuziraat.com\/index.php\/wp-json\/wp\/v2\/product_cat?post=24533"},{"taxonomy":"product_tag","embeddable":true,"href":"https:\/\/hisaronuziraat.com\/index.php\/wp-json\/wp\/v2\/product_tag?post=24533"}],"curies":[{"name":"wp","href":"https:\/\/api.w.org\/{rel}","templated":true}]}}