{"id":24532,"date":"2022-12-04T22:06:32","date_gmt":"2022-12-04T19:06:32","guid":{"rendered":"https:\/\/hisaronuziraat.com\/site\/?post_type=product&#038;p=24532"},"modified":"2025-11-03T22:30:51","modified_gmt":"2025-11-03T19:30:51","slug":"roka-bengi-500-gr","status":"publish","type":"product","link":"https:\/\/hisaronuziraat.com\/index.php\/urun\/roka-bengi-500-gr\/","title":{"rendered":"Roka Bengi 500 gr"},"content":{"rendered":"<p>Teneke &#8211; 500 gr<\/p>\n<div>\n<ul>\n<li>Taze yapraklar\u0131 salata \u015feklinde t\u00fcketilir<\/li>\n<\/ul>\n<\/div>\n<div>\n<ul>\n<li>Yapraklar\u0131 loblu ve di\u015fli kenarl\u0131d\u0131r<\/li>\n<\/ul>\n<\/div>\n<ul>\n<li>Ayr\u0131ca y\u00fcksek miktarda C vitamini i\u00e7erir<\/li>\n<\/ul>\n<ul>\n<li>Ege b\u00f6lgesinde \u00e7ok t\u00fcketilir<\/li>\n<\/ul>\n<div>\n<div>KULLANIM AMACI<\/div>\n<div>Taze T\u00fcketim<\/div>\n<\/div>\n<div>\n<div>YET\u0130\u015eT\u0130R\u0130LME \u015eEKL\u0130<\/div>\n<div>A\u00e7\u0131k Alan<\/div>\n<\/div>\n","protected":false},"excerpt":{"rendered":"<p>Teneke &#8211; 500 gr Taze yapraklar\u0131 salata \u015feklinde t\u00fcketilir Yapraklar\u0131 loblu ve di\u015fli kenarl\u0131d\u0131r Ayr\u0131ca y\u00fcksek miktarda C vitamini i\u00e7erir Ege b\u00f6lgesinde \u00e7ok t\u00fcketilir KULLANIM AMACI Taze T\u00fcketim YET\u0130\u015eT\u0130R\u0130LME \u015eEKL\u0130 A\u00e7\u0131k Alan<\/p>\n","protected":false},"featured_media":24557,"comment_status":"open","ping_status":"closed","template":"","meta":[],"product_cat":[90],"product_tag":[],"class_list":{"0":"post-24532","1":"product","2":"type-product","3":"status-publish","4":"has-post-thumbnail","6":"product_cat-sebze","7":"product_brand-kucuk-ciftlik","9":"first","10":"instock","11":"shipping-taxable","12":"purchasable","13":"product-type-simple"},"_links":{"self":[{"href":"https:\/\/hisaronuziraat.com\/index.php\/wp-json\/wp\/v2\/product\/24532","targetHints":{"allow":["GET"]}}],"collection":[{"href":"https:\/\/hisaronuziraat.com\/index.php\/wp-json\/wp\/v2\/product"}],"about":[{"href":"https:\/\/hisaronuziraat.com\/index.php\/wp-json\/wp\/v2\/types\/product"}],"replies":[{"embeddable":true,"href":"https:\/\/hisaronuziraat.com\/index.php\/wp-json\/wp\/v2\/comments?post=24532"}],"wp:featuredmedia":[{"embeddable":true,"href":"https:\/\/hisaronuziraat.com\/index.php\/wp-json\/wp\/v2\/media\/24557"}],"wp:attachment":[{"href":"https:\/\/hisaronuziraat.com\/index.php\/wp-json\/wp\/v2\/media?parent=24532"}],"wp:term":[{"taxonomy":"product_cat","embeddable":true,"href":"https:\/\/hisaronuziraat.com\/index.php\/wp-json\/wp\/v2\/product_cat?post=24532"},{"taxonomy":"product_tag","embeddable":true,"href":"https:\/\/hisaronuziraat.com\/index.php\/wp-json\/wp\/v2\/product_tag?post=24532"}],"curies":[{"name":"wp","href":"https:\/\/api.w.org\/{rel}","templated":true}]}}