{"id":24531,"date":"2022-12-04T22:06:32","date_gmt":"2022-12-04T19:06:32","guid":{"rendered":"https:\/\/hisaronuziraat.com\/site\/?post_type=product&amp;p=24531"},"modified":"2022-12-04T22:06:32","modified_gmt":"2022-12-04T19:06:32","slug":"altay-salatalik-tohumu-2500-adet","status":"publish","type":"product","link":"https:\/\/hisaronuziraat.com\/index.php\/urun\/altay-salatalik-tohumu-2500-adet\/","title":{"rendered":"Altay Salatal\u0131k Tohumu 2500 adet"},"content":{"rendered":"<p>2500 adet<\/p>\n<p>H\u0131yar tohumu salatal\u0131k hibrit seminis altay f1 &#8211; 2500 adet tohum i\u00e7eren 1 paket tohum fiyat\u0131 olup 1 paket tohum g\u00f6nderilir. Y\u00fcksek hastal\u0131k dayan\u0131m\u0131 (hr)prsv\/wmv\/zymv\/pm, \u00fcr\u00fcn segmentasyonu normal ,salatal\u0131k alt segmentasyon a\u00e7\u0131k tarla, meyve uzunlu\u011fu 17-18 cm, yeti\u015ftirme ko\u015fullar\u0131 a\u00e7\u0131k tarla, \u00e7i\u00e7eklenme yap\u0131s\u0131 monoecious, bitki g\u00fcc\u00fc (bitki tipi) g\u00fc\u00e7l\u00fc, meyve y\u00fczeyi hafif oluklu, dikensiz meyve, rengi parlak koyu ye\u015fil, ortalama olgunla\u015fma s\u00fcresi orta erkenci, tohumlar gdo lu de\u011fildir.<\/p>\n","protected":false},"excerpt":{"rendered":"<p>2500 adet H\u0131yar tohumu salatal\u0131k hibrit seminis altay f1 &#8211; 2500 adet tohum i\u00e7eren 1 paket tohum fiyat\u0131 olup 1 paket tohum g\u00f6nderilir. Y\u00fcksek hastal\u0131k dayan\u0131m\u0131 (hr)prsv\/wmv\/zymv\/pm, \u00fcr\u00fcn segmentasyonu normal ,salatal\u0131k alt segmentasyon a\u00e7\u0131k tarla, meyve uzunlu\u011fu 17-18 cm, yeti\u015ftirme ko\u015fullar\u0131 a\u00e7\u0131k tarla, \u00e7i\u00e7eklenme yap\u0131s\u0131 monoecious, bitki g\u00fcc\u00fc (bitki tipi) g\u00fc\u00e7l\u00fc, meyve y\u00fczeyi hafif oluklu, [&hellip;]<\/p>\n","protected":false},"featured_media":24556,"comment_status":"open","ping_status":"closed","template":"","meta":[],"product_cat":[90],"product_tag":[],"class_list":{"0":"post-24531","1":"product","2":"type-product","3":"status-publish","4":"has-post-thumbnail","6":"product_cat-sebze","7":"product_brand-seminis","9":"first","10":"outofstock","11":"shipping-taxable","12":"product-type-simple"},"_links":{"self":[{"href":"https:\/\/hisaronuziraat.com\/index.php\/wp-json\/wp\/v2\/product\/24531","targetHints":{"allow":["GET"]}}],"collection":[{"href":"https:\/\/hisaronuziraat.com\/index.php\/wp-json\/wp\/v2\/product"}],"about":[{"href":"https:\/\/hisaronuziraat.com\/index.php\/wp-json\/wp\/v2\/types\/product"}],"replies":[{"embeddable":true,"href":"https:\/\/hisaronuziraat.com\/index.php\/wp-json\/wp\/v2\/comments?post=24531"}],"wp:featuredmedia":[{"embeddable":true,"href":"https:\/\/hisaronuziraat.com\/index.php\/wp-json\/wp\/v2\/media\/24556"}],"wp:attachment":[{"href":"https:\/\/hisaronuziraat.com\/index.php\/wp-json\/wp\/v2\/media?parent=24531"}],"wp:term":[{"taxonomy":"product_cat","embeddable":true,"href":"https:\/\/hisaronuziraat.com\/index.php\/wp-json\/wp\/v2\/product_cat?post=24531"},{"taxonomy":"product_tag","embeddable":true,"href":"https:\/\/hisaronuziraat.com\/index.php\/wp-json\/wp\/v2\/product_tag?post=24531"}],"curies":[{"name":"wp","href":"https:\/\/api.w.org\/{rel}","templated":true}]}}