{"id":24529,"date":"2022-12-04T22:06:32","date_gmt":"2022-12-04T19:06:32","guid":{"rendered":"https:\/\/hisaronuziraat.com\/site\/?post_type=product&#038;p=24529"},"modified":"2025-11-03T22:15:23","modified_gmt":"2025-11-03T19:15:23","slug":"patlican-pala-49-25-gr","status":"publish","type":"product","link":"https:\/\/hisaronuziraat.com\/index.php\/urun\/patlican-pala-49-25-gr\/","title":{"rendered":"Patl\u0131can Pala-49 &#8211; 25 gr"},"content":{"rendered":"<p><span style=\"font-family: Arial\">Meyve kabu\u011fu ince ve siyah-mor renktedir.<\/span><\/p>\n<p><span style=\"font-family: Arial\">\u0130yi bak\u0131m ko\u015fullar\u0131nda verimi 3-5 ton\/dekard\u0131r.<\/span><\/p>\n<p><span style=\"font-family: Arial\">Yemeklik, dolmal\u0131k, tur\u015fuluk ve re\u00e7el yap\u0131m\u0131nda kullan\u0131l\u0131r.<\/span><\/p>\n<p><span style=\"font-family: Arial\">\u00c7e\u015fit PALA 49<\/span><\/p>\n<p><span style=\"font-family: Arial\">Olgunla\u015fma Orta Erkenci<\/span><\/p>\n<p><span style=\"font-family: Arial\">B\u00fcy\u00fckl\u00fck 20 &#8211; 22 x 6 &#8211; 7<\/span><\/p>\n<p><span style=\"font-family: Arial\">\u015eekil Silindirik<\/span><\/p>\n<p><span style=\"font-family: Arial\">Renk Siyah\u0131ms\u0131 Koyu Mor<\/span><\/p>\n<p><span style=\"font-family: Arial\">Tohumluk S\u0131n\u0131f\u0131 Standart<\/span><\/p>\n","protected":false},"excerpt":{"rendered":"<p>Meyve kabu\u011fu ince ve siyah-mor renktedir. \u0130yi bak\u0131m ko\u015fullar\u0131nda verimi 3-5 ton\/dekard\u0131r. Yemeklik, dolmal\u0131k, tur\u015fuluk ve re\u00e7el yap\u0131m\u0131nda kullan\u0131l\u0131r. \u00c7e\u015fit PALA 49 Olgunla\u015fma Orta Erkenci B\u00fcy\u00fckl\u00fck 20 &#8211; 22 x 6 &#8211; 7 \u015eekil Silindirik Renk Siyah\u0131ms\u0131 Koyu Mor Tohumluk S\u0131n\u0131f\u0131 Standart<\/p>\n","protected":false},"featured_media":24554,"comment_status":"open","ping_status":"closed","template":"","meta":[],"product_cat":[90],"product_tag":[],"class_list":{"0":"post-24529","1":"product","2":"type-product","3":"status-publish","4":"has-post-thumbnail","6":"product_cat-sebze","7":"product_brand-kucuk-ciftlik","9":"first","10":"outofstock","11":"taxable","12":"shipping-taxable","13":"product-type-simple"},"_links":{"self":[{"href":"https:\/\/hisaronuziraat.com\/index.php\/wp-json\/wp\/v2\/product\/24529","targetHints":{"allow":["GET"]}}],"collection":[{"href":"https:\/\/hisaronuziraat.com\/index.php\/wp-json\/wp\/v2\/product"}],"about":[{"href":"https:\/\/hisaronuziraat.com\/index.php\/wp-json\/wp\/v2\/types\/product"}],"replies":[{"embeddable":true,"href":"https:\/\/hisaronuziraat.com\/index.php\/wp-json\/wp\/v2\/comments?post=24529"}],"wp:featuredmedia":[{"embeddable":true,"href":"https:\/\/hisaronuziraat.com\/index.php\/wp-json\/wp\/v2\/media\/24554"}],"wp:attachment":[{"href":"https:\/\/hisaronuziraat.com\/index.php\/wp-json\/wp\/v2\/media?parent=24529"}],"wp:term":[{"taxonomy":"product_cat","embeddable":true,"href":"https:\/\/hisaronuziraat.com\/index.php\/wp-json\/wp\/v2\/product_cat?post=24529"},{"taxonomy":"product_tag","embeddable":true,"href":"https:\/\/hisaronuziraat.com\/index.php\/wp-json\/wp\/v2\/product_tag?post=24529"}],"curies":[{"name":"wp","href":"https:\/\/api.w.org\/{rel}","templated":true}]}}