{"id":24526,"date":"2022-12-04T22:06:32","date_gmt":"2022-12-04T19:06:32","guid":{"rendered":"https:\/\/hisaronuziraat.com\/site\/?post_type=product&amp;p=24526"},"modified":"2022-12-04T22:06:32","modified_gmt":"2022-12-04T19:06:32","slug":"deeproot-25","status":"publish","type":"product","link":"https:\/\/hisaronuziraat.com\/index.php\/urun\/deeproot-25\/","title":{"rendered":"Deeproot 25 &#8211; 1 lt"},"content":{"rendered":"<table border=\"0\" width=\"449\" cellspacing=\"0\" cellpadding=\"0\">\n<tbody>\n<tr>\n<td><strong>ORGANiK G\u00dcBRE<\/strong><br \/>\n<strong>BiTKiSEL MEN\u015eELi SIVI ORGANiK G\u00dcBRE<\/strong><\/td>\n<td><\/td>\n<\/tr>\n<tr>\n<td>GARANT\u0130 ED\u0130LEN \u0130\u00c7ER\u0130K<\/td>\n<td>% ( w \/ w)<\/td>\n<\/tr>\n<tr>\n<td>Toplam Organik Madde<\/td>\n<td>35<\/td>\n<\/tr>\n<tr>\n<td>Organik Karbon<\/td>\n<td>18<\/td>\n<\/tr>\n<tr>\n<td>Organik Azot (N)<\/td>\n<td>1<\/td>\n<\/tr>\n<tr>\n<td>Suda \u00c7\u00f6z\u00fcn\u00fcr Potasyum Oksit(K2O)<\/td>\n<td>2<\/td>\n<\/tr>\n<tr>\n<td>Ph<\/td>\n<td>5-7<\/td>\n<\/tr>\n<\/tbody>\n<\/table>\n<p><strong>KULLANIM ALANI VE M\u0130KTARI<\/strong><\/p>\n<table border=\"1\" width=\"748\" cellspacing=\"0\" cellpadding=\"0\">\n<tbody>\n<tr>\n<td>\u00dcR\u00dcN<\/td>\n<td>KULLANIM D\u00d6NEM\u0130<\/td>\n<td>DOZ<\/td>\n<\/tr>\n<tr>\n<td>Sebzelerde<br \/>\n(Domates, Biber, H\u0131yar, Patl\u0131- can, Kavun, Kabak vs.<\/td>\n<td>\u015ea\u015f\u0131rtmadan sonra 2 &#8211; 3 hafta ara ile<\/td>\n<td>Yapraktan; 200 cc \/ da Damlamadan; 2 &#8211; 4 L \/ da<\/td>\n<\/tr>\n<tr>\n<td>S\u00fcs Bitkilerinde<br \/>\n(Karanfil, Krizantem, Gerbera)<\/td>\n<td>\u015ea\u015f\u0131rtmadan sonra 2 -3 hafta ara ile<\/td>\n<td>Damlamadan; 4 L \/ da<\/td>\n<\/tr>\n<tr>\n<td>Tarla Bitkileri<br \/>\n(Bu\u011fday, Pamuk, Soya, Yer F\u0131st\u0131\u011f\u0131, Ay\u00e7i\u00e7e\u011fi vb.)<\/td>\n<td>Vegatatif d\u00f6nem<\/td>\n<td>Yapraktan; 200 cc \/ da<\/td>\n<\/tr>\n<tr>\n<td>Zeytin<\/td>\n<td>T\u00fcm d\u00f6nemler<\/td>\n<td>Yapraktan; 200-400 cc \/ 100 L Su<\/td>\n<\/tr>\n<tr>\n<td>Ba\u011f<\/td>\n<td>Bahar d\u00f6nemi<\/td>\n<td>Yapraktan; 200 &#8211; 400 cc \/ 100 L Su Damlamadan; 2 &#8211; 4 L \/ da<\/td>\n<\/tr>\n<tr>\n<td>\u00c7ilek<\/td>\n<td>\u015ea\u015f\u0131rtmadan sonra 2 &#8211; 3 hafta ara ile<\/td>\n<td>Damlamadan; 2 &#8211; 4 L \/ da<\/td>\n<\/tr>\n<tr>\n<td>Muz<\/td>\n<td>Geli\u015fim d\u00f6nemi<\/td>\n<td>Damlamadan; 5 &#8211; 7 L \/ da<\/td>\n<\/tr>\n<tr>\n<td>Narenciye ve Meyve A\u011fa\u00e7lar<\/td>\n<td>Tomurcuk olu\u015fumundan sonra<\/td>\n<td>Yapraktan; 200 &#8211; 400 cc \/ 100 L Su Damlamadan; 5 &#8211; 7 L \/ da<\/td>\n<\/tr>\n<tr>\n<td>Yumru Bitkiler<\/td>\n<td>Vegatatif d\u00f6nem<\/td>\n<td>Yapraktan; 200 &#8211; 400 cc \/ 100 L Su Damlamadan; 2 &#8211; 4 L \/ da<\/td>\n<\/tr>\n<\/tbody>\n<\/table>\n","protected":false},"excerpt":{"rendered":"<p>ORGANiK G\u00dcBRE BiTKiSEL MEN\u015eELi SIVI ORGANiK G\u00dcBRE GARANT\u0130 ED\u0130LEN \u0130\u00c7ER\u0130K % ( w \/ w) Toplam Organik Madde 35 Organik Karbon 18 Organik Azot (N) 1 Suda \u00c7\u00f6z\u00fcn\u00fcr Potasyum Oksit(K2O) 2 Ph 5-7 KULLANIM ALANI VE M\u0130KTARI \u00dcR\u00dcN KULLANIM D\u00d6NEM\u0130 DOZ Sebzelerde (Domates, Biber, H\u0131yar, Patl\u0131- can, Kavun, Kabak vs. \u015ea\u015f\u0131rtmadan sonra 2 &#8211; 3 [&hellip;]<\/p>\n","protected":false},"featured_media":24729,"comment_status":"open","ping_status":"closed","template":"","meta":[],"product_cat":[102],"product_tag":[],"class_list":{"0":"post-24526","1":"product","2":"type-product","3":"status-publish","4":"has-post-thumbnail","6":"product_cat-gubre","7":"product_brand-magnafert","9":"first","10":"outofstock","11":"shipping-taxable","12":"product-type-simple"},"_links":{"self":[{"href":"https:\/\/hisaronuziraat.com\/index.php\/wp-json\/wp\/v2\/product\/24526","targetHints":{"allow":["GET"]}}],"collection":[{"href":"https:\/\/hisaronuziraat.com\/index.php\/wp-json\/wp\/v2\/product"}],"about":[{"href":"https:\/\/hisaronuziraat.com\/index.php\/wp-json\/wp\/v2\/types\/product"}],"replies":[{"embeddable":true,"href":"https:\/\/hisaronuziraat.com\/index.php\/wp-json\/wp\/v2\/comments?post=24526"}],"wp:featuredmedia":[{"embeddable":true,"href":"https:\/\/hisaronuziraat.com\/index.php\/wp-json\/wp\/v2\/media\/24729"}],"wp:attachment":[{"href":"https:\/\/hisaronuziraat.com\/index.php\/wp-json\/wp\/v2\/media?parent=24526"}],"wp:term":[{"taxonomy":"product_cat","embeddable":true,"href":"https:\/\/hisaronuziraat.com\/index.php\/wp-json\/wp\/v2\/product_cat?post=24526"},{"taxonomy":"product_tag","embeddable":true,"href":"https:\/\/hisaronuziraat.com\/index.php\/wp-json\/wp\/v2\/product_tag?post=24526"}],"curies":[{"name":"wp","href":"https:\/\/api.w.org\/{rel}","templated":true}]}}