{"id":24496,"date":"2022-12-04T22:06:09","date_gmt":"2022-12-04T19:06:09","guid":{"rendered":"https:\/\/hisaronuziraat.com\/site\/?post_type=product&#038;p=24496"},"modified":"2025-11-03T22:33:17","modified_gmt":"2025-11-03T19:33:17","slug":"biber-jalepone-5-gr","status":"publish","type":"product","link":"https:\/\/hisaronuziraat.com\/index.php\/urun\/biber-jalepone-5-gr\/","title":{"rendered":"Biber Jalepone 5 gr"},"content":{"rendered":"<p>\u00d6nceden s\u00fcr\u00fclm\u00fc\u015f ya da bellenmi\u015f olan toprak t\u0131rm\u0131k ya da benzer bir aletle ekim i\u00e7in uygun hale getirilir, ekim yap\u0131lacak alan tavsiye edilen miktarlarda g\u00fcbrelenir, keseksiz d\u00fczg\u00fcn bir toprak y\u00fczeyi olu\u015fturulur. Biber \u0131l\u0131k ve s\u0131cak iklim sebzesidir. Tohumdan fide yap\u0131larak \u00fcretim tavsiye edilir. Tavl\u0131 topra\u011fa 0,5-1 cm derinli\u011fe ekilen tohumlar, sera etkisi sa\u011flamak i\u00e7in topra\u011f\u0131n \u00fczeri naylon vb. \u00d6rt\u00fclmeli. Ekilen tohumlar 7-8 hafta sonra fide olarak yerlerine \u015fa\u015f\u0131rt\u0131l\u0131r. Ortalama 20-30 C s\u0131cakl\u0131k bitki geli\u015fimi i\u00e7in uygundur. 80-100 g\u00fcn sonra hasat yap\u0131labilir. Nemli topra\u011fa ekim yapmak tohumun h\u0131zla \u00e7imlenmesini sa\u011flar. \u00d6zellikle y\u00fczlek ekilen k\u00fc\u00e7\u00fck taneli tohumlar\u0131 yerlerinden oynatacak tazyikli sulama yap\u0131lmamal\u0131 ve toprak y\u00fczeyinde g\u00f6llenme olu\u015fturulmamal\u0131d\u0131r. S\u0131cak havalarda sulama s\u0131kl\u0131\u011f\u0131 art\u0131r\u0131lmal\u0131 ve topra\u011f\u0131n nemli kalmas\u0131na \u00f6zen g\u00f6sterilmelidir. Yabanc\u0131 ot ve zararl\u0131larla m\u00fccadeleye dikkat edilmelidir.<\/p>\n","protected":false},"excerpt":{"rendered":"<p>\u00d6nceden s\u00fcr\u00fclm\u00fc\u015f ya da bellenmi\u015f olan toprak t\u0131rm\u0131k ya da benzer bir aletle ekim i\u00e7in uygun hale getirilir, ekim yap\u0131lacak alan tavsiye edilen miktarlarda g\u00fcbrelenir, keseksiz d\u00fczg\u00fcn bir toprak y\u00fczeyi olu\u015fturulur. Biber \u0131l\u0131k ve s\u0131cak iklim sebzesidir. Tohumdan fide yap\u0131larak \u00fcretim tavsiye edilir. Tavl\u0131 topra\u011fa 0,5-1 cm derinli\u011fe ekilen tohumlar, sera etkisi sa\u011flamak i\u00e7in topra\u011f\u0131n [&hellip;]<\/p>\n","protected":false},"featured_media":24522,"comment_status":"open","ping_status":"closed","template":"","meta":[],"product_cat":[90],"product_tag":[],"class_list":{"0":"post-24496","1":"product","2":"type-product","3":"status-publish","4":"has-post-thumbnail","6":"product_cat-sebze","7":"product_brand-arzuman","9":"first","10":"instock","11":"shipping-taxable","12":"purchasable","13":"product-type-simple"},"_links":{"self":[{"href":"https:\/\/hisaronuziraat.com\/index.php\/wp-json\/wp\/v2\/product\/24496","targetHints":{"allow":["GET"]}}],"collection":[{"href":"https:\/\/hisaronuziraat.com\/index.php\/wp-json\/wp\/v2\/product"}],"about":[{"href":"https:\/\/hisaronuziraat.com\/index.php\/wp-json\/wp\/v2\/types\/product"}],"replies":[{"embeddable":true,"href":"https:\/\/hisaronuziraat.com\/index.php\/wp-json\/wp\/v2\/comments?post=24496"}],"wp:featuredmedia":[{"embeddable":true,"href":"https:\/\/hisaronuziraat.com\/index.php\/wp-json\/wp\/v2\/media\/24522"}],"wp:attachment":[{"href":"https:\/\/hisaronuziraat.com\/index.php\/wp-json\/wp\/v2\/media?parent=24496"}],"wp:term":[{"taxonomy":"product_cat","embeddable":true,"href":"https:\/\/hisaronuziraat.com\/index.php\/wp-json\/wp\/v2\/product_cat?post=24496"},{"taxonomy":"product_tag","embeddable":true,"href":"https:\/\/hisaronuziraat.com\/index.php\/wp-json\/wp\/v2\/product_tag?post=24496"}],"curies":[{"name":"wp","href":"https:\/\/api.w.org\/{rel}","templated":true}]}}