{"id":24494,"date":"2022-12-04T22:06:09","date_gmt":"2022-12-04T19:06:09","guid":{"rendered":"https:\/\/hisaronuziraat.com\/site\/?post_type=product&#038;p=24494"},"modified":"2025-11-03T22:32:44","modified_gmt":"2025-11-03T19:32:44","slug":"biber-konik-5-gr","status":"publish","type":"product","link":"https:\/\/hisaronuziraat.com\/index.php\/urun\/biber-konik-5-gr\/","title":{"rendered":"Biber Konik 5 gr"},"content":{"rendered":"<p>A\u00e7\u0131k tarla ve sera yeti\u015ftiricili\u011fine uygundur. Ac\u0131 meyveleri k\u00fc\u00e7\u00fck, konik \u015fekillidir. Sar\u0131 renkli olup meyveler yukar\u0131 bakmaktad\u0131r. Taze t\u00fcketim ve tur\u015fu yap\u0131m\u0131na uygundur. 50 adet tohum\/5 gr&#8217;l\u0131k paketler i\u00e7erisinde vard\u0131r.<\/p>\n","protected":false},"excerpt":{"rendered":"<p>A\u00e7\u0131k tarla ve sera yeti\u015ftiricili\u011fine uygundur. Ac\u0131 meyveleri k\u00fc\u00e7\u00fck, konik \u015fekillidir. Sar\u0131 renkli olup meyveler yukar\u0131 bakmaktad\u0131r. Taze t\u00fcketim ve tur\u015fu yap\u0131m\u0131na uygundur. 50 adet tohum\/5 gr&#8217;l\u0131k paketler i\u00e7erisinde vard\u0131r.<\/p>\n","protected":false},"featured_media":24521,"comment_status":"open","ping_status":"closed","template":"","meta":[],"product_cat":[90],"product_tag":[],"class_list":{"0":"post-24494","1":"product","2":"type-product","3":"status-publish","4":"has-post-thumbnail","6":"product_cat-sebze","7":"product_brand-arzuman","9":"first","10":"instock","11":"shipping-taxable","12":"purchasable","13":"product-type-simple"},"_links":{"self":[{"href":"https:\/\/hisaronuziraat.com\/index.php\/wp-json\/wp\/v2\/product\/24494","targetHints":{"allow":["GET"]}}],"collection":[{"href":"https:\/\/hisaronuziraat.com\/index.php\/wp-json\/wp\/v2\/product"}],"about":[{"href":"https:\/\/hisaronuziraat.com\/index.php\/wp-json\/wp\/v2\/types\/product"}],"replies":[{"embeddable":true,"href":"https:\/\/hisaronuziraat.com\/index.php\/wp-json\/wp\/v2\/comments?post=24494"}],"wp:featuredmedia":[{"embeddable":true,"href":"https:\/\/hisaronuziraat.com\/index.php\/wp-json\/wp\/v2\/media\/24521"}],"wp:attachment":[{"href":"https:\/\/hisaronuziraat.com\/index.php\/wp-json\/wp\/v2\/media?parent=24494"}],"wp:term":[{"taxonomy":"product_cat","embeddable":true,"href":"https:\/\/hisaronuziraat.com\/index.php\/wp-json\/wp\/v2\/product_cat?post=24494"},{"taxonomy":"product_tag","embeddable":true,"href":"https:\/\/hisaronuziraat.com\/index.php\/wp-json\/wp\/v2\/product_tag?post=24494"}],"curies":[{"name":"wp","href":"https:\/\/api.w.org\/{rel}","templated":true}]}}