{"id":24486,"date":"2022-12-04T22:06:08","date_gmt":"2022-12-04T19:06:08","guid":{"rendered":"https:\/\/hisaronuziraat.com\/site\/?post_type=product&#038;p=24486"},"modified":"2025-11-03T22:42:16","modified_gmt":"2025-11-03T19:42:16","slug":"biber-misya-biberiye-yuvarlak-10-gr","status":"publish","type":"product","link":"https:\/\/hisaronuziraat.com\/index.php\/urun\/biber-misya-biberiye-yuvarlak-10-gr\/","title":{"rendered":"Biber Misya (Biberiye Yuvarlak) 10 gr"},"content":{"rendered":"<p>Misya (Biberiye) A\u00e7\u0131k tarla yeti\u015ftiricili\u011fine uygun bir \u00e7e\u015fitdir. Bitkiler 40-50 cm boyundad\u0131r. Meyveler 1-2 cm \u00e7ap\u0131nda, sar\u0131 renkli, ac\u0131 ve yuvarlak yap\u0131l\u0131d\u0131r. Genellikle tur\u015fuluk olarak kullan\u0131l\u0131r. Dekara verimi 0.8-1 tondur.<\/p>\n","protected":false},"excerpt":{"rendered":"<p>Misya (Biberiye) A\u00e7\u0131k tarla yeti\u015ftiricili\u011fine uygun bir \u00e7e\u015fitdir. Bitkiler 40-50 cm boyundad\u0131r. Meyveler 1-2 cm \u00e7ap\u0131nda, sar\u0131 renkli, ac\u0131 ve yuvarlak yap\u0131l\u0131d\u0131r. Genellikle tur\u015fuluk olarak kullan\u0131l\u0131r. Dekara verimi 0.8-1 tondur.<\/p>\n","protected":false},"featured_media":24513,"comment_status":"open","ping_status":"closed","template":"","meta":[],"product_cat":[90],"product_tag":[],"class_list":{"0":"post-24486","1":"product","2":"type-product","3":"status-publish","4":"has-post-thumbnail","6":"product_cat-sebze","7":"product_brand-kucuk-ciftlik","9":"first","10":"instock","11":"taxable","12":"shipping-taxable","13":"purchasable","14":"product-type-simple"},"_links":{"self":[{"href":"https:\/\/hisaronuziraat.com\/index.php\/wp-json\/wp\/v2\/product\/24486","targetHints":{"allow":["GET"]}}],"collection":[{"href":"https:\/\/hisaronuziraat.com\/index.php\/wp-json\/wp\/v2\/product"}],"about":[{"href":"https:\/\/hisaronuziraat.com\/index.php\/wp-json\/wp\/v2\/types\/product"}],"replies":[{"embeddable":true,"href":"https:\/\/hisaronuziraat.com\/index.php\/wp-json\/wp\/v2\/comments?post=24486"}],"wp:featuredmedia":[{"embeddable":true,"href":"https:\/\/hisaronuziraat.com\/index.php\/wp-json\/wp\/v2\/media\/24513"}],"wp:attachment":[{"href":"https:\/\/hisaronuziraat.com\/index.php\/wp-json\/wp\/v2\/media?parent=24486"}],"wp:term":[{"taxonomy":"product_cat","embeddable":true,"href":"https:\/\/hisaronuziraat.com\/index.php\/wp-json\/wp\/v2\/product_cat?post=24486"},{"taxonomy":"product_tag","embeddable":true,"href":"https:\/\/hisaronuziraat.com\/index.php\/wp-json\/wp\/v2\/product_tag?post=24486"}],"curies":[{"name":"wp","href":"https:\/\/api.w.org\/{rel}","templated":true}]}}