{"id":24484,"date":"2022-12-04T22:06:07","date_gmt":"2022-12-04T19:06:07","guid":{"rendered":"https:\/\/hisaronuziraat.com\/site\/?post_type=product&amp;p=24484"},"modified":"2022-12-04T22:06:07","modified_gmt":"2022-12-04T19:06:07","slug":"biber-kil-tatli-sivri-ince","status":"publish","type":"product","link":"https:\/\/hisaronuziraat.com\/index.php\/urun\/biber-kil-tatli-sivri-ince\/","title":{"rendered":"Biber SEYREK ( K\u0131l Tatl\u0131) 10gr"},"content":{"rendered":"<ul>\n<li>A\u00e7\u0131k tarla yeti\u015ftiricili\u011fine uygun, ye\u015fil, tatl\u0131, sivri bir biber \u00e7e\u015fididir<\/li>\n<\/ul>\n<ul>\n<li>Bitki boyu 50-60 cm boyundad\u0131r<\/li>\n<\/ul>\n<ul>\n<li>Meyveler 17-20 cm uzunlu\u011fundad\u0131r<\/li>\n<\/ul>\n<ul>\n<li>55-60 g\u00fcnde hasada gelir<\/li>\n<\/ul>\n<ul>\n<li>Dekara verimi 3,5-4 ton civar\u0131ndad\u0131r<\/li>\n<\/ul>\n","protected":false},"excerpt":{"rendered":"<p>A\u00e7\u0131k tarla yeti\u015ftiricili\u011fine uygun, ye\u015fil, tatl\u0131, sivri bir biber \u00e7e\u015fididir Bitki boyu 50-60 cm boyundad\u0131r Meyveler 17-20 cm uzunlu\u011fundad\u0131r 55-60 g\u00fcnde hasada gelir Dekara verimi 3,5-4 ton civar\u0131ndad\u0131r<\/p>\n","protected":false},"featured_media":24737,"comment_status":"open","ping_status":"closed","template":"","meta":[],"product_cat":[90],"product_tag":[],"class_list":{"0":"post-24484","1":"product","2":"type-product","3":"status-publish","4":"has-post-thumbnail","6":"product_cat-sebze","7":"product_brand-kucuk-ciftlik","9":"first","10":"instock","11":"shipping-taxable","12":"purchasable","13":"product-type-simple"},"_links":{"self":[{"href":"https:\/\/hisaronuziraat.com\/index.php\/wp-json\/wp\/v2\/product\/24484","targetHints":{"allow":["GET"]}}],"collection":[{"href":"https:\/\/hisaronuziraat.com\/index.php\/wp-json\/wp\/v2\/product"}],"about":[{"href":"https:\/\/hisaronuziraat.com\/index.php\/wp-json\/wp\/v2\/types\/product"}],"replies":[{"embeddable":true,"href":"https:\/\/hisaronuziraat.com\/index.php\/wp-json\/wp\/v2\/comments?post=24484"}],"wp:featuredmedia":[{"embeddable":true,"href":"https:\/\/hisaronuziraat.com\/index.php\/wp-json\/wp\/v2\/media\/24737"}],"wp:attachment":[{"href":"https:\/\/hisaronuziraat.com\/index.php\/wp-json\/wp\/v2\/media?parent=24484"}],"wp:term":[{"taxonomy":"product_cat","embeddable":true,"href":"https:\/\/hisaronuziraat.com\/index.php\/wp-json\/wp\/v2\/product_cat?post=24484"},{"taxonomy":"product_tag","embeddable":true,"href":"https:\/\/hisaronuziraat.com\/index.php\/wp-json\/wp\/v2\/product_tag?post=24484"}],"curies":[{"name":"wp","href":"https:\/\/api.w.org\/{rel}","templated":true}]}}