{"id":24481,"date":"2022-12-04T22:06:07","date_gmt":"2022-12-04T19:06:07","guid":{"rendered":"https:\/\/hisaronuziraat.com\/site\/?post_type=product&amp;p=24481"},"modified":"2022-12-04T22:06:07","modified_gmt":"2022-12-04T19:06:07","slug":"biber-ilica-256-500-gr","status":"publish","type":"product","link":"https:\/\/hisaronuziraat.com\/index.php\/urun\/biber-ilica-256-500-gr\/","title":{"rendered":"Biber  Ac\u0131 Il\u0131ca-256 &#8211; 500 gr"},"content":{"rendered":"<p>Teneke 500 gr<\/p>\n<p>A\u00e7\u0131k tarla yeti\u015ftiricili\u011fine uygun erkenci ve sofral\u0131k ac\u0131 \u0131l\u0131ca 256 biber tohumu \u00e7e\u015fididir.<br \/>\nTur\u015fuluk sanayinde ve ac\u0131l\u0131 sal\u00e7a yap\u0131m\u0131nda katk\u0131 maddesi olarak kullan\u0131labilir.<br \/>\nBitki boyu 50-60cm\u2019dir, bitki yap\u0131s\u0131 s\u0131k\u0131 g\u00f6r\u00fcn\u00fcml\u00fcd\u00fcr ve alttan dallan\u0131r.<br \/>\nMeyveler uzun sivri, konik ve ye\u015fil renklidir.<br \/>\nOrtalama meyve uzunlu\u011fu 18-20cm, \u00e7ap\u0131 1,3cm\u2019dir.<br \/>\nUygun \u015fartlar alt\u0131nda 60-65 g\u00fcnde hasat edilir.<br \/>\nOrtalama dekara verimi 3-3,5 tondur.<\/p>\n","protected":false},"excerpt":{"rendered":"<p>Teneke 500 gr A\u00e7\u0131k tarla yeti\u015ftiricili\u011fine uygun erkenci ve sofral\u0131k ac\u0131 \u0131l\u0131ca 256 biber tohumu \u00e7e\u015fididir. Tur\u015fuluk sanayinde ve ac\u0131l\u0131 sal\u00e7a yap\u0131m\u0131nda katk\u0131 maddesi olarak kullan\u0131labilir. Bitki boyu 50-60cm\u2019dir, bitki yap\u0131s\u0131 s\u0131k\u0131 g\u00f6r\u00fcn\u00fcml\u00fcd\u00fcr ve alttan dallan\u0131r. Meyveler uzun sivri, konik ve ye\u015fil renklidir. Ortalama meyve uzunlu\u011fu 18-20cm, \u00e7ap\u0131 1,3cm\u2019dir. Uygun \u015fartlar alt\u0131nda 60-65 g\u00fcnde hasat [&hellip;]<\/p>\n","protected":false},"featured_media":24509,"comment_status":"open","ping_status":"closed","template":"","meta":[],"product_cat":[90],"product_tag":[],"class_list":{"0":"post-24481","1":"product","2":"type-product","3":"status-publish","4":"has-post-thumbnail","6":"product_cat-sebze","8":"first","9":"instock","10":"taxable","11":"shipping-taxable","12":"purchasable","13":"product-type-simple"},"_links":{"self":[{"href":"https:\/\/hisaronuziraat.com\/index.php\/wp-json\/wp\/v2\/product\/24481","targetHints":{"allow":["GET"]}}],"collection":[{"href":"https:\/\/hisaronuziraat.com\/index.php\/wp-json\/wp\/v2\/product"}],"about":[{"href":"https:\/\/hisaronuziraat.com\/index.php\/wp-json\/wp\/v2\/types\/product"}],"replies":[{"embeddable":true,"href":"https:\/\/hisaronuziraat.com\/index.php\/wp-json\/wp\/v2\/comments?post=24481"}],"wp:featuredmedia":[{"embeddable":true,"href":"https:\/\/hisaronuziraat.com\/index.php\/wp-json\/wp\/v2\/media\/24509"}],"wp:attachment":[{"href":"https:\/\/hisaronuziraat.com\/index.php\/wp-json\/wp\/v2\/media?parent=24481"}],"wp:term":[{"taxonomy":"product_cat","embeddable":true,"href":"https:\/\/hisaronuziraat.com\/index.php\/wp-json\/wp\/v2\/product_cat?post=24481"},{"taxonomy":"product_tag","embeddable":true,"href":"https:\/\/hisaronuziraat.com\/index.php\/wp-json\/wp\/v2\/product_tag?post=24481"}],"curies":[{"name":"wp","href":"https:\/\/api.w.org\/{rel}","templated":true}]}}